{"id":2901,"date":"2023-06-14T08:23:06","date_gmt":"2023-06-14T06:23:06","guid":{"rendered":"https:\/\/mbolasers.com\/blog\/"},"modified":"2024-02-01T12:56:04","modified_gmt":"2024-02-01T11:56:04","slug":"blog","status":"publish","type":"page","link":"https:\/\/strange-williamson.213-165-80-63.plesk.page\/de\/blog\/","title":{"rendered":"Blog"},"content":{"rendered":"\t\t<div data-elementor-type=\"wp-page\" data-elementor-id=\"2901\" class=\"elementor elementor-2901 elementor-323\">\n\t\t\t\t\t\t<section class=\"elementor-section elementor-top-section elementor-element elementor-element-06cefea elementor-section-stretched elementor-section-boxed elementor-section-height-default elementor-section-height-default\" data-id=\"06cefea\" data-element_type=\"section\" data-e-type=\"section\" id=\"aquisi\" data-settings=\"{&quot;stretch_section&quot;:&quot;section-stretched&quot;,&quot;shape_divider_top&quot;:&quot;mountains&quot;,&quot;shape_divider_bottom&quot;:&quot;mountains&quot;}\">\n\t\t\t\t\t\t\t<div class=\"elementor-background-overlay\"><\/div>\n\t\t\t\t\t\t<div class=\"elementor-shape elementor-shape-top\" aria-hidden=\"true\" data-negative=\"false\">\n\t\t\t<svg xmlns=\"http:\/\/www.w3.org\/2000\/svg\" viewBox=\"0 0 1000 100\" preserveAspectRatio=\"none\">\n\t<path class=\"elementor-shape-fill\" opacity=\"0.33\" d=\"M473,67.3c-203.9,88.3-263.1-34-320.3,0C66,119.1,0,59.7,0,59.7V0h1000v59.7 c0,0-62.1,26.1-94.9,29.3c-32.8,3.3-62.8-12.3-75.8-22.1C806,49.6,745.3,8.7,694.9,4.7S492.4,59,473,67.3z\"\/>\n\t<path class=\"elementor-shape-fill\" opacity=\"0.66\" d=\"M734,67.3c-45.5,0-77.2-23.2-129.1-39.1c-28.6-8.7-150.3-10.1-254,39.1 s-91.7-34.4-149.2,0C115.7,118.3,0,39.8,0,39.8V0h1000v36.5c0,0-28.2-18.5-92.1-18.5C810.2,18.1,775.7,67.3,734,67.3z\"\/>\n\t<path class=\"elementor-shape-fill\" d=\"M766.1,28.9c-200-57.5-266,65.5-395.1,19.5C242,1.8,242,5.4,184.8,20.6C128,35.8,132.3,44.9,89.9,52.5C28.6,63.7,0,0,0,0 h1000c0,0-9.9,40.9-83.6,48.1S829.6,47,766.1,28.9z\"\/>\n<\/svg>\t\t<\/div>\n\t\t\t\t<div class=\"elementor-shape elementor-shape-bottom\" aria-hidden=\"true\" data-negative=\"false\">\n\t\t\t<svg xmlns=\"http:\/\/www.w3.org\/2000\/svg\" viewBox=\"0 0 1000 100\" preserveAspectRatio=\"none\">\n\t<path class=\"elementor-shape-fill\" opacity=\"0.33\" d=\"M473,67.3c-203.9,88.3-263.1-34-320.3,0C66,119.1,0,59.7,0,59.7V0h1000v59.7 c0,0-62.1,26.1-94.9,29.3c-32.8,3.3-62.8-12.3-75.8-22.1C806,49.6,745.3,8.7,694.9,4.7S492.4,59,473,67.3z\"\/>\n\t<path class=\"elementor-shape-fill\" opacity=\"0.66\" d=\"M734,67.3c-45.5,0-77.2-23.2-129.1-39.1c-28.6-8.7-150.3-10.1-254,39.1 s-91.7-34.4-149.2,0C115.7,118.3,0,39.8,0,39.8V0h1000v36.5c0,0-28.2-18.5-92.1-18.5C810.2,18.1,775.7,67.3,734,67.3z\"\/>\n\t<path class=\"elementor-shape-fill\" d=\"M766.1,28.9c-200-57.5-266,65.5-395.1,19.5C242,1.8,242,5.4,184.8,20.6C128,35.8,132.3,44.9,89.9,52.5C28.6,63.7,0,0,0,0 h1000c0,0-9.9,40.9-83.6,48.1S829.6,47,766.1,28.9z\"\/>\n<\/svg>\t\t<\/div>\n\t\t\t\t\t<div class=\"elementor-container elementor-column-gap-default\">\n\t\t\t\t\t<div class=\"elementor-column elementor-col-100 elementor-top-column elementor-element elementor-element-3298ffe\" data-id=\"3298ffe\" data-element_type=\"column\" data-e-type=\"column\">\n\t\t\t<div class=\"elementor-widget-wrap elementor-element-populated\">\n\t\t\t\t\t\t<div class=\"elementor-element elementor-element-f6616ed elementor-widget elementor-widget-heading\" data-id=\"f6616ed\" data-element_type=\"widget\" data-e-type=\"widget\" data-widget_type=\"heading.default\">\n\t\t\t\t<div class=\"elementor-widget-container\">\n\t\t\t\t\t<h1 class=\"elementor-heading-title elementor-size-default\">Blog<\/h1>\t\t\t\t<\/div>\n\t\t\t\t<\/div>\n\t\t\t\t<div class=\"elementor-element elementor-element-b4de5d5 elementor-widget elementor-widget-heading\" data-id=\"b4de5d5\" data-element_type=\"widget\" data-e-type=\"widget\" data-widget_type=\"heading.default\">\n\t\t\t\t<div class=\"elementor-widget-container\">\n\t\t\t\t\t<h2 class=\"elementor-heading-title elementor-size-default\">\u201cDie Geheimnisse der Lasertechnologie enth\u00fcllt: Innovationen, Techniken und Anwendungen in Gravur und Schneiden<\/h2>\t\t\t\t<\/div>\n\t\t\t\t<\/div>\n\t\t\t\t\t<\/div>\n\t\t<\/div>\n\t\t\t\t\t<\/div>\n\t\t<\/section>\n\t\t\t\t<section class=\"elementor-section elementor-top-section elementor-element elementor-element-87c4701 elementor-section-boxed elementor-section-height-default elementor-section-height-default\" data-id=\"87c4701\" data-element_type=\"section\" data-e-type=\"section\">\n\t\t\t\t\t\t<div class=\"elementor-container elementor-column-gap-default\">\n\t\t\t\t\t<div class=\"elementor-column elementor-col-100 elementor-top-column elementor-element elementor-element-891b3d2\" data-id=\"891b3d2\" data-element_type=\"column\" data-e-type=\"column\">\n\t\t\t<div class=\"elementor-widget-wrap elementor-element-populated\">\n\t\t\t\t\t\t<div class=\"elementor-element elementor-element-f93fa1e meta-visibility-show title_position_default title_hover_border_default title-default img_hover_animation_default meta_position_default tpg-category-position-default grid-hover-overlay-type-always tpg-el-box-border-enable tpg-border-bottom-disable elementor-widget elementor-widget-tpg-grid-layout\" data-id=\"f93fa1e\" data-element_type=\"widget\" data-e-type=\"widget\" data-widget_type=\"tpg-grid-layout.default\">\n\t\t\t\t<div class=\"elementor-widget-container\">\n\t\t\t\t\t\t\t<div class=\"rt-container-fluid rt-tpg-container tpg-el-main-wrapper clearfix grid-layout1-main \"\n\t\t\t id=\"rt-tpg-container-3249303281\"\n\t\t\t data-layout=\"grid-layout1\"\n\t\t\t data-grid-style=\"tpg-full-height\"\n\t\t\t data-sc-id=\"elementor\"\n\t\t\t data-el-settings=''\n\t\t\t data-el-query=''\n\t\t\t data-el-path=''\n\t\t>\n\t\t\t\t\t\t\t<div id=\"bottom-script-loader\" class=\"bottom-script-loader\">\n\t\t\t\t\t<div class=\"rt-ball-clip-rotate\">\n\t\t\t\t\t\t<div><\/div>\n\t\t\t\t\t<\/div>\n\t\t\t\t<\/div>\n\t\t\t\t\t\t\t<div class='tpg-header-wrapper '>\n\t\t\t\t\t\t\t<\/div>\n\n\t\t\t<div data-title=\"Loading ...\" class=\"rt-row rt-content-loader grid-layout1 grid-behaviour tpg-full-height grid_layout_wrapper\">\n\t\t\t\t<div class=\"rt-col-md-4 rt-col-sm-6 rt-col-xs-12 default rt-grid-item post-2903 post type-post status-publish format-standard has-post-thumbnail hentry category-anwendungen-und-erfolgsgeschichten\"        data-id=\"2903\">\n    <div class=\"rt-holder tpg-post-holder \">\n        <div class=\"rt-detail rt-el-content-wrapper\">\n\t\t\t                <div class=\"rt-img-holder tpg-el-image-wrap has-thumbnail\">\n\t\t\t\t\t<a data-id=\"2903\" href=\"https:\/\/strange-williamson.213-165-80-63.plesk.page\/de\/anwendungen-und-erfolgsgeschichten-fortschrittlicher-fertigungstechnologien-co2-laserschneiden-und-gravieren-markieren-mit-faserlasern-cnc-fraesen-und-metallschneiden-mit-faserlasern\/\" class=\"tpg-post-link\" target=\"_self\">                        <img fetchpriority=\"high\" decoding=\"async\" src=\"https:\/\/strange-williamson.213-165-80-63.plesk.page\/wp-content\/uploads\/2023\/06\/laser-cut-co2-768x511.jpeg\"\n                             class=\"rt-img-responsive\"\n                             width=\"768\"\n                             height=\"511\"\n                             alt=\"Anwendungen und Erfolgsgeschichten fortschrittlicher Fertigungstechnologien: CO2-Laserschneiden und -gravieren, Markieren mit Faserlasern, CNC-Fr\u00e4sen und Metallschneiden mit Faserlasern\">\n\t\t\t\t\t\t\n\t\t\t\t\t\t\t\n\t\t<\/a>\n\t\t        <div class=\"overlay grid-hover-content\"><\/div>\n\t\t                <\/div>\n\t\t\t\n\t\t\t<div class=\"entry-title-wrapper\"><h2 class=\"entry-title\"><a data-id=\"2903\" href=\"https:\/\/strange-williamson.213-165-80-63.plesk.page\/de\/anwendungen-und-erfolgsgeschichten-fortschrittlicher-fertigungstechnologien-co2-laserschneiden-und-gravieren-markieren-mit-faserlasern-cnc-fraesen-und-metallschneiden-mit-faserlasern\/\" class=\"tpg-post-link\" target=\"_self\">Anwendungen und Erfolgsgeschichten fortschrittlicher Fertigungstechnologien: CO2-Laserschneiden und -gravieren, Markieren mit Faserlasern, CNC-Fr\u00e4sen und Metallschneiden mit Faserlasern<\/a><\/h2><\/div>\n\t\t\t                <div class=\"post-meta-tags rt-el-post-meta\">\n\t\t\t\t\t            <span class='categories-links'>\n\t\t\t\t<i class='fas fa-folder-open '><\/i><a class=\"anwendungen-und-erfolgsgeschichten\" href=\"https:\/\/strange-williamson.213-165-80-63.plesk.page\/de\/kategorie\/anwendungen-und-erfolgsgeschichten\/\">Anwendungen und Erfolgsgeschichten<\/a>\t\t\t<\/span>\n\t\t\t                <\/div>\n\t\t\t\n\n\t\t\t                <div class=\"tpg-excerpt tpg-el-excerpt\">\n\t\t\t\t\t                        <div class=\"tpg-excerpt-inner\">\n\t\t\t\t\t\t\tIn der Welt der Fertigung ver\u00e4ndern fortschrittliche Technologien wie CO2-Laserschneiden und -gravieren, Faserlasermarkierung, CNC-Fr\u00e4sen und Faserlaser-Metallschneiden die Art und Weise, wie Produkte...                        <\/div>\n\t\t\t\t\t\t\t\t\t\t                <\/div>\n\t\t\t\n\t\t\t        <\/div>\n    <\/div>\n<\/div>\n<div class=\"rt-col-md-4 rt-col-sm-6 rt-col-xs-12 default rt-grid-item post-2905 post type-post status-publish format-standard has-post-thumbnail hentry category-technologie-de\"        data-id=\"2905\">\n    <div class=\"rt-holder tpg-post-holder \">\n        <div class=\"rt-detail rt-el-content-wrapper\">\n\t\t\t                <div class=\"rt-img-holder tpg-el-image-wrap has-thumbnail\">\n\t\t\t\t\t<a data-id=\"2905\" href=\"https:\/\/strange-williamson.213-165-80-63.plesk.page\/de\/praezision-beherrschen-cnc-fraesmaschinen-fuer-modernste-fertigung\/\" class=\"tpg-post-link\" target=\"_self\">                        <img decoding=\"async\" src=\"https:\/\/strange-williamson.213-165-80-63.plesk.page\/wp-content\/uploads\/2023\/12\/mbo-cnc-768x512.jpeg\"\n                             class=\"rt-img-responsive\"\n                             width=\"768\"\n                             height=\"512\"\n                             alt=\"Pr\u00e4zision beherrschen: CNC-Fr\u00e4smaschinen f\u00fcr modernste Fertigung\">\n\t\t\t\t\t\t\n\t\t\t\t\t\t\t\n\t\t<\/a>\n\t\t        <div class=\"overlay grid-hover-content\"><\/div>\n\t\t                <\/div>\n\t\t\t\n\t\t\t<div class=\"entry-title-wrapper\"><h2 class=\"entry-title\"><a data-id=\"2905\" href=\"https:\/\/strange-williamson.213-165-80-63.plesk.page\/de\/praezision-beherrschen-cnc-fraesmaschinen-fuer-modernste-fertigung\/\" class=\"tpg-post-link\" target=\"_self\">Pr\u00e4zision beherrschen: CNC-Fr\u00e4smaschinen f\u00fcr modernste Fertigung<\/a><\/h2><\/div>\n\t\t\t                <div class=\"post-meta-tags rt-el-post-meta\">\n\t\t\t\t\t            <span class='categories-links'>\n\t\t\t\t<i class='fas fa-folder-open '><\/i><a class=\"technologie-de\" href=\"https:\/\/strange-williamson.213-165-80-63.plesk.page\/de\/kategorie\/technologie-de\/\">Technologie<\/a>\t\t\t<\/span>\n\t\t\t                <\/div>\n\t\t\t\n\n\t\t\t                <div class=\"tpg-excerpt tpg-el-excerpt\">\n\t\t\t\t\t                        <div class=\"tpg-excerpt-inner\">\n\t\t\t\t\t\t\tIn der Welt der Fertigung und Bearbeitung haben CNC-Fr\u00e4smaschinen die Art und Weise revolutioniert, wie Teile und Komponenten mit beispielloser Pr\u00e4zision und Effizienz hergestellt werden...                        <\/div>\n\t\t\t\t\t\t\t\t\t\t                <\/div>\n\t\t\t\n\t\t\t        <\/div>\n    <\/div>\n<\/div>\n<div class=\"rt-col-md-4 rt-col-sm-6 rt-col-xs-12 default rt-grid-item post-2907 post type-post status-publish format-standard has-post-thumbnail hentry category-technologie-de\"        data-id=\"2907\">\n    <div class=\"rt-holder tpg-post-holder \">\n        <div class=\"rt-detail rt-el-content-wrapper\">\n\t\t\t                <div class=\"rt-img-holder tpg-el-image-wrap has-thumbnail\">\n\t\t\t\t\t<a data-id=\"2907\" href=\"https:\/\/strange-williamson.213-165-80-63.plesk.page\/de\/metallschneiden-mit-faserlaser-eine-revolution-in-der-zerspanungsindustrie\/\" class=\"tpg-post-link\" target=\"_self\">                        <img decoding=\"async\" src=\"https:\/\/strange-williamson.213-165-80-63.plesk.page\/wp-content\/uploads\/2023\/06\/metal-laser-cut-1d-768x505.jpg\"\n                             class=\"rt-img-responsive\"\n                             width=\"768\"\n                             height=\"505\"\n                             alt=\"Metallschneiden mit Faserlaser: Eine Revolution in der Zerspanungsindustrie\">\n\t\t\t\t\t\t\n\t\t\t\t\t\t\t\n\t\t<\/a>\n\t\t        <div class=\"overlay grid-hover-content\"><\/div>\n\t\t                <\/div>\n\t\t\t\n\t\t\t<div class=\"entry-title-wrapper\"><h2 class=\"entry-title\"><a data-id=\"2907\" href=\"https:\/\/strange-williamson.213-165-80-63.plesk.page\/de\/metallschneiden-mit-faserlaser-eine-revolution-in-der-zerspanungsindustrie\/\" class=\"tpg-post-link\" target=\"_self\">Metallschneiden mit Faserlaser: Eine Revolution in der Zerspanungsindustrie<\/a><\/h2><\/div>\n\t\t\t                <div class=\"post-meta-tags rt-el-post-meta\">\n\t\t\t\t\t            <span class='categories-links'>\n\t\t\t\t<i class='fas fa-folder-open '><\/i><a class=\"technologie-de\" href=\"https:\/\/strange-williamson.213-165-80-63.plesk.page\/de\/kategorie\/technologie-de\/\">Technologie<\/a>\t\t\t<\/span>\n\t\t\t                <\/div>\n\t\t\t\n\n\t\t\t                <div class=\"tpg-excerpt tpg-el-excerpt\">\n\t\t\t\t\t                        <div class=\"tpg-excerpt-inner\">\n\t\t\t\t\t\t\tDas Metallschneiden ist ein wesentlicher Prozess in der zerspanenden Industrie, der in einer Vielzahl von Anwendungen eingesetzt wird, vom Automobilbau bis zum Flugzeugbau...                        <\/div>\n\t\t\t\t\t\t\t\t\t\t                <\/div>\n\t\t\t\n\t\t\t        <\/div>\n    <\/div>\n<\/div>\n<div class=\"rt-col-md-4 rt-col-sm-6 rt-col-xs-12 default rt-grid-item post-2909 post type-post status-publish format-standard has-post-thumbnail hentry category-technologie-de\"        data-id=\"2909\">\n    <div class=\"rt-holder tpg-post-holder \">\n        <div class=\"rt-detail rt-el-content-wrapper\">\n\t\t\t                <div class=\"rt-img-holder tpg-el-image-wrap has-thumbnail\">\n\t\t\t\t\t<a data-id=\"2909\" href=\"https:\/\/strange-williamson.213-165-80-63.plesk.page\/de\/entdecken-sie-die-faszinierende-welt-des-co2-laserschneidens-und-gravierens\/\" class=\"tpg-post-link\" target=\"_self\">                        <img loading=\"lazy\" decoding=\"async\" src=\"https:\/\/strange-williamson.213-165-80-63.plesk.page\/wp-content\/uploads\/2023\/12\/co2-laser-cut-768x512.jpeg\"\n                             class=\"rt-img-responsive\"\n                             width=\"768\"\n                             height=\"512\"\n                             alt=\"Entdecken Sie die faszinierende Welt des CO2-Laserschneidens und -gravierens\">\n\t\t\t\t\t\t\n\t\t\t\t\t\t\t\n\t\t<\/a>\n\t\t        <div class=\"overlay grid-hover-content\"><\/div>\n\t\t                <\/div>\n\t\t\t\n\t\t\t<div class=\"entry-title-wrapper\"><h2 class=\"entry-title\"><a data-id=\"2909\" href=\"https:\/\/strange-williamson.213-165-80-63.plesk.page\/de\/entdecken-sie-die-faszinierende-welt-des-co2-laserschneidens-und-gravierens\/\" class=\"tpg-post-link\" target=\"_self\">Entdecken Sie die faszinierende Welt des CO2-Laserschneidens und -gravierens<\/a><\/h2><\/div>\n\t\t\t                <div class=\"post-meta-tags rt-el-post-meta\">\n\t\t\t\t\t            <span class='categories-links'>\n\t\t\t\t<i class='fas fa-folder-open '><\/i><a class=\"technologie-de\" href=\"https:\/\/strange-williamson.213-165-80-63.plesk.page\/de\/kategorie\/technologie-de\/\">Technologie<\/a>\t\t\t<\/span>\n\t\t\t                <\/div>\n\t\t\t\n\n\t\t\t                <div class=\"tpg-excerpt tpg-el-excerpt\">\n\t\t\t\t\t                        <div class=\"tpg-excerpt-inner\">\n\t\t\t\t\t\t\tDas CO2-Laserschneiden und -gravieren hat die Design- und Personalisierungsbranche revolutioniert...                        <\/div>\n\t\t\t\t\t\t\t\t\t\t                <\/div>\n\t\t\t\n\t\t\t        <\/div>\n    <\/div>\n<\/div>\n<div class=\"rt-col-md-4 rt-col-sm-6 rt-col-xs-12 default rt-grid-item post-2911 post type-post status-publish format-standard has-post-thumbnail hentry category-technologie-de\"        data-id=\"2911\">\n    <div class=\"rt-holder tpg-post-holder \">\n        <div class=\"rt-detail rt-el-content-wrapper\">\n\t\t\t                <div class=\"rt-img-holder tpg-el-image-wrap has-thumbnail\">\n\t\t\t\t\t<a data-id=\"2911\" href=\"https:\/\/strange-williamson.213-165-80-63.plesk.page\/de\/meistern-sie-die-kunst-der-faserlasermarkierung-praezision-und-vielseitigkeit-in-einem-einzigen-werkzeug\/\" class=\"tpg-post-link\" target=\"_self\">                        <img loading=\"lazy\" decoding=\"async\" src=\"https:\/\/strange-williamson.213-165-80-63.plesk.page\/wp-content\/uploads\/2023\/06\/mbo-fiber-laser-3-1-768x512.jpeg\"\n                             class=\"rt-img-responsive\"\n                             width=\"768\"\n                             height=\"512\"\n                             alt=\"Meistern Sie die Kunst der Faserlasermarkierung: Pr\u00e4zision und Vielseitigkeit in einem einzigen Werkzeug\">\n\t\t\t\t\t\t\n\t\t\t\t\t\t\t\n\t\t<\/a>\n\t\t        <div class=\"overlay grid-hover-content\"><\/div>\n\t\t                <\/div>\n\t\t\t\n\t\t\t<div class=\"entry-title-wrapper\"><h2 class=\"entry-title\"><a data-id=\"2911\" href=\"https:\/\/strange-williamson.213-165-80-63.plesk.page\/de\/meistern-sie-die-kunst-der-faserlasermarkierung-praezision-und-vielseitigkeit-in-einem-einzigen-werkzeug\/\" class=\"tpg-post-link\" target=\"_self\">Meistern Sie die Kunst der Faserlasermarkierung: Pr\u00e4zision und Vielseitigkeit in einem einzigen Werkzeug<\/a><\/h2><\/div>\n\t\t\t                <div class=\"post-meta-tags rt-el-post-meta\">\n\t\t\t\t\t            <span class='categories-links'>\n\t\t\t\t<i class='fas fa-folder-open '><\/i><a class=\"technologie-de\" href=\"https:\/\/strange-williamson.213-165-80-63.plesk.page\/de\/kategorie\/technologie-de\/\">Technologie<\/a>\t\t\t<\/span>\n\t\t\t                <\/div>\n\t\t\t\n\n\t\t\t                <div class=\"tpg-excerpt tpg-el-excerpt\">\n\t\t\t\t\t                        <div class=\"tpg-excerpt-inner\">\n\t\t\t\t\t\t\tIn der spannenden Welt der Industrie und Fertigung hat sich die Lasertechnologie als eines der vielseitigsten und effizientesten Werkzeuge erwiesen...                        <\/div>\n\t\t\t\t\t\t\t\t\t\t                <\/div>\n\t\t\t\n\t\t\t        <\/div>\n    <\/div>\n<\/div>\n\t\t\t<\/div>\n\t\t\t\n\t\t<\/div>\n\t\t\t\t\t\t<\/div>\n\t\t\t\t<\/div>\n\t\t\t\t\t<\/div>\n\t\t<\/div>\n\t\t\t\t\t<\/div>\n\t\t<\/section>\n\t\t\t\t<\/div>\n\t\t","protected":false},"excerpt":{"rendered":"<p>Blog \u201cDie Geheimnisse der Lasertechnologie enth\u00fcllt: Innovationen, Techniken und Anwendungen in Gravur und Schneiden Aplicaciones y casos de \u00e9xito de tecnolog\u00edas de fabricaci\u00f3n avanzadas: corte y grabado l\u00e1ser CO2, marcado con l\u00e1seres de fibra, fresado CNC y corte de metales con l\u00e1seres de fibra Aplicaciones y Casos de \u00e9xito En el mundo de la fabricaci\u00f3n, [&hellip;]<\/p>\n","protected":false},"author":1,"featured_media":0,"parent":0,"menu_order":0,"comment_status":"closed","ping_status":"closed","template":"page-templates\/pagebuilder.php","meta":{"inline_featured_image":false,"footnotes":""},"class_list":["post-2901","page","type-page","status-publish","hentry"],"rttpg_featured_image_url":null,"rttpg_author":{"display_name":"sl","author_link":"https:\/\/strange-williamson.213-165-80-63.plesk.page\/de\/author\/crealogica\/"},"rttpg_comment":0,"rttpg_category":"","rttpg_excerpt":"Blog \u201cDie Geheimnisse der Lasertechnologie enth\u00fcllt: Innovationen, Techniken und Anwendungen in Gravur und Schneiden Aplicaciones y casos de \u00e9xito de tecnolog\u00edas de fabricaci\u00f3n avanzadas: corte y grabado l\u00e1ser CO2, marcado con l\u00e1seres de fibra, fresado CNC y corte de metales con l\u00e1seres de fibra Aplicaciones y Casos de \u00e9xito En el mundo de la fabricaci\u00f3n,&hellip;","_links":{"self":[{"href":"https:\/\/strange-williamson.213-165-80-63.plesk.page\/de\/wp-json\/wp\/v2\/pages\/2901","targetHints":{"allow":["GET"]}}],"collection":[{"href":"https:\/\/strange-williamson.213-165-80-63.plesk.page\/de\/wp-json\/wp\/v2\/pages"}],"about":[{"href":"https:\/\/strange-williamson.213-165-80-63.plesk.page\/de\/wp-json\/wp\/v2\/types\/page"}],"author":[{"embeddable":true,"href":"https:\/\/strange-williamson.213-165-80-63.plesk.page\/de\/wp-json\/wp\/v2\/users\/1"}],"replies":[{"embeddable":true,"href":"https:\/\/strange-williamson.213-165-80-63.plesk.page\/de\/wp-json\/wp\/v2\/comments?post=2901"}],"version-history":[{"count":0,"href":"https:\/\/strange-williamson.213-165-80-63.plesk.page\/de\/wp-json\/wp\/v2\/pages\/2901\/revisions"}],"wp:attachment":[{"href":"https:\/\/strange-williamson.213-165-80-63.plesk.page\/de\/wp-json\/wp\/v2\/media?parent=2901"}],"curies":[{"name":"wp","href":"https:\/\/api.w.org\/{rel}","templated":true}]}}