{"id":3094,"date":"2023-06-15T16:59:27","date_gmt":"2023-06-15T14:59:27","guid":{"rendered":"https:\/\/mbolasers.com\/politica-de-privacidad\/"},"modified":"2024-03-05T10:30:45","modified_gmt":"2024-03-05T09:30:45","slug":"datenschutzrichtlinie","status":"publish","type":"page","link":"https:\/\/strange-williamson.213-165-80-63.plesk.page\/de\/datenschutzrichtlinie\/","title":{"rendered":"Datenschutzrichtlinie"},"content":{"rendered":"<p>Datenschutzerkl\u00e4rung Bomedia SL<\/p><p>Zur Einhaltung der Bestimmungen des Organgesetzes 15\/1999 vom 13. Dezember zum Schutz personenbezogener Daten werden Sie dar\u00fcber informiert, dass die von Ihnen bereitgestellten Daten, einschlie\u00dflich der IP-Adresse des Computers, von dem aus Sie zugreifen, gespeichert werden werden in einer Datei von Boprint.net (BOMEDIA SL) gespeichert und ausschlie\u00dflich f\u00fcr die Verwaltung von Bestellungen und die \u00dcberwachung der Zugriffsstatistiken auf unsere Website verwendet.<\/p><p>Durch das Absenden der oben genannten Informationen stimmen Sie der beschriebenen Behandlung zu. Ihre Daten werden vertraulich behandelt, wobei die in der geltenden Gesetzgebung vorgesehenen technischen oder organisatorischen Ma\u00dfnahmen angewendet werden, um einen unrechtm\u00e4\u00dfigen Zugriff, eine Manipulation oder L\u00f6schung zu verhindern, ohne dass sie auf jeden Fall an andere Stellen oder Dritte weitergegeben werden.<\/p><p>Sie k\u00f6nnen jedoch jederzeit Ihr Recht auf Zugang, L\u00f6schung oder Berichtigung in Bezug auf diese Daten aus\u00fcben, indem Sie diese an die Adresse info@bomedia.net anfordern<\/p><p><strong>COOKIES-RICHTLINIE<\/strong><\/p><p>Ein Cookie ist eine Datei, die auf Ihren Computer heruntergeladen wird, wenn Sie auf bestimmte Webseiten zugreifen. Cookies erm\u00f6glichen es einer Website unter anderem, Informationen \u00fcber die Surfgewohnheiten eines Benutzers oder seiner Ger\u00e4te zu speichern und abzurufen. Abh\u00e4ngig von den darin enthaltenen Informationen und der Art und Weise, wie Sie Ihre Ger\u00e4te verwenden, k\u00f6nnen sie dazu verwendet werden, den Benutzer wiederzuerkennen. Der Browser des Benutzers speichert Cookies nur w\u00e4hrend der aktuellen Sitzung auf der Festplatte, beansprucht nur minimalen Speicherplatz und schadet dem Computer nicht. Cookies enthalten keine spezifischen personenbezogenen Daten und werden zumeist nach Ende der Browsersitzung von der Festplatte gel\u00f6scht (sog. Sitzungscookies).<br>Die meisten Browser akzeptieren standardm\u00e4\u00dfig Cookies und erlauben oder verhindern unabh\u00e4ngig davon in den Sicherheitseinstellungen tempor\u00e4re oder gespeicherte Cookies. Ohne Ihre ausdr\u00fcckliche Einwilligung \u2013 durch die Aktivierung von Cookies in Ihrem Browser \u2013 verkn\u00fcpft Bomedia die in den Cookies gespeicherten Daten nicht mit Ihre pers\u00f6nlichen Daten, die Sie zum Zeitpunkt der Registrierung oder des Kaufs angegeben haben.<\/p><p><strong>Welche Arten von Cookies verwendet diese Website?<\/strong><\/p><p>\u2013 Technische Cookies: Hierbei handelt es sich um Cookies, die es dem Benutzer erm\u00f6glichen, durch eine Webseite, Plattform oder Anwendung zu navigieren und die verschiedenen dort vorhandenen Optionen oder Dienste zu nutzen, wie z. B. die Steuerung des Datenverkehrs und der Datenkommunikation, die Identifizierung der Sitzung oder die Zugriffsbeschr\u00e4nkung Auf Teile zugreifen, sich die Elemente merken, aus denen eine Bestellung besteht, den Kaufvorgang einer Bestellung durchf\u00fchren, den Antrag auf Registrierung oder Teilnahme an einer Veranstaltung stellen, Sicherheitselemente w\u00e4hrend der Navigation verwenden, Inhalte f\u00fcr die Verbreitung von Videos oder Ton speichern oder Inhalte teilen \u00fcber soziale Netzwerke.<br>\u2013 Personalisierungs-Cookies: Dabei handelt es sich um Cookies, die es dem Benutzer erm\u00f6glichen, auf den Dienst mit einigen vordefinierten allgemeinen Merkmalen zuzugreifen, die auf einer Reihe von Kriterien auf dem Endger\u00e4t des Benutzers basieren, wie z. B. der Sprache und der Art des Browsers, \u00fcber den der Benutzer auf den Dienst zugreift. das Gebietsschema, von dem aus Sie auf den Dienst zugreifen usw.<br>\u2013 Analyse-Cookies: Dabei handelt es sich um Cookies, die es uns, wenn sie von uns oder Dritten ordnungsgem\u00e4\u00df verarbeitet werden, erm\u00f6glichen, die Anzahl der Benutzer zu quantifizieren und so die Messung und statistische Analyse der Nutzung des angebotenen Dienstes durch die Benutzer durchzuf\u00fchren. Zu diesem Zweck wird Ihre Navigation auf unserer Website analysiert, um das Angebot der von uns angebotenen Produkte oder Dienstleistungen zu verbessern. \u2013 Werbe-Cookies: Hierbei handelt es sich um Cookies, die es uns erm\u00f6glichen, sie im Internet zu verwalten, unabh\u00e4ngig davon, ob sie von uns oder von Dritten verarbeitet werden auf die effizienteste Art und Weise. Das Angebot von Werbefl\u00e4chen auf der Website, die Anpassung des Inhalts der Anzeige an den Inhalt der angeforderten Dienstleistung oder die Nutzung unserer Website durch Sie. Zu diesem Zweck k\u00f6nnen wir Ihre Surfgewohnheiten im Internet analysieren und Ihnen Werbung im Zusammenhang mit Ihrem Browserprofil zeigen. \u2013 Verhaltensbezogene Werbe-Cookies: Hierbei handelt es sich um Cookies, die eine m\u00f6glichst effiziente Verwaltung der Werbefl\u00e4chen erm\u00f6glichen , sofern zutreffend, , die der Herausgeber auf einer Webseite, Anwendung oder Plattform eingebunden hat, von der aus der angeforderte Dienst bereitgestellt wird. Diese Cookies speichern Informationen \u00fcber das Benutzerverhalten, die durch kontinuierliche Beobachtung ihrer Surfgewohnheiten gewonnen werden, was die Entwicklung eines spezifischen Profils erm\u00f6glicht, um darauf basierende Werbung anzuzeigen. Cookies von Drittanbietern: Die Bomedia-Website kann Dienste von Drittanbietern nutzen. die im Auftrag von Bomedia sammelt Informationen zu statistischen Zwecken, zur Nutzung der Website durch den Benutzer und zur Bereitstellung anderer Dienste im Zusammenhang mit der Aktivit\u00e4t der Website und anderen Internetdiensten. Diese Website verwendet insbesondere Google Analytics, einen Webanalysedienst bereitgestellt von Google, Inc. mit Sitz in den Vereinigten Staaten und Hauptsitz in 1600 Amphitheatre Parkway, Mountain View, Kalifornien 94043. Um diese Dienste bereitzustellen, verwenden sie Cookies, die Informationen sammeln, einschlie\u00dflich der IP-Adresse des Benutzers, die \u00fcbermittelt werden, von Google gem\u00e4\u00df den auf der Website Google.com festgelegten Bedingungen verarbeitet und gespeichert. Dies gilt auch f\u00fcr die \u00dcbermittlung dieser Informationen an Dritte aus rechtlichen Gr\u00fcnden oder wenn diese Dritten die Daten im Auftrag von Google verarbeiten.<\/p><p><strong>Durch die Nutzung dieser Website akzeptiert der Nutzer ausdr\u00fccklich die Verarbeitung der gesammelten Informationen in der oben genannten Art und Weise und zu den oben genannten Zwecken. <\/strong>Sie erkennen au\u00dferdem an, dass Sie die M\u00f6glichkeit kennen, die Verarbeitung dieser Daten oder Informationen abzulehnen, indem Sie die Verwendung von Cookies ablehnen, indem Sie in Ihrem Browser die entsprechenden Einstellungen f\u00fcr diesen Zweck ausw\u00e4hlen. Allerdings erm\u00f6glicht Ihnen diese Cookie-Blockierungsoption in Ihrem Browser m\u00f6glicherweise nicht die vollst\u00e4ndige Nutzung aller Funktionen der Website.<\/p><p>Sie k\u00f6nnen auf Ihrem Computer installierte Cookies zulassen, blockieren oder l\u00f6schen, indem Sie die Optionen des auf Ihrem Computer installierten Browsers konfigurieren:<br>\u2022 Chrome\u2022 Explorer\u2022 Firefox\u2022 Safari<\/p><p>Wenn Sie Fragen zu dieser Cookie-Richtlinie haben, k\u00f6nnen Sie Bomedia unter info@bomedia.net kontaktieren<\/p><div style=\"height:100px\" aria-hidden=\"true\" class=\"wp-block-spacer\"><\/div>","protected":false},"excerpt":{"rendered":"<p>Datenschutzerkl\u00e4rung Bomedia SL Zur Einhaltung der Bestimmungen des Organgesetzes 15\/1999 vom 13. Dezember zum Schutz personenbezogener Daten werden Sie dar\u00fcber informiert, dass die von Ihnen bereitgestellten Daten, einschlie\u00dflich der IP-Adresse des Computers, von dem aus Sie zugreifen, gespeichert werden werden in einer Datei von Boprint.net (BOMEDIA SL) gespeichert und ausschlie\u00dflich f\u00fcr die Verwaltung von Bestellungen [&hellip;]<\/p>\n","protected":false},"author":1,"featured_media":0,"parent":0,"menu_order":0,"comment_status":"closed","ping_status":"closed","template":"","meta":{"inline_featured_image":false,"footnotes":""},"class_list":["post-3094","page","type-page","status-publish","hentry"],"rttpg_featured_image_url":null,"rttpg_author":{"display_name":"sl","author_link":"https:\/\/strange-williamson.213-165-80-63.plesk.page\/de\/author\/crealogica\/"},"rttpg_comment":0,"rttpg_category":" <a href=\"https:\/\/strange-williamson.213-165-80-63.plesk.page\/de\/?taxonomy=translation_priority&#038;term=optional\" rel=\"tag\">Optional<\/a>","rttpg_excerpt":"Datenschutzerkl\u00e4rung Bomedia SL Zur Einhaltung der Bestimmungen des Organgesetzes 15\/1999 vom 13. Dezember zum Schutz personenbezogener Daten werden Sie dar\u00fcber informiert, dass die von Ihnen bereitgestellten Daten, einschlie\u00dflich der IP-Adresse des Computers, von dem aus Sie zugreifen, gespeichert werden werden in einer Datei von Boprint.net (BOMEDIA SL) gespeichert und ausschlie\u00dflich f\u00fcr die Verwaltung von Bestellungen&hellip;","_links":{"self":[{"href":"https:\/\/strange-williamson.213-165-80-63.plesk.page\/de\/wp-json\/wp\/v2\/pages\/3094","targetHints":{"allow":["GET"]}}],"collection":[{"href":"https:\/\/strange-williamson.213-165-80-63.plesk.page\/de\/wp-json\/wp\/v2\/pages"}],"about":[{"href":"https:\/\/strange-williamson.213-165-80-63.plesk.page\/de\/wp-json\/wp\/v2\/types\/page"}],"author":[{"embeddable":true,"href":"https:\/\/strange-williamson.213-165-80-63.plesk.page\/de\/wp-json\/wp\/v2\/users\/1"}],"replies":[{"embeddable":true,"href":"https:\/\/strange-williamson.213-165-80-63.plesk.page\/de\/wp-json\/wp\/v2\/comments?post=3094"}],"version-history":[{"count":0,"href":"https:\/\/strange-williamson.213-165-80-63.plesk.page\/de\/wp-json\/wp\/v2\/pages\/3094\/revisions"}],"wp:attachment":[{"href":"https:\/\/strange-williamson.213-165-80-63.plesk.page\/de\/wp-json\/wp\/v2\/media?parent=3094"}],"curies":[{"name":"wp","href":"https:\/\/api.w.org\/{rel}","templated":true}]}}