{"id":2512,"date":"2023-06-08T09:30:31","date_gmt":"2023-06-08T07:30:31","guid":{"rendered":"https:\/\/mbolasers.com\/product\/fiber-laser-co2-de\/"},"modified":"2023-06-08T09:30:31","modified_gmt":"2023-06-08T07:30:31","slug":"fiber-laser-co2-de","status":"publish","type":"product","link":"https:\/\/strange-williamson.213-165-80-63.plesk.page\/de\/produkt\/fiber-laser-co2-de\/","title":{"rendered":"FASER CO2-Laser \u2013 MBO FASER CO2 FT"},"content":{"rendered":"<p>Beschreibung<\/p>\n<p>Der CO2-Laser ist ein leistungsstarkes Markierungssystem, das mit einer Infrarotwellenl\u00e4nge von 10,6 \u03bcm pr\u00e4zise Gravuren auf verschiedensten Materialien anfertigt. Mit Leistungsoptionen von 30 W, 40 W und 60 W bietet dieser Laser vielseitige Leistung f\u00fcr Anwendungen in Branchen wie Werbung, Beschilderung, Dekoration und mehr. Sein Design umfasst Servomotoren an allen Achsen und Spindelgetriebe, um eine h\u00f6here Markierungspr\u00e4zision zu erreichen. Dar\u00fcber hinaus verf\u00fcgt es \u00fcber ein Luftk\u00fchlungssystem, um einen effizienten Betrieb aufrechtzuerhalten. Der als offene und geschlossene Modell erh\u00e4ltliche CO2-Laser ist die ideale Wahl f\u00fcr hochwertige, professionelle Markierungen.<\/p>\n<p>&nbsp;<\/p>\n<p>Eigenschaften:<\/p>\n<ul>\n<li>Feldlinse: F-Theta 110 <em>110 mm (optional: 70 <\/em>70 mm, 110 <em>110 mm, 150 <\/em>150 mm, 175 <em>175 mm, 200 <\/em>200 mm, 300 x 300 mm)<\/li>\n<li>Galvokopf: SINO TECH RC1001\/MBO LASER MBO7210<\/li>\n<li>Software: Original EZCAD2.14.11<\/li>\n<li>Stromversorgung: Taiwan Meanwell\/HF<\/li>\n<li>Bruttoleistung: 600 W<\/li>\n<li>Spannung: Wechselstrom 110 V\/220 V, 50\/60 Hz<\/li>\n<li>Laserwellenl\u00e4nge: 10600 nm<\/li>\n<li>Wiederholgenauigkeit: \u00b10,003 mm<\/li>\n<li>Gravurgeschwindigkeit: \u22649000 mm\/s<\/li>\n<li>Mindestlinienbreite: 0,01 mm<\/li>\n<li>Zeichengr\u00f6\u00dfe: 0,5\u2013110 mm<\/li>\n<li>K\u00fchlsystem: Luftk\u00fchlung<\/li>\n<li>Kabell\u00e4nge: 3m (optional: 5m)<\/li>\n<li>Unterst\u00fctzte Dateiformate: PLT, AI, DXF, BMP, JPG usw.<\/li>\n<li>Nettogewicht der Maschine: 65 kg<\/li>\n<\/ul>\n<p>Produktoptionen:<\/p>\n<ol>\n<li>MBOCO30BA: 30 W (Modell: DAVI\/MBO LASER angepasst).<\/li>\n<li>MBOCO40BA: 40 W (Modell: DAVI\/MBO LASER angepasst).<\/li>\n<li>MBOCO60BA: 60 W (Modell: MBO LASER angepasst).<\/li>\n<\/ol>\n<p>Anwendungen:<\/p>\n<ul>\n<li>Werbe- und Beschilderungsindustrie, Beleuchtung, Aussteller, Messest\u00e4nde, Dekoration, Innenarchitektur, Kunsthandwerk, Geschenkartikel usw.<\/li>\n<li>Weit verbreitet in der Leder-, Lebensmittel-, Getr\u00e4nke-, Stoff-, Elektronik-, Messger\u00e4te-, Kommunikationsinstrumenten-, Verpackungs- und anderen Industriezweigen. Es kann mit einer Produktionslinie zur Online-Markierung kombiniert werden.<\/li>\n<\/ul>\n<p>Anwendbare Materialien:<\/p>\n<ul>\n<li>Die meisten Kunststoffe, Holz, Papier, Glas, Pappe, Batterien, Leder, Kleidung, Gummi, Keramik und andere nichtmetallische Materialien usw.<\/li>\n<\/ul>\n","protected":false},"excerpt":{"rendered":"<p>Der FIBER CO2-Laser eignet sich perfekt f\u00fcr pr\u00e4zise Markierungen auf einer Vielzahl von Materialien. Mit Leistungen von 30 W, 40 W und 60 W ist es vielseitig einsetzbar und wird in Werbung, Beschilderung, Dekoration und mehr eingesetzt. Geeignet f\u00fcr Kunststoff, Holz, Papier, Glas und Keramik. Effiziente und hochwertige Markierung garantiert!<\/p>\n<p>&nbsp;<\/p>\n<p>Besondere Funktionen:<\/p>\n<ul>\n<li>Servomotoren an allen Achsen f\u00fcr mehr Leistung.<\/li>\n<li>Spindel\u00fcbertragung f\u00fcr h\u00f6here Pr\u00e4zision.<\/li>\n<li>Galvanometrischer CO2-Laser, vielseitig einsetzbar (Verwendung einer Schutzbrille erforderlich).<\/li>\n<\/ul>\n","protected":false},"featured_media":35,"template":"","meta":{"inline_featured_image":false},"product_brand":[],"product_cat":[776],"product_tag":[],"class_list":{"0":"post-2512","1":"product","2":"type-product","3":"status-publish","4":"has-post-thumbnail","6":"product_cat-fiber-lasers-de","8":"first","9":"instock","10":"featured","11":"taxable","12":"shipping-taxable","13":"purchasable","14":"product-type-variable"},"_links":{"self":[{"href":"https:\/\/strange-williamson.213-165-80-63.plesk.page\/de\/wp-json\/wp\/v2\/product\/2512","targetHints":{"allow":["GET"]}}],"collection":[{"href":"https:\/\/strange-williamson.213-165-80-63.plesk.page\/de\/wp-json\/wp\/v2\/product"}],"about":[{"href":"https:\/\/strange-williamson.213-165-80-63.plesk.page\/de\/wp-json\/wp\/v2\/types\/product"}],"version-history":[{"count":0,"href":"https:\/\/strange-williamson.213-165-80-63.plesk.page\/de\/wp-json\/wp\/v2\/product\/2512\/revisions"}],"wp:featuredmedia":[{"embeddable":true,"href":"https:\/\/strange-williamson.213-165-80-63.plesk.page\/de\/wp-json\/wp\/v2\/media\/35"}],"wp:attachment":[{"href":"https:\/\/strange-williamson.213-165-80-63.plesk.page\/de\/wp-json\/wp\/v2\/media?parent=2512"}],"wp:term":[{"taxonomy":"product_brand","embeddable":true,"href":"https:\/\/strange-williamson.213-165-80-63.plesk.page\/de\/wp-json\/wp\/v2\/product_brand?post=2512"},{"taxonomy":"product_cat","embeddable":true,"href":"https:\/\/strange-williamson.213-165-80-63.plesk.page\/de\/wp-json\/wp\/v2\/product_cat?post=2512"},{"taxonomy":"product_tag","embeddable":true,"href":"https:\/\/strange-williamson.213-165-80-63.plesk.page\/de\/wp-json\/wp\/v2\/product_tag?post=2512"}],"curies":[{"name":"wp","href":"https:\/\/api.w.org\/{rel}","templated":true}]}}