{"id":2549,"date":"2023-06-08T10:19:53","date_gmt":"2023-06-08T08:19:53","guid":{"rendered":"https:\/\/mbolasers.com\/product\/mbo-fiber-laser-rt-de\/"},"modified":"2024-02-01T10:31:49","modified_gmt":"2024-02-01T09:31:49","slug":"mbo-fiber-laser-rt-de","status":"publish","type":"product","link":"https:\/\/strange-williamson.213-165-80-63.plesk.page\/de\/produkt\/mbo-fiber-laser-rt-de\/","title":{"rendered":"MBO FIBER LASER RT &#8211; Faserlaser zum Markieren"},"content":{"rendered":"<p>Entdecken Sie unsere innovative Faserlaserbeschriftungsmaschine, einen hochmodernen Laserscanner, der sich durch au\u00dfergew\u00f6hnliche Geschwindigkeit, Millimetergenauigkeit und beispiellose stabile Leistung auszeichnet. Diese Maschine wurde mit fortschrittlicher Technologie entwickelt, ist umweltfreundlich, hat einen effizienten Stromverbrauch und verf\u00fcgt \u00fcber eine intuitive und benutzerfreundliche Software.<\/p>\n<p>Besondere Funktionen:<\/p>\n<ul>\n<li>Leistung in W: W\u00e4hlen Sie zwischen unseren 20-W- und 30-W-Optionen, um die perfekte Leistungsstufe f\u00fcr Ihre Bed\u00fcrfnisse zu erhalten.<\/li>\n<li>Schriftart: W\u00e4hlen Sie aus unseren hochmodernen Schriftarten Raycus und JPT, die f\u00fcr ihre Qualit\u00e4t und Zuverl\u00e4ssigkeit bekannt sind.<\/li>\n<li>MOPA: Genie\u00dfen Sie die Vielseitigkeit unserer MOPA-Funktion (Master Oscillator Power Amplifier), die eine pr\u00e4zisere Steuerung und umfangreiche Markierungsm\u00f6glichkeiten erm\u00f6glicht.<\/li>\n<li>Modell: W\u00e4hlen Sie zwischen unserem geschlossenen Design, ideal f\u00fcr bestimmte Anwendungen, oder unserem offenen Modell, perfekt f\u00fcr gr\u00f6\u00dfere, vielseitigere Projekte.<\/li>\n<\/ul>\n<p>&nbsp;<\/p>\n<p>ANWENDUNGEN<\/p>\n<p>M\u00f6gliche Anwendungen: Diese Faserlaser-Markierungsmaschine eignet sich perfekt f\u00fcr eine Vielzahl von Anwendungen, wie zum Beispiel dauerhafte Markierungen auf Kunststoffen, Metallen und anderen Materialien. Ob in der Werbebranche, bei Werbegeschenken, bei der Identifizierung und Codierung von Teilen, Schmuck, Modeschmuck oder kleinen Beschilderungen \u2013 unsere Maschine bietet Geschwindigkeit, Produktivit\u00e4t und eine un\u00fcbertroffene Kapitalrendite.<\/p>\n<p>KOMPATIBLE MATERIALIEN<\/p>\n<p>Materialien: Sie k\u00f6nnen eine Vielzahl von Materialien markieren, darunter Metalle, Kunststoffe, Beschichtungsmaterialien, Gummi, Epoxidharz, Keramik, ABS, PVC, PES, Stahl, Titan, Kupfer und mehr.<\/p>\n<p>Weitere technische Daten:<\/p>\n<ul>\n<li>Feldlinse: Hochwertige verf\u00fcgbare Gr\u00f6\u00dfen: 110 x 110 mm (optional: 70 x 70 mm, 110 x 110 mm, 150 x 150 mm, 175 x 175 mm, 200 x 200 mm).<\/li>\n<li>Galvanometrischer Kopf: MBO LASER MBO7210.<\/li>\n<li>Software: EZCAD2.14.11, bekannt f\u00fcr seine Benutzerfreundlichkeit und erweiterte Funktionalit\u00e4t.<\/li>\n<li>Stromversorgung: Taiwan Meanwell\/HF.<\/li>\n<li>Kompatible Spannung: AC 110 V\/220 V, 50\/60 Hz.<\/li>\n<li>Kabell\u00e4nge: 3 m (optional: 5 m).<\/li>\n<li>Nettogewicht der Maschine: 22 kg.<\/li>\n<\/ul>\n<p>Diese zus\u00e4tzlichen Komponenten und Funktionen sorgen f\u00fcr eine optimale und zuverl\u00e4ssige Leistung unserer Faserlaserbeschriftungsmaschine.<\/p>\n","protected":false},"excerpt":{"rendered":"<p>MBO FIBER LASER RT \u2013 Hochgeschwindigkeits-Faserlaser-Markierungsmaschine<\/p>\n<ul>\n<li>Hochgeschwindigkeitsgalvanometrisches System f\u00fcr schnelles und pr\u00e4zises Markieren.<\/li>\n<li>Der schnelle Fokus sorgt f\u00fcr scharfe, klare Ergebnisse.<\/li>\n<li>Minimale Punktgr\u00f6\u00dfe von weniger als 0,02 mm erm\u00f6glicht die Erstellung feiner und pr\u00e4ziser Details in Ihren Markierungen.<\/li>\n<li>Versiegeltes, wartungsfreies System f\u00fcr problemlosen Betrieb und l\u00e4ngere Haltbarkeit.<\/li>\n<li>Geringer Stromverbrauch, wodurch Sie erhebliche Energiekosten sparen.<\/li>\n<\/ul>\n","protected":false},"featured_media":53,"template":"","meta":{"inline_featured_image":false},"product_brand":[],"product_cat":[776],"product_tag":[],"class_list":{"0":"post-2549","1":"product","2":"type-product","3":"status-publish","4":"has-post-thumbnail","6":"product_cat-fiber-lasers-de","8":"first","9":"instock","10":"featured","11":"taxable","12":"shipping-taxable","13":"purchasable","14":"product-type-variable"},"_links":{"self":[{"href":"https:\/\/strange-williamson.213-165-80-63.plesk.page\/de\/wp-json\/wp\/v2\/product\/2549","targetHints":{"allow":["GET"]}}],"collection":[{"href":"https:\/\/strange-williamson.213-165-80-63.plesk.page\/de\/wp-json\/wp\/v2\/product"}],"about":[{"href":"https:\/\/strange-williamson.213-165-80-63.plesk.page\/de\/wp-json\/wp\/v2\/types\/product"}],"version-history":[{"count":0,"href":"https:\/\/strange-williamson.213-165-80-63.plesk.page\/de\/wp-json\/wp\/v2\/product\/2549\/revisions"}],"wp:featuredmedia":[{"embeddable":true,"href":"https:\/\/strange-williamson.213-165-80-63.plesk.page\/de\/wp-json\/wp\/v2\/media\/53"}],"wp:attachment":[{"href":"https:\/\/strange-williamson.213-165-80-63.plesk.page\/de\/wp-json\/wp\/v2\/media?parent=2549"}],"wp:term":[{"taxonomy":"product_brand","embeddable":true,"href":"https:\/\/strange-williamson.213-165-80-63.plesk.page\/de\/wp-json\/wp\/v2\/product_brand?post=2549"},{"taxonomy":"product_cat","embeddable":true,"href":"https:\/\/strange-williamson.213-165-80-63.plesk.page\/de\/wp-json\/wp\/v2\/product_cat?post=2549"},{"taxonomy":"product_tag","embeddable":true,"href":"https:\/\/strange-williamson.213-165-80-63.plesk.page\/de\/wp-json\/wp\/v2\/product_tag?post=2549"}],"curies":[{"name":"wp","href":"https:\/\/api.w.org\/{rel}","templated":true}]}}