{"id":2574,"date":"2023-06-13T10:45:36","date_gmt":"2023-06-13T08:45:36","guid":{"rendered":"https:\/\/mbolasers.com\/product\/mbo-fiber-uv-rt-de\/"},"modified":"2023-06-13T10:45:36","modified_gmt":"2023-06-13T08:45:36","slug":"mbo-fiber-uv-rt-de","status":"publish","type":"product","link":"https:\/\/strange-williamson.213-165-80-63.plesk.page\/de\/produkt\/mbo-fiber-uv-rt-de\/","title":{"rendered":"MBO FIBER UV RT \u2013 UV-Faserlaser"},"content":{"rendered":"<p>Der UV-Faserlaser ist die Markierungsm\u00f6glichkeit, die die Bearbeitung unterschiedlichster Materialien erm\u00f6glicht. Es ist mit einer Vielzahl von Metallen, Kunststoffen, Glas und sogar selteneren Materialien wie Fr\u00fcchten, Silikon und Edelmetallen kompatibel. Mit herausragenden Eigenschaften wie seiner F\u00e4higkeit, pr\u00e4zise zu arbeiten, materialschonend zu sein, eine lange Lebensdauer zu haben und keine Wartung zu erfordern, bietet dieser Laser eine au\u00dfergew\u00f6hnliche Leistung bei Markierungsanwendungen.<\/p>\n<p>Besondere Funktionen:<\/p>\n<ul>\n<li>Feldobjektiv: F-Theta 110 <em>110 mm (optional: 70 <\/em>70 mm, 110 <em>110 mm, 150 <\/em>150 mm, 175 <em>175 mm, 200 <\/em>200 mm, 300 * 300 mm).<\/li>\n<li>Galvokopf: MBO LASER MBO7210.<\/li>\n<li>Software: Original EZCAD2.14.11.<\/li>\n<li>Stromversorgung: Taiwan Meanwell\/HF.<\/li>\n<li>Bruttoleistung: 600 W.<\/li>\n<li>Spannung: Wechselstrom 110 V\/220 V, 50\/60 Hz.<\/li>\n<li>Laserwellenl\u00e4nge: 355 nm.<\/li>\n<li>Wiederholgenauigkeit: \u00b10,003 mm.<\/li>\n<li>Gravurgeschwindigkeit: \u22649000 mm\/s.<\/li>\n<li>Mindestlinienbreite: 0,01 mm.<\/li>\n<li>Zeichengr\u00f6\u00dfe: 0,5\u2013110 mm.<\/li>\n<li>K\u00fchlsystem: Luftk\u00fchlung.<\/li>\n<li>Kabell\u00e4nge: 3 m (optional: 5 m).<\/li>\n<li>Unterst\u00fctzte Dateiformate: PLT, AI, DXF, BMP, JPG usw.<\/li>\n<li>Nettogewicht der Maschine: 40 kg.<\/li>\n<\/ul>\n<p>M\u00f6gliche Anwendungen:<\/p>\n<p>Weit verbreitet in Branchen wie hochpolymere Lebensmittelverpackungen, optische Ger\u00e4te, Glasverarbeitung, Brillen und Uhren, Pr\u00e4zisionsmaschinen, Keramik, Kunststoffschl\u00fcssel, elektronische Komponenten, mobile Komponenten, Autoteile usw.<\/p>\n<p>&nbsp;<\/p>\n<p>Materialien:<\/p>\n<p>Der UV-Laser ist die Markierungsm\u00f6glichkeit, die die Bearbeitung verschiedenster Materialien erm\u00f6glicht. Es ist mit einer Vielzahl von Metallen (Aluminium, Stahl, Magnesium, Zink, Titan), Kunststoffen (Nylon, ABS, PVC, PES (Polyethylenterephthalat)), Glas und sogar weniger verbreiteten Materialien wie Fr\u00fcchten, Silikon und Edelmetallen (Kupfer, Gold, Silber) kompatibel.<\/p>\n<p>&nbsp;<\/p>\n<p>Der Nachteil von UV-Lasern besteht darin, dass die Quelle, die gr\u00f6\u00dfte Kostenposition der Maschine, ziemlich anf\u00e4llig ist und eine Lebensdauer von 6 Monaten bis 5 Jahren hat. Daher ist es wichtig, dass die L\u00f6sung eine kurze Amortisationszeit f\u00fcr Ihre Anwendung hat.<\/p>\n","protected":false},"excerpt":{"rendered":"<ul>\n<li>Es ist der Laser, der ein breiteres Materialspektrum abdeckt.<\/li>\n<li>Pr\u00e4zisionsarbeit.<\/li>\n<li>Respektvoll gegen\u00fcber Materialien.<\/li>\n<li>Ohne Wartung.<\/li>\n<\/ul>\n","protected":false},"featured_media":155,"template":"","meta":{"inline_featured_image":false},"product_brand":[],"product_cat":[776],"product_tag":[],"class_list":{"0":"post-2574","1":"product","2":"type-product","3":"status-publish","4":"has-post-thumbnail","6":"product_cat-fiber-lasers-de","8":"first","9":"instock","10":"featured","11":"taxable","12":"shipping-taxable","13":"purchasable","14":"product-type-variable"},"_links":{"self":[{"href":"https:\/\/strange-williamson.213-165-80-63.plesk.page\/de\/wp-json\/wp\/v2\/product\/2574","targetHints":{"allow":["GET"]}}],"collection":[{"href":"https:\/\/strange-williamson.213-165-80-63.plesk.page\/de\/wp-json\/wp\/v2\/product"}],"about":[{"href":"https:\/\/strange-williamson.213-165-80-63.plesk.page\/de\/wp-json\/wp\/v2\/types\/product"}],"version-history":[{"count":0,"href":"https:\/\/strange-williamson.213-165-80-63.plesk.page\/de\/wp-json\/wp\/v2\/product\/2574\/revisions"}],"wp:featuredmedia":[{"embeddable":true,"href":"https:\/\/strange-williamson.213-165-80-63.plesk.page\/de\/wp-json\/wp\/v2\/media\/155"}],"wp:attachment":[{"href":"https:\/\/strange-williamson.213-165-80-63.plesk.page\/de\/wp-json\/wp\/v2\/media?parent=2574"}],"wp:term":[{"taxonomy":"product_brand","embeddable":true,"href":"https:\/\/strange-williamson.213-165-80-63.plesk.page\/de\/wp-json\/wp\/v2\/product_brand?post=2574"},{"taxonomy":"product_cat","embeddable":true,"href":"https:\/\/strange-williamson.213-165-80-63.plesk.page\/de\/wp-json\/wp\/v2\/product_cat?post=2574"},{"taxonomy":"product_tag","embeddable":true,"href":"https:\/\/strange-williamson.213-165-80-63.plesk.page\/de\/wp-json\/wp\/v2\/product_tag?post=2574"}],"curies":[{"name":"wp","href":"https:\/\/api.w.org\/{rel}","templated":true}]}}