{"id":2579,"date":"2023-06-13T16:24:09","date_gmt":"2023-06-13T14:24:09","guid":{"rendered":"https:\/\/mbolasers.com\/product\/mbo-fiber-uv-ft-de\/"},"modified":"2024-02-01T10:07:37","modified_gmt":"2024-02-01T09:07:37","slug":"mbo-fiber-uv-ft-de","status":"publish","type":"product","link":"https:\/\/strange-williamson.213-165-80-63.plesk.page\/de\/produkt\/mbo-fiber-uv-ft-de\/","title":{"rendered":"MBO FIBER UV FT &#8211; UV-Faserlaser mit Autofokus"},"content":{"rendered":"<p>UV-Faserlaser Der UV-Laser ist eine hervorragende Option zum Markieren einer Vielzahl von Materialien. Es ist kompatibel mit Metallen, Kunststoffen, Glas und sogar selteneren Materialien wie Fr\u00fcchten, Silikon und Edelmetallen.<\/p>\n<p>M\u00f6gliche Anwendungen:<\/p>\n<p>Weit verbreitet in Branchen wie hochpolymere Lebensmittelverpackungen, optische Ger\u00e4te, Glasverarbeitung, Brillen und Uhren, Pr\u00e4zisionsmaschinen, Keramik, Kunststoffschl\u00fcssel, elektronische Komponenten, mobile Komponenten, Autoteile usw.<\/p>\n<p>&nbsp;<\/p>\n<p>Materialien:<\/p>\n<p>Der UV-Laser ist die Markierungsm\u00f6glichkeit, die die Bearbeitung verschiedenster Materialien erm\u00f6glicht. Es ist mit einer Vielzahl von Metallen (Aluminium, Stahl, Magnesium, Zink, Titan), Kunststoffen (Nylon, ABS, PVC, PES (Polyethylenterephthalat)), Glas und sogar weniger verbreiteten Materialien wie Fr\u00fcchten, Silikon und Edelmetallen (Kupfer, Gold, Silber) kompatibel.<\/p>\n<p>Der Nachteil von UV-Lasern besteht darin, dass die Quelle, die gr\u00f6\u00dfte Kostenposition der Maschine, ziemlich anf\u00e4llig ist und eine Lebensdauer von 6 Monaten bis 5 Jahren hat. Daher ist es wichtig, dass die L\u00f6sung eine kurze Amortisationszeit f\u00fcr Ihre Anwendung hat.<\/p>\n<p>Eigenschaften:<\/p>\n<ul>\n<li>Das Tragen einer zugelassenen Schutzbrille ist verpflichtend.<\/li>\n<li>Feldobjektiv: F-Theta 110 x 110 mm (optional: 70 x 70 mm, 110 x 110 mm, 150 x 150 mm, 175 x 175 mm, 200 x 200 mm, 300 x 300 mm).<\/li>\n<li>Galvokopf: SINO TECH RC1001\/MBO LASER MBO7210.<\/li>\n<li>Software: Original EZCAD2.14.11.<\/li>\n<li>Stromversorgung: Taiwan Meanwell\/HF.<\/li>\n<li>Impulswiederholungsrate: 20\u2013100 kHz.<\/li>\n<li>Bruttoleistung: 600 W.<\/li>\n<li>Spannung: Wechselstrom 110 V\/220 V, 50\/60 Hz.<\/li>\n<li>Laserwellenl\u00e4nge: 355 nm.<\/li>\n<li>Wiederholgenauigkeit: \u00b10,003 mm.<\/li>\n<li>Gravurgeschwindigkeit: \u22649000 mm\/s.<\/li>\n<li>Mindestlinienbreite: 0,01 mm.<\/li>\n<li>Zeichengr\u00f6\u00dfe: 0,5\u2013110 mm.<\/li>\n<li>K\u00fchlsystem: Fl\u00fcssigkeitsk\u00fchlung.<\/li>\n<li>Kabell\u00e4nge: 3 m (optional: 5 m).<\/li>\n<li>Unterst\u00fctzte Dateiformate: PLT, AI, DXF, BMP, JPG usw.<\/li>\n<li>Nettogewicht der Maschine: 120 kg.<\/li>\n<\/ul>\n<p>Im Lieferumfang der Maschine enthalten:<\/p>\n<ul>\n<li>12 Monate Garantie.<\/li>\n<li>Fu\u00dfpedalfreigabe.<\/li>\n<li>Schutzbrille.<\/li>\n<li>Inbusschl\u00fcsselsatz.<\/li>\n<li>PC.<\/li>\n<li>USB-Kabel.<\/li>\n<li>50-mm-Lineal.<\/li>\n<li>Testkarten aus Aluminium.<\/li>\n<li>2 Positionierungsstangen.<\/li>\n<\/ul>\n<p>Modell: Offen oder geschlossen.<\/p>\n<p>Produktoptionen:<\/p>\n<ol>\n<li>MBOUV3WA: 3W (Modell: MBO LASER angepasst, offen).<\/li>\n<li>MBOUV3WC: 3W (Modell: MBO LASER angepasst, geschlossen).<\/li>\n<li>MBOUV5WA: 5 W (Modell: MBO LASER angepasst, offen).<\/li>\n<li>MBOUV5WC: 5 W (Modell: MBO LASER angepasst, geschlossen).<\/li>\n<li>MBOUV10WA: 10 W (Modell: MBO LASER kundenspezifisch, offen).<\/li>\n<li>MBOUV10WC: 10 W (Modell: MBO LASER angepasst, geschlossen).<\/li>\n<\/ol>\n","protected":false},"excerpt":{"rendered":"<ul>\n<li>Gro\u00dfes Spektrum an kompatiblen Materialien.<\/li>\n<li>Pr\u00e4zisionsarbeit.<\/li>\n<li>Respektvoll gegen\u00fcber Materialien.<\/li>\n<li>Lange Nutzungsdauer.<\/li>\n<li>Keine Wartung erforderlich<\/li>\n<\/ul>\n","protected":false},"featured_media":171,"template":"","meta":{"inline_featured_image":false},"product_brand":[],"product_cat":[776],"product_tag":[],"class_list":{"0":"post-2579","1":"product","2":"type-product","3":"status-publish","4":"has-post-thumbnail","6":"product_cat-fiber-lasers-de","8":"first","9":"instock","10":"featured","11":"taxable","12":"shipping-taxable","13":"purchasable","14":"product-type-variable"},"_links":{"self":[{"href":"https:\/\/strange-williamson.213-165-80-63.plesk.page\/de\/wp-json\/wp\/v2\/product\/2579","targetHints":{"allow":["GET"]}}],"collection":[{"href":"https:\/\/strange-williamson.213-165-80-63.plesk.page\/de\/wp-json\/wp\/v2\/product"}],"about":[{"href":"https:\/\/strange-williamson.213-165-80-63.plesk.page\/de\/wp-json\/wp\/v2\/types\/product"}],"version-history":[{"count":0,"href":"https:\/\/strange-williamson.213-165-80-63.plesk.page\/de\/wp-json\/wp\/v2\/product\/2579\/revisions"}],"wp:featuredmedia":[{"embeddable":true,"href":"https:\/\/strange-williamson.213-165-80-63.plesk.page\/de\/wp-json\/wp\/v2\/media\/171"}],"wp:attachment":[{"href":"https:\/\/strange-williamson.213-165-80-63.plesk.page\/de\/wp-json\/wp\/v2\/media?parent=2579"}],"wp:term":[{"taxonomy":"product_brand","embeddable":true,"href":"https:\/\/strange-williamson.213-165-80-63.plesk.page\/de\/wp-json\/wp\/v2\/product_brand?post=2579"},{"taxonomy":"product_cat","embeddable":true,"href":"https:\/\/strange-williamson.213-165-80-63.plesk.page\/de\/wp-json\/wp\/v2\/product_cat?post=2579"},{"taxonomy":"product_tag","embeddable":true,"href":"https:\/\/strange-williamson.213-165-80-63.plesk.page\/de\/wp-json\/wp\/v2\/product_tag?post=2579"}],"curies":[{"name":"wp","href":"https:\/\/api.w.org\/{rel}","templated":true}]}}