{"id":2709,"date":"2023-06-14T12:38:53","date_gmt":"2023-06-14T10:38:53","guid":{"rendered":"https:\/\/mbolasers.com\/product\/mbo-fiber-laser-ft-de\/"},"modified":"2023-06-14T12:38:53","modified_gmt":"2023-06-14T10:38:53","slug":"mbo-fiber-laser-ft-de","status":"publish","type":"product","link":"https:\/\/strange-williamson.213-165-80-63.plesk.page\/de\/produkt\/mbo-fiber-laser-ft-de\/","title":{"rendered":"MBO FIBER LASER FT \u2013 Hochpr\u00e4zise Faserlaser-Graviermaschine"},"content":{"rendered":"<p>Entdecken Sie unsere fortschrittliche Faserlaser-Graviermaschine, die auf h\u00f6chste Pr\u00e4zision und au\u00dfergew\u00f6hnlich stabile Leistung ausgelegt ist. Mit modernsten technischen Features garantiert diese Maschine hochwertige Gravurergebnisse auf den unterschiedlichsten Materialien.<\/p>\n<p>Besondere Funktionen:<\/p>\n<ul>\n<li>F-Theta-Objektiv: W\u00e4hlen Sie aus einer Vielzahl von Objektivgr\u00f6\u00dfen, einschlie\u00dflich 110 x 110 mm (optional: 70 x 70 mm, 110 x 110 mm, 150 x 150 mm, 175 x 175 mm, 200 x 200 mm, 300 x 300 mm), um Ihre spezifischen Gravuranforderungen zu erf\u00fcllen.<\/li>\n<li>Galvanometrischer Kopf: Erhalten Sie dank des hochwertigen galvanometrischen Kopfes eine optimale Gravurleistung.<\/li>\n<li>EZCAD2.14.11-Software: Steuern und passen Sie Ihre Gravurdesigns intuitiv mit der benutzerfreundlichen Software an.<\/li>\n<li>Stromversorgung: Verlassen Sie sich f\u00fcr einen zuverl\u00e4ssigen und stabilen Betrieb auf das Taiwan Meanwell\/HF-Netzteil.<\/li>\n<li>Bruttoleistung: 600 W.<\/li>\n<li>Spannung: Wechselstrom 110 V\/220 V, 50\/60 Hz.<\/li>\n<li>Laserwellenl\u00e4nge: 1064 nm.<\/li>\n<li>Wiederholgenauigkeit: \u00b10,003 mm.<\/li>\n<li>Gravurgeschwindigkeit: \u22649000 mm\/s.<\/li>\n<li>Mindestlinienbreite: 0,01 mm.<\/li>\n<li>Zeichengr\u00f6\u00dfe: 0,5\u2013110 mm.<\/li>\n<li>K\u00fchlsystem: Luftk\u00fchlung.<\/li>\n<li>Kabell\u00e4nge: 3 m (optional: 5 m).<\/li>\n<li>Nettogewicht der Maschine: 45 kg (20 W\u201360 W), 65 kg (70\u2013120 W).<\/li>\n<\/ul>\n<p>&nbsp;<\/p>\n<p>ANWENDUNGEN<\/p>\n<p>M\u00f6gliche Anwendungen: Diese Faserlaser-Markierungsmaschine eignet sich perfekt f\u00fcr eine Vielzahl von Anwendungen, wie zum Beispiel dauerhafte Markierungen auf Kunststoffen, Metallen und anderen Materialien. Ob in der Werbebranche, bei Werbegeschenken, bei der Identifizierung und Codierung von Teilen, Schmuck, Modeschmuck oder kleinen Beschilderungen \u2013 unsere Maschine bietet Geschwindigkeit, Produktivit\u00e4t und eine un\u00fcbertroffene Kapitalrendite.<\/p>\n<p>KOMPATIBLE MATERIALIEN<\/p>\n<p>Materialien: Sie k\u00f6nnen eine Vielzahl von Materialien markieren, darunter Metalle, Kunststoffe, Beschichtungsmaterialien, Gummi, Epoxidharz, Keramik, ABS, PVC, PES, Stahl, Titan, Kupfer und mehr.<\/p>\n<p>Produktoptionen:<\/p>\n<ul>\n<li>Raycus 20W (Modell: RMBO-P20QS)<\/li>\n<li>Raycus 30W (Modell: RMBO-P30QS)<\/li>\n<li>Raycus 50W (Modell: RMBO-P50QB)<\/li>\n<li>Raycus 60W (Modell: RMBO-P60QB)<\/li>\n<li>Raycus 70W (Modell: RMBO-P70QA)<\/li>\n<li>Raycus 100W (Modell: RMBO-P100QA)<\/li>\n<li>JPT MOPA 20W (Modell: YDMBOPC-20-M7-S)<\/li>\n<li>JPT MOPA 30W (Modell: YDMBOPC-30-M7-S)<\/li>\n<li>JPT MOPA 60W (Modell: YDMBOP-60-M7-L1-R<\/li>\n<li>JPT MOPA 80W (Modell: YDMBOP-80-M7-L1-R)<\/li>\n<li>JPT MOPA 100W (Modell: YDMBOP-100-M8-L1-R)<\/li>\n<li>JPT MOPA 120W (Modell: YDMBOP-120-M7-L1-R)<\/li>\n<\/ul>\n<p>Mit diesen Produktoptionen k\u00f6nnen Sie die richtige Leistung und das richtige Lasermodell f\u00fcr Ihre spezifischen Anforderungen ausw\u00e4hlen.<\/p>\n<p>Wir hoffen, dass unsere hochpr\u00e4zise Faserlaser-Graviermaschine die perfekte L\u00f6sung f\u00fcr Ihre Gravurprojekte auf einer Vielzahl von Materialien ist. Mit seiner au\u00dfergew\u00f6hnlichen Leistung, punktgenauen Genauigkeit und Benutzerfreundlichkeit erzielen Sie professionelle, langanhaltende Ergebnisse. Erhalten Sie h\u00f6chste Gravurqualit\u00e4t mit unserer Faserlaser-Graviermaschine!<\/p>\n","protected":false},"excerpt":{"rendered":"<ul>\n<li>Hochwertiges F-Theta-Objektiv f\u00fcr pr\u00e4zise Gravur.<\/li>\n<li>Galvanometrischer Kopf f\u00fcr optimale Leistung.<\/li>\n<li>EZCAD2.14.11-Software f\u00fcr intuitive Steuerung.<\/li>\n<li>Taiwan Meanwell\/HF-Netzteil f\u00fcr zuverl\u00e4ssigen Betrieb.<\/li>\n<li>Luftk\u00fchlsystem f\u00fcr effizienten Betrieb.<\/li>\n<\/ul>\n","protected":false},"featured_media":691,"template":"","meta":{"inline_featured_image":false},"product_brand":[],"product_cat":[776],"product_tag":[],"class_list":{"0":"post-2709","1":"product","2":"type-product","3":"status-publish","4":"has-post-thumbnail","6":"product_cat-fiber-lasers-de","8":"first","9":"instock","10":"featured","11":"taxable","12":"shipping-taxable","13":"purchasable","14":"product-type-variable"},"_links":{"self":[{"href":"https:\/\/strange-williamson.213-165-80-63.plesk.page\/de\/wp-json\/wp\/v2\/product\/2709","targetHints":{"allow":["GET"]}}],"collection":[{"href":"https:\/\/strange-williamson.213-165-80-63.plesk.page\/de\/wp-json\/wp\/v2\/product"}],"about":[{"href":"https:\/\/strange-williamson.213-165-80-63.plesk.page\/de\/wp-json\/wp\/v2\/types\/product"}],"version-history":[{"count":0,"href":"https:\/\/strange-williamson.213-165-80-63.plesk.page\/de\/wp-json\/wp\/v2\/product\/2709\/revisions"}],"wp:featuredmedia":[{"embeddable":true,"href":"https:\/\/strange-williamson.213-165-80-63.plesk.page\/de\/wp-json\/wp\/v2\/media\/691"}],"wp:attachment":[{"href":"https:\/\/strange-williamson.213-165-80-63.plesk.page\/de\/wp-json\/wp\/v2\/media?parent=2709"}],"wp:term":[{"taxonomy":"product_brand","embeddable":true,"href":"https:\/\/strange-williamson.213-165-80-63.plesk.page\/de\/wp-json\/wp\/v2\/product_brand?post=2709"},{"taxonomy":"product_cat","embeddable":true,"href":"https:\/\/strange-williamson.213-165-80-63.plesk.page\/de\/wp-json\/wp\/v2\/product_cat?post=2709"},{"taxonomy":"product_tag","embeddable":true,"href":"https:\/\/strange-williamson.213-165-80-63.plesk.page\/de\/wp-json\/wp\/v2\/product_tag?post=2709"}],"curies":[{"name":"wp","href":"https:\/\/api.w.org\/{rel}","templated":true}]}}