{"id":2742,"date":"2023-07-25T10:21:01","date_gmt":"2023-07-25T08:21:01","guid":{"rendered":"https:\/\/mbolasers.com\/product\/cnc-mini-tec-cam-6090-de\/"},"modified":"2023-07-25T10:21:01","modified_gmt":"2023-07-25T08:21:01","slug":"cnc-mini-tec-cam-6090-de","status":"publish","type":"product","link":"https:\/\/strange-williamson.213-165-80-63.plesk.page\/de\/produkt\/cnc-mini-tec-cam-6090-de\/","title":{"rendered":"Mini TEC-CAM 60\/90 CNC-Fr\u00e4smaschine"},"content":{"rendered":"<p>Suchen Sie eine CNC-Fr\u00e4smaschine, die bei Ihren Kreationen den Unterschied macht? Die <strong>Mini TEC-CAM 60\/90 <\/strong>ist die Antwort. Mit ihrem kompakten Design und ihrer \u00fcberragenden Leistung eignet sich diese Maschine perfekt, um Ihre Fertigungsprojekte auf die n\u00e4chste Stufe zu heben.<\/p>\n<p><strong>Vielseitigkeit f\u00fcr alle Arten von Anwendungen<\/strong><\/p>\n<p>Die Mini TEC-CAM 60\/90 ist eine CNC-Fr\u00e4smaschine, die sich Ihren Bed\u00fcrfnissen anpasst. Ganz gleich, ob Sie Beschilderungen, Schilder, Medaillen, Modelle oder Schalttafeln erstellen, diese Maschine ist in der Lage, mit einer Vielzahl von Materialien zu arbeiten, darunter <strong>Aluminium, Kupfer, Kunststoff und Holz <\/strong>. Lassen Sie Ihrer Fantasie freien Lauf und kreieren Sie einzigartige St\u00fccke!<\/p>\n<p><strong>Kraft und Pr\u00e4zision bei jedem Schnitt<\/strong><\/p>\n<p>Mit einem leistungsstarken <strong>1,5-kW- Spannfutter <\/strong>und einer Drehzahl von bis zu <strong>2400 U\/min <\/strong>bietet die Mini TEC-CAM 60\/90 schnelle und pr\u00e4zise Schnitte. Dar\u00fcber hinaus garantiert das Wasserk\u00fchlsystem eine optimale Leistung w\u00e4hrend des gesamten Mahlprozesses.<\/p>\n<p><strong>Zus\u00e4tzliche Optionen zur Maximierung Ihrer Produktivit\u00e4t<\/strong><\/p>\n<p>Die Fr\u00e4smaschine Mini TEC-CAM 60\/90 verf\u00fcgt \u00fcber zus\u00e4tzliche Optionen, die Ihnen dabei helfen, einwandfreie Ergebnisse zu erzielen. Sie k\u00f6nnen zwischen einer <strong>Materialk\u00fchlung <\/strong>zur Aufrechterhaltung einer optimalen Temperatur, einer <strong>2,2-kW-Vakuumturbine <\/strong>f\u00fcr sicheres Spannen und einer <strong>Sp\u00e4neabsaugung <\/strong>f\u00fcr einen sauberen und aufger\u00e4umten Arbeitsbereich w\u00e4hlen.<\/p>\n<p><strong>Einhaltung gesetzlicher Vorschriften und einfache Installation<\/strong><\/p>\n<p>Seien Sie beruhigt, denn die Mini TEC-CAM 60\/90 entspricht allen Bestimmungen der Maschinenrichtlinie 2006\/42\/EG und garantiert so Qualit\u00e4t und Sicherheit. Unsere Techniker sind auf eine schnelle und effiziente Installation vorbereitet, sodass Sie in k\u00fcrzester Zeit mit der Arbeit beginnen k\u00f6nnen.<\/p>\n<p><strong>Steigern Sie Ihre Fertigungsprojekte mit der Mini TEC-CAM 60\/90<\/strong><\/p>\n<p>Verschwenden Sie keine Zeit mehr und entdecken Sie, wie die CNC-Fr\u00e4smaschine Mini TEC-CAM 60\/90 Ihre Ideen in die Realit\u00e4t umsetzen kann. Kontaktieren Sie uns noch heute und wagen Sie den Schritt in Richtung Fertigungsexzellenz.<\/p>\n<h3>Zusatzoptionen<\/h3>\n<ul>\n<li>Material K\u00fchlmittel<\/li>\n<li>2,2 kW Vakuumturbine<\/li>\n<li>Chip-Absaugsystem<\/li>\n<\/ul>\n","protected":false},"excerpt":{"rendered":"<h3>Leistung und Pr\u00e4zision in Ihren H\u00e4nden mit der Mini TEC-CAM 60\/90 CNC-Fr\u00e4smaschine!<\/h3>\n<p>Entdecken Sie die <strong>hochmoderne CNC-Fr\u00e4smaschine<\/strong> f\u00fcr Ihre Fertigungsprojekte<\/p>\n<p><strong>Unendliche Vielseitigkeit<\/strong> bei der Erstellung von Beschilderungen, Schildern, Modellen und mehr<\/p>\n<p><strong>Au\u00dfergew\u00f6hnliche Kraft und Pr\u00e4zision<\/strong> f\u00fcr die Arbeit mit metallischen und nichtmetallischen Materialien<\/p>\n","protected":false},"featured_media":1962,"template":"","meta":{"inline_featured_image":false},"product_brand":[],"product_cat":[781],"product_tag":[],"class_list":{"0":"post-2742","1":"product","2":"type-product","3":"status-publish","4":"has-post-thumbnail","6":"product_cat-mbo-cnc-de","8":"first","9":"instock","10":"featured","11":"taxable","12":"shipping-taxable","13":"purchasable","14":"product-type-simple"},"_links":{"self":[{"href":"https:\/\/strange-williamson.213-165-80-63.plesk.page\/de\/wp-json\/wp\/v2\/product\/2742","targetHints":{"allow":["GET"]}}],"collection":[{"href":"https:\/\/strange-williamson.213-165-80-63.plesk.page\/de\/wp-json\/wp\/v2\/product"}],"about":[{"href":"https:\/\/strange-williamson.213-165-80-63.plesk.page\/de\/wp-json\/wp\/v2\/types\/product"}],"version-history":[{"count":0,"href":"https:\/\/strange-williamson.213-165-80-63.plesk.page\/de\/wp-json\/wp\/v2\/product\/2742\/revisions"}],"wp:featuredmedia":[{"embeddable":true,"href":"https:\/\/strange-williamson.213-165-80-63.plesk.page\/de\/wp-json\/wp\/v2\/media\/1962"}],"wp:attachment":[{"href":"https:\/\/strange-williamson.213-165-80-63.plesk.page\/de\/wp-json\/wp\/v2\/media?parent=2742"}],"wp:term":[{"taxonomy":"product_brand","embeddable":true,"href":"https:\/\/strange-williamson.213-165-80-63.plesk.page\/de\/wp-json\/wp\/v2\/product_brand?post=2742"},{"taxonomy":"product_cat","embeddable":true,"href":"https:\/\/strange-williamson.213-165-80-63.plesk.page\/de\/wp-json\/wp\/v2\/product_cat?post=2742"},{"taxonomy":"product_tag","embeddable":true,"href":"https:\/\/strange-williamson.213-165-80-63.plesk.page\/de\/wp-json\/wp\/v2\/product_tag?post=2742"}],"curies":[{"name":"wp","href":"https:\/\/api.w.org\/{rel}","templated":true}]}}