{"id":2792,"date":"2023-07-25T10:42:14","date_gmt":"2023-07-25T08:42:14","guid":{"rendered":"https:\/\/mbolasers.com\/product\/laser-1390-mbo-plotter-co2-de\/"},"modified":"2024-02-01T11:09:23","modified_gmt":"2024-02-01T10:09:23","slug":"laser-1390-mbo-plotter-co2-de","status":"publish","type":"product","link":"https:\/\/strange-williamson.213-165-80-63.plesk.page\/de\/produkt\/laser-1390-mbo-plotter-co2-de\/","title":{"rendered":"CO2-Laser-MBO-Plotter \u2013 Schneiden, Gravieren und Stanzen mit Pr\u00e4zision"},"content":{"rendered":"\t\t<div data-elementor-type=\"wp-post\" data-elementor-id=\"2792\" class=\"elementor elementor-2792 elementor-1977\">\n\t\t\t\t\t\t<section class=\"elementor-section elementor-top-section elementor-element elementor-element-247956d4 elementor-section-boxed elementor-section-height-default elementor-section-height-default\" data-id=\"247956d4\" data-element_type=\"section\" data-e-type=\"section\">\n\t\t\t\t\t\t<div class=\"elementor-container elementor-column-gap-default\">\n\t\t\t\t\t<div class=\"elementor-column elementor-col-100 elementor-top-column elementor-element elementor-element-21dc6c4e\" data-id=\"21dc6c4e\" data-element_type=\"column\" data-e-type=\"column\">\n\t\t\t<div class=\"elementor-widget-wrap elementor-element-populated\">\n\t\t\t\t\t\t<div class=\"elementor-element elementor-element-490d567b elementor-widget elementor-widget-text-editor\" data-id=\"490d567b\" data-element_type=\"widget\" data-e-type=\"widget\" data-widget_type=\"text-editor.default\">\n\t\t\t\t<div class=\"elementor-widget-container\">\n\t\t\t\t\t\t\t\t\t<p><strong>Besondere Vorteile:<\/strong><\/p>\n<ol>\n<li><strong>\u00dcberlegene Leistung: <\/strong>Mit einem gr\u00f6\u00dferen Arbeitsbereich und einer verbesserten Leistung im Vergleich zu unserem MBO1390-Modell bietet Ihnen diese CO2-Lasermaschine au\u00dfergew\u00f6hnliche Leistung. Schneidet, stanzt und graviert organische Materialien m\u00fchelos.<\/li>\n<li><strong>Kompatibilit\u00e4t mit Ihren Lieblingsprogrammen: <\/strong>Entwerfen Sie ohne Grenzen dank der Kompatibilit\u00e4t mit den wichtigsten Designprogrammen wie CorelDraw, Photoshop und AutoCAD. Steigern Sie Ihre Kreativit\u00e4t und verwirklichen Sie Ihre Ideen pr\u00e4zise.<\/li>\n<li><strong>Fortschrittliche DSP-Steuerung: <\/strong>Kontinuierliche Kurvensteuerung und optimierte Pfadfunktion erm\u00f6glichen es Ihnen, die Produktivit\u00e4t zu steigern und bei jedem Projekt professionelle Ergebnisse zu erzielen.<\/li>\n<li><strong>Einfache Vorvisualisierung: <\/strong>\u00dcberpr\u00fcfen Sie mit der Vorschaufunktion, ob Ihr Design auf das Material passt, bevor Sie den Auftrag ausf\u00fchren, und stellen Sie so eine effiziente Nutzung Ihrer Materialien sicher.<\/li>\n<li><strong>Gro\u00dfe Materialvielfalt: <\/strong>Graviert und schneidet problemlos verschiedene Materialien, darunter Holz, Acryl, Stoffe, lackierte Metalle und zweischichtige Kunststoffe.<\/li>\n<\/ol>\n<p><strong>Unbegrenzte Anwendungen:<\/strong><\/p>\n<p>Mit dem Plotter 1390 sind Ihre M\u00f6glichkeiten endlos. Von der Werbe- und Beschilderungsbranche bis hin zu Dekoration und Innenarchitektur ist alles m\u00f6glich! Experimentieren Sie mit verschiedenen Materialien wie Acryl, Holz, Methacrylat, Textilien, Leder, Gummi, Kunststoff und mehr. Gestalten Sie Beleuchtung, Displays und Messest\u00e4nde und verleihen Sie Ihren Geschenken eine handgefertigte und pers\u00f6nliche Note.<\/p>\n<p>Wenn Sie auf der Suche nach einer Lasermaschine sind, die Ihre Kreativit\u00e4t auf ein neues Niveau hebt und Ihnen professionelle Ergebnisse liefert, ist der Laser MBO Plotter 1390 die perfekte Wahl. Holen Sie mit diesem leistungsstarken Gravur- und Schneidewerkzeug das Beste aus Ihren Projekten heraus!<\/p>\n\t\t\t\t\t\t\t\t<\/div>\n\t\t\t\t<\/div>\n\t\t\t\t\t<\/div>\n\t\t<\/div>\n\t\t\t\t\t<\/div>\n\t\t<\/section>\n\t\t\t\t<\/div>\n\t\t","protected":false},"excerpt":{"rendered":"<p>Entdecken Sie die Vielseitigkeit des CO2-Lasersystems unseres 1390-Plotters! Diese leistungsstarke Lasermaschine ist die perfekte L\u00f6sung f\u00fcr Ihre Gravur- und Schneidanforderungen. Seine fortschrittliche DSP-Technologie (Digital Signal Processing) steuert kontinuierliche Kurven und optimiert die Route, was eine un\u00fcbertroffene Produktivit\u00e4t garantiert. Dar\u00fcber hinaus gleicht es die Laserleistung w\u00e4hrend des gesamten Vorgangs automatisch an, um perfekte Schnitte in jeder Geometrie zu erzielen. Mit nur einem Klick erwacht Ihr Design auf der Maschine zum Leben.<\/p>\n","protected":false},"featured_media":1954,"template":"","meta":{"inline_featured_image":false},"product_brand":[],"product_cat":[766],"product_tag":[],"class_list":{"0":"post-2792","1":"product","2":"type-product","3":"status-publish","4":"has-post-thumbnail","6":"product_cat-co2-de","8":"first","9":"instock","10":"featured","11":"taxable","12":"shipping-taxable","13":"purchasable","14":"product-type-simple"},"_links":{"self":[{"href":"https:\/\/strange-williamson.213-165-80-63.plesk.page\/de\/wp-json\/wp\/v2\/product\/2792","targetHints":{"allow":["GET"]}}],"collection":[{"href":"https:\/\/strange-williamson.213-165-80-63.plesk.page\/de\/wp-json\/wp\/v2\/product"}],"about":[{"href":"https:\/\/strange-williamson.213-165-80-63.plesk.page\/de\/wp-json\/wp\/v2\/types\/product"}],"version-history":[{"count":0,"href":"https:\/\/strange-williamson.213-165-80-63.plesk.page\/de\/wp-json\/wp\/v2\/product\/2792\/revisions"}],"wp:featuredmedia":[{"embeddable":true,"href":"https:\/\/strange-williamson.213-165-80-63.plesk.page\/de\/wp-json\/wp\/v2\/media\/1954"}],"wp:attachment":[{"href":"https:\/\/strange-williamson.213-165-80-63.plesk.page\/de\/wp-json\/wp\/v2\/media?parent=2792"}],"wp:term":[{"taxonomy":"product_brand","embeddable":true,"href":"https:\/\/strange-williamson.213-165-80-63.plesk.page\/de\/wp-json\/wp\/v2\/product_brand?post=2792"},{"taxonomy":"product_cat","embeddable":true,"href":"https:\/\/strange-williamson.213-165-80-63.plesk.page\/de\/wp-json\/wp\/v2\/product_cat?post=2792"},{"taxonomy":"product_tag","embeddable":true,"href":"https:\/\/strange-williamson.213-165-80-63.plesk.page\/de\/wp-json\/wp\/v2\/product_tag?post=2792"}],"curies":[{"name":"wp","href":"https:\/\/api.w.org\/{rel}","templated":true}]}}