{"id":2852,"date":"2023-06-16T08:06:26","date_gmt":"2023-06-16T06:06:26","guid":{"rendered":"https:\/\/mbolasers.com\/product\/50-mm-schwenkvorrichtung\/"},"modified":"2023-06-16T08:06:26","modified_gmt":"2023-06-16T06:06:26","slug":"50-mm-schwenkvorrichtung","status":"publish","type":"product","link":"https:\/\/strange-williamson.213-165-80-63.plesk.page\/de\/produkt\/50-mm-schwenkvorrichtung\/","title":{"rendered":"50 mm Schwenkvorrichtung"},"content":{"rendered":"","protected":false},"excerpt":{"rendered":"<p>F\u00fcr Schmuckringe oder Zylinder \u00e4hnlicher Gr\u00f6\u00dfe<\/p>\n","protected":false},"featured_media":970,"template":"","meta":{"inline_featured_image":false},"product_brand":[],"product_cat":[765],"product_tag":[],"class_list":{"0":"post-2852","1":"product","2":"type-product","3":"status-publish","4":"has-post-thumbnail","6":"product_cat-zubehor","8":"first","9":"instock","10":"taxable","11":"shipping-taxable","12":"purchasable","13":"product-type-simple"},"_links":{"self":[{"href":"https:\/\/strange-williamson.213-165-80-63.plesk.page\/de\/wp-json\/wp\/v2\/product\/2852","targetHints":{"allow":["GET"]}}],"collection":[{"href":"https:\/\/strange-williamson.213-165-80-63.plesk.page\/de\/wp-json\/wp\/v2\/product"}],"about":[{"href":"https:\/\/strange-williamson.213-165-80-63.plesk.page\/de\/wp-json\/wp\/v2\/types\/product"}],"version-history":[{"count":0,"href":"https:\/\/strange-williamson.213-165-80-63.plesk.page\/de\/wp-json\/wp\/v2\/product\/2852\/revisions"}],"wp:featuredmedia":[{"embeddable":true,"href":"https:\/\/strange-williamson.213-165-80-63.plesk.page\/de\/wp-json\/wp\/v2\/media\/970"}],"wp:attachment":[{"href":"https:\/\/strange-williamson.213-165-80-63.plesk.page\/de\/wp-json\/wp\/v2\/media?parent=2852"}],"wp:term":[{"taxonomy":"product_brand","embeddable":true,"href":"https:\/\/strange-williamson.213-165-80-63.plesk.page\/de\/wp-json\/wp\/v2\/product_brand?post=2852"},{"taxonomy":"product_cat","embeddable":true,"href":"https:\/\/strange-williamson.213-165-80-63.plesk.page\/de\/wp-json\/wp\/v2\/product_cat?post=2852"},{"taxonomy":"product_tag","embeddable":true,"href":"https:\/\/strange-williamson.213-165-80-63.plesk.page\/de\/wp-json\/wp\/v2\/product_tag?post=2852"}],"curies":[{"name":"wp","href":"https:\/\/api.w.org\/{rel}","templated":true}]}}