{"id":2325,"date":"2023-06-14T08:23:06","date_gmt":"2023-06-14T06:23:06","guid":{"rendered":"https:\/\/mbolasers.com\/blog\/"},"modified":"2024-01-19T07:42:10","modified_gmt":"2024-01-19T06:42:10","slug":"blog","status":"publish","type":"page","link":"https:\/\/strange-williamson.213-165-80-63.plesk.page\/fr\/blog\/","title":{"rendered":"Blog"},"content":{"rendered":"\t\t<div data-elementor-type=\"wp-page\" data-elementor-id=\"2325\" class=\"elementor elementor-2325 elementor-323\">\n\t\t\t\t\t\t<section class=\"elementor-section elementor-top-section elementor-element elementor-element-06cefea elementor-section-stretched elementor-section-boxed elementor-section-height-default elementor-section-height-default\" data-id=\"06cefea\" data-element_type=\"section\" data-e-type=\"section\" id=\"aquisi\" data-settings=\"{&quot;stretch_section&quot;:&quot;section-stretched&quot;,&quot;shape_divider_top&quot;:&quot;mountains&quot;,&quot;shape_divider_bottom&quot;:&quot;mountains&quot;}\">\n\t\t\t\t\t\t\t<div class=\"elementor-background-overlay\"><\/div>\n\t\t\t\t\t\t<div class=\"elementor-shape elementor-shape-top\" aria-hidden=\"true\" data-negative=\"false\">\n\t\t\t<svg xmlns=\"http:\/\/www.w3.org\/2000\/svg\" viewBox=\"0 0 1000 100\" preserveAspectRatio=\"none\">\n\t<path class=\"elementor-shape-fill\" opacity=\"0.33\" d=\"M473,67.3c-203.9,88.3-263.1-34-320.3,0C66,119.1,0,59.7,0,59.7V0h1000v59.7 c0,0-62.1,26.1-94.9,29.3c-32.8,3.3-62.8-12.3-75.8-22.1C806,49.6,745.3,8.7,694.9,4.7S492.4,59,473,67.3z\"\/>\n\t<path class=\"elementor-shape-fill\" opacity=\"0.66\" d=\"M734,67.3c-45.5,0-77.2-23.2-129.1-39.1c-28.6-8.7-150.3-10.1-254,39.1 s-91.7-34.4-149.2,0C115.7,118.3,0,39.8,0,39.8V0h1000v36.5c0,0-28.2-18.5-92.1-18.5C810.2,18.1,775.7,67.3,734,67.3z\"\/>\n\t<path class=\"elementor-shape-fill\" d=\"M766.1,28.9c-200-57.5-266,65.5-395.1,19.5C242,1.8,242,5.4,184.8,20.6C128,35.8,132.3,44.9,89.9,52.5C28.6,63.7,0,0,0,0 h1000c0,0-9.9,40.9-83.6,48.1S829.6,47,766.1,28.9z\"\/>\n<\/svg>\t\t<\/div>\n\t\t\t\t<div class=\"elementor-shape elementor-shape-bottom\" aria-hidden=\"true\" data-negative=\"false\">\n\t\t\t<svg xmlns=\"http:\/\/www.w3.org\/2000\/svg\" viewBox=\"0 0 1000 100\" preserveAspectRatio=\"none\">\n\t<path class=\"elementor-shape-fill\" opacity=\"0.33\" d=\"M473,67.3c-203.9,88.3-263.1-34-320.3,0C66,119.1,0,59.7,0,59.7V0h1000v59.7 c0,0-62.1,26.1-94.9,29.3c-32.8,3.3-62.8-12.3-75.8-22.1C806,49.6,745.3,8.7,694.9,4.7S492.4,59,473,67.3z\"\/>\n\t<path class=\"elementor-shape-fill\" opacity=\"0.66\" d=\"M734,67.3c-45.5,0-77.2-23.2-129.1-39.1c-28.6-8.7-150.3-10.1-254,39.1 s-91.7-34.4-149.2,0C115.7,118.3,0,39.8,0,39.8V0h1000v36.5c0,0-28.2-18.5-92.1-18.5C810.2,18.1,775.7,67.3,734,67.3z\"\/>\n\t<path class=\"elementor-shape-fill\" d=\"M766.1,28.9c-200-57.5-266,65.5-395.1,19.5C242,1.8,242,5.4,184.8,20.6C128,35.8,132.3,44.9,89.9,52.5C28.6,63.7,0,0,0,0 h1000c0,0-9.9,40.9-83.6,48.1S829.6,47,766.1,28.9z\"\/>\n<\/svg>\t\t<\/div>\n\t\t\t\t\t<div class=\"elementor-container elementor-column-gap-default\">\n\t\t\t\t\t<div class=\"elementor-column elementor-col-100 elementor-top-column elementor-element elementor-element-3298ffe\" data-id=\"3298ffe\" data-element_type=\"column\" data-e-type=\"column\">\n\t\t\t<div class=\"elementor-widget-wrap elementor-element-populated\">\n\t\t\t\t\t\t<div class=\"elementor-element elementor-element-f6616ed elementor-widget elementor-widget-heading\" data-id=\"f6616ed\" data-element_type=\"widget\" data-e-type=\"widget\" data-widget_type=\"heading.default\">\n\t\t\t\t<div class=\"elementor-widget-container\">\n\t\t\t\t\t<h1 class=\"elementor-heading-title elementor-size-default\">Blog<\/h1>\t\t\t\t<\/div>\n\t\t\t\t<\/div>\n\t\t\t\t<div class=\"elementor-element elementor-element-b4de5d5 elementor-widget elementor-widget-heading\" data-id=\"b4de5d5\" data-element_type=\"widget\" data-e-type=\"widget\" data-widget_type=\"heading.default\">\n\t\t\t\t<div class=\"elementor-widget-container\">\n\t\t\t\t\t<h2 class=\"elementor-heading-title elementor-size-default\">R\u00e9v\u00e9ler les secrets du laser : avanc\u00e9es, techniques et applications en gravure et d\u00e9coupe dans notre blog technologique.<\/h2>\t\t\t\t<\/div>\n\t\t\t\t<\/div>\n\t\t\t\t\t<\/div>\n\t\t<\/div>\n\t\t\t\t\t<\/div>\n\t\t<\/section>\n\t\t\t\t<section class=\"elementor-section elementor-top-section elementor-element elementor-element-87c4701 elementor-section-boxed elementor-section-height-default elementor-section-height-default\" data-id=\"87c4701\" data-element_type=\"section\" data-e-type=\"section\">\n\t\t\t\t\t\t<div class=\"elementor-container elementor-column-gap-default\">\n\t\t\t\t\t<div class=\"elementor-column elementor-col-100 elementor-top-column elementor-element elementor-element-891b3d2\" data-id=\"891b3d2\" data-element_type=\"column\" data-e-type=\"column\">\n\t\t\t<div class=\"elementor-widget-wrap elementor-element-populated\">\n\t\t\t\t\t\t<div class=\"elementor-element elementor-element-f93fa1e meta-visibility-show title_position_default title_hover_border_default title-default img_hover_animation_default meta_position_default tpg-category-position-default grid-hover-overlay-type-always tpg-el-box-border-enable tpg-border-bottom-disable elementor-widget elementor-widget-tpg-grid-layout\" data-id=\"f93fa1e\" data-element_type=\"widget\" data-e-type=\"widget\" data-widget_type=\"tpg-grid-layout.default\">\n\t\t\t\t<div class=\"elementor-widget-container\">\n\t\t\t\t\t\t\t<div class=\"rt-container-fluid rt-tpg-container tpg-el-main-wrapper clearfix grid-layout1-main \"\n\t\t\t id=\"rt-tpg-container-962802012\"\n\t\t\t data-layout=\"grid-layout1\"\n\t\t\t data-grid-style=\"tpg-full-height\"\n\t\t\t data-sc-id=\"elementor\"\n\t\t\t data-el-settings=''\n\t\t\t data-el-query=''\n\t\t\t data-el-path=''\n\t\t>\n\t\t\t\t\t\t\t<div id=\"bottom-script-loader\" class=\"bottom-script-loader\">\n\t\t\t\t\t<div class=\"rt-ball-clip-rotate\">\n\t\t\t\t\t\t<div><\/div>\n\t\t\t\t\t<\/div>\n\t\t\t\t<\/div>\n\t\t\t\t\t\t\t<div class='tpg-header-wrapper '>\n\t\t\t\t\t\t\t<\/div>\n\n\t\t\t<div data-title=\"Loading ...\" class=\"rt-row rt-content-loader grid-layout1 grid-behaviour tpg-full-height grid_layout_wrapper\">\n\t\t\t\t<div class=\"rt-col-md-4 rt-col-sm-6 rt-col-xs-12 default rt-grid-item post-2336 post type-post status-publish format-standard has-post-thumbnail hentry category-applications-et-cas-de-reussite\"        data-id=\"2336\">\n    <div class=\"rt-holder tpg-post-holder \">\n        <div class=\"rt-detail rt-el-content-wrapper\">\n\t\t\t                <div class=\"rt-img-holder tpg-el-image-wrap has-thumbnail\">\n\t\t\t\t\t<a data-id=\"2336\" href=\"https:\/\/strange-williamson.213-165-80-63.plesk.page\/fr\/applications-et-reussites-des-technologies-de-fabrication-avancees-decoupe-et-gravure-au-laser-co2-marquage-avec-lasers-a-fibre-fraisage-cnc-et-decoupe-de-metal-avec-lasers-a-fibre\/\" class=\"tpg-post-link\" target=\"_self\">                        <img fetchpriority=\"high\" decoding=\"async\" src=\"https:\/\/strange-williamson.213-165-80-63.plesk.page\/wp-content\/uploads\/2023\/06\/laser-cut-co2-768x511.jpeg\"\n                             class=\"rt-img-responsive\"\n                             width=\"768\"\n                             height=\"511\"\n                             alt=\"Applications et r\u00e9ussites des technologies de fabrication avanc\u00e9es\u00a0: d\u00e9coupe et gravure au laser CO2, marquage avec lasers \u00e0 fibre, fraisage CNC et d\u00e9coupe de m\u00e9tal avec lasers \u00e0 fibre.\">\n\t\t\t\t\t\t\n\t\t\t\t\t\t\t\n\t\t<\/a>\n\t\t        <div class=\"overlay grid-hover-content\"><\/div>\n\t\t                <\/div>\n\t\t\t\n\t\t\t<div class=\"entry-title-wrapper\"><h2 class=\"entry-title\"><a data-id=\"2336\" href=\"https:\/\/strange-williamson.213-165-80-63.plesk.page\/fr\/applications-et-reussites-des-technologies-de-fabrication-avancees-decoupe-et-gravure-au-laser-co2-marquage-avec-lasers-a-fibre-fraisage-cnc-et-decoupe-de-metal-avec-lasers-a-fibre\/\" class=\"tpg-post-link\" target=\"_self\">Applications et r\u00e9ussites des technologies de fabrication avanc\u00e9es\u00a0: d\u00e9coupe et gravure au laser CO2, marquage avec lasers \u00e0 fibre, fraisage CNC et d\u00e9coupe de m\u00e9tal avec lasers \u00e0 fibre.<\/a><\/h2><\/div>\n\t\t\t                <div class=\"post-meta-tags rt-el-post-meta\">\n\t\t\t\t\t            <span class='categories-links'>\n\t\t\t\t<i class='fas fa-folder-open '><\/i><a class=\"applications-et-cas-de-reussite\" href=\"https:\/\/strange-williamson.213-165-80-63.plesk.page\/fr\/categorie-fr\/applications-et-cas-de-reussite\/\">Applications et Cas de r\u00e9ussite<\/a>\t\t\t<\/span>\n\t\t\t                <\/div>\n\t\t\t\n\n\t\t\t                <div class=\"tpg-excerpt tpg-el-excerpt\">\n\t\t\t\t\t                        <div class=\"tpg-excerpt-inner\">\n\t\t\t\t\t\t\tDans le monde de la fabrication, les technologies avanc\u00e9es telles que la d\u00e9coupe et la gravure au laser CO2, le marquage laser \u00e0 fibre, le fraisage CNC et la d\u00e9coupe de m\u00e9taux au laser \u00e0 fibre...                        <\/div>\n\t\t\t\t\t\t\t\t\t\t                <\/div>\n\t\t\t\n\t\t\t        <\/div>\n    <\/div>\n<\/div>\n<div class=\"rt-col-md-4 rt-col-sm-6 rt-col-xs-12 default rt-grid-item post-2338 post type-post status-publish format-standard has-post-thumbnail hentry category-technologie-fr\"        data-id=\"2338\">\n    <div class=\"rt-holder tpg-post-holder \">\n        <div class=\"rt-detail rt-el-content-wrapper\">\n\t\t\t                <div class=\"rt-img-holder tpg-el-image-wrap has-thumbnail\">\n\t\t\t\t\t<a data-id=\"2338\" href=\"https:\/\/strange-williamson.213-165-80-63.plesk.page\/fr\/maitriser-la-precision-des-fraiseuses-cnc-pour-une-production-de-pointe\/\" class=\"tpg-post-link\" target=\"_self\">                        <img decoding=\"async\" src=\"https:\/\/strange-williamson.213-165-80-63.plesk.page\/wp-content\/uploads\/2023\/12\/mbo-cnc-768x512.jpeg\"\n                             class=\"rt-img-responsive\"\n                             width=\"768\"\n                             height=\"512\"\n                             alt=\"Ma\u00eetriser la pr\u00e9cision : des fraiseuses CNC pour une production de pointe\">\n\t\t\t\t\t\t\n\t\t\t\t\t\t\t\n\t\t<\/a>\n\t\t        <div class=\"overlay grid-hover-content\"><\/div>\n\t\t                <\/div>\n\t\t\t\n\t\t\t<div class=\"entry-title-wrapper\"><h2 class=\"entry-title\"><a data-id=\"2338\" href=\"https:\/\/strange-williamson.213-165-80-63.plesk.page\/fr\/maitriser-la-precision-des-fraiseuses-cnc-pour-une-production-de-pointe\/\" class=\"tpg-post-link\" target=\"_self\">Ma\u00eetriser la pr\u00e9cision : des fraiseuses CNC pour une production de pointe<\/a><\/h2><\/div>\n\t\t\t                <div class=\"post-meta-tags rt-el-post-meta\">\n\t\t\t\t\t            <span class='categories-links'>\n\t\t\t\t<i class='fas fa-folder-open '><\/i><a class=\"technologie-fr\" href=\"https:\/\/strange-williamson.213-165-80-63.plesk.page\/fr\/categorie-fr\/technologie-fr\/\">Technologie<\/a>\t\t\t<\/span>\n\t\t\t                <\/div>\n\t\t\t\n\n\t\t\t                <div class=\"tpg-excerpt tpg-el-excerpt\">\n\t\t\t\t\t                        <div class=\"tpg-excerpt-inner\">\n\t\t\t\t\t\t\tDans le monde de la fabrication et de l\u2019usinage, les fraiseuses CNC ont r\u00e9volutionn\u00e9 la fa\u00e7on dont les pi\u00e8ces et composants sont produits avec une pr\u00e9cision et une efficacit\u00e9 sans pr\u00e9c\u00e9dent...                        <\/div>\n\t\t\t\t\t\t\t\t\t\t                <\/div>\n\t\t\t\n\t\t\t        <\/div>\n    <\/div>\n<\/div>\n<div class=\"rt-col-md-4 rt-col-sm-6 rt-col-xs-12 default rt-grid-item post-2340 post type-post status-publish format-standard has-post-thumbnail hentry category-technologie-fr\"        data-id=\"2340\">\n    <div class=\"rt-holder tpg-post-holder \">\n        <div class=\"rt-detail rt-el-content-wrapper\">\n\t\t\t                <div class=\"rt-img-holder tpg-el-image-wrap has-thumbnail\">\n\t\t\t\t\t<a data-id=\"2340\" href=\"https:\/\/strange-williamson.213-165-80-63.plesk.page\/fr\/decoupe-des-metaux-avec-laser-fibre-une-revolution-dans-lindustrie-de-lusinage\/\" class=\"tpg-post-link\" target=\"_self\">                        <img decoding=\"async\" src=\"https:\/\/strange-williamson.213-165-80-63.plesk.page\/wp-content\/uploads\/2023\/06\/metal-laser-cut-1d-768x505.jpg\"\n                             class=\"rt-img-responsive\"\n                             width=\"768\"\n                             height=\"505\"\n                             alt=\"D\u00e9coupe des m\u00e9taux avec laser fibre : Une r\u00e9volution dans l&rsquo;industrie de l&rsquo;usinage\">\n\t\t\t\t\t\t\n\t\t\t\t\t\t\t\n\t\t<\/a>\n\t\t        <div class=\"overlay grid-hover-content\"><\/div>\n\t\t                <\/div>\n\t\t\t\n\t\t\t<div class=\"entry-title-wrapper\"><h2 class=\"entry-title\"><a data-id=\"2340\" href=\"https:\/\/strange-williamson.213-165-80-63.plesk.page\/fr\/decoupe-des-metaux-avec-laser-fibre-une-revolution-dans-lindustrie-de-lusinage\/\" class=\"tpg-post-link\" target=\"_self\">D\u00e9coupe des m\u00e9taux avec laser fibre : Une r\u00e9volution dans l&rsquo;industrie de l&rsquo;usinage<\/a><\/h2><\/div>\n\t\t\t                <div class=\"post-meta-tags rt-el-post-meta\">\n\t\t\t\t\t            <span class='categories-links'>\n\t\t\t\t<i class='fas fa-folder-open '><\/i><a class=\"technologie-fr\" href=\"https:\/\/strange-williamson.213-165-80-63.plesk.page\/fr\/categorie-fr\/technologie-fr\/\">Technologie<\/a>\t\t\t<\/span>\n\t\t\t                <\/div>\n\t\t\t\n\n\t\t\t                <div class=\"tpg-excerpt tpg-el-excerpt\">\n\t\t\t\t\t                        <div class=\"tpg-excerpt-inner\">\n\t\t\t\t\t\t\tLa d\u00e9coupe des m\u00e9taux est un processus essentiel dans l'industrie de l'usinage, utilis\u00e9 dans un large \u00e9ventail d'applications, de la construction automobile \u00e0 la construction a\u00e9ronautique...                        <\/div>\n\t\t\t\t\t\t\t\t\t\t                <\/div>\n\t\t\t\n\t\t\t        <\/div>\n    <\/div>\n<\/div>\n<div class=\"rt-col-md-4 rt-col-sm-6 rt-col-xs-12 default rt-grid-item post-2345 post type-post status-publish format-standard has-post-thumbnail hentry category-technologie-fr\"        data-id=\"2345\">\n    <div class=\"rt-holder tpg-post-holder \">\n        <div class=\"rt-detail rt-el-content-wrapper\">\n\t\t\t                <div class=\"rt-img-holder tpg-el-image-wrap has-thumbnail\">\n\t\t\t\t\t<a data-id=\"2345\" href=\"https:\/\/strange-williamson.213-165-80-63.plesk.page\/fr\/explorer-le-monde-fascinant-de-la-decoupe-et-de-la-gravure-au-laser-co2\/\" class=\"tpg-post-link\" target=\"_self\">                        <img loading=\"lazy\" decoding=\"async\" src=\"https:\/\/strange-williamson.213-165-80-63.plesk.page\/wp-content\/uploads\/2023\/12\/co2-laser-cut-768x512.jpeg\"\n                             class=\"rt-img-responsive\"\n                             width=\"768\"\n                             height=\"512\"\n                             alt=\"Explorer le monde fascinant de la d\u00e9coupe et de la gravure au laser CO2\">\n\t\t\t\t\t\t\n\t\t\t\t\t\t\t\n\t\t<\/a>\n\t\t        <div class=\"overlay grid-hover-content\"><\/div>\n\t\t                <\/div>\n\t\t\t\n\t\t\t<div class=\"entry-title-wrapper\"><h2 class=\"entry-title\"><a data-id=\"2345\" href=\"https:\/\/strange-williamson.213-165-80-63.plesk.page\/fr\/explorer-le-monde-fascinant-de-la-decoupe-et-de-la-gravure-au-laser-co2\/\" class=\"tpg-post-link\" target=\"_self\">Explorer le monde fascinant de la d\u00e9coupe et de la gravure au laser CO2<\/a><\/h2><\/div>\n\t\t\t                <div class=\"post-meta-tags rt-el-post-meta\">\n\t\t\t\t\t            <span class='categories-links'>\n\t\t\t\t<i class='fas fa-folder-open '><\/i><a class=\"technologie-fr\" href=\"https:\/\/strange-williamson.213-165-80-63.plesk.page\/fr\/categorie-fr\/technologie-fr\/\">Technologie<\/a>\t\t\t<\/span>\n\t\t\t                <\/div>\n\t\t\t\n\n\t\t\t                <div class=\"tpg-excerpt tpg-el-excerpt\">\n\t\t\t\t\t                        <div class=\"tpg-excerpt-inner\">\n\t\t\t\t\t\t\tLa d\u00e9coupe et la gravure au laser CO2 ont r\u00e9volutionn\u00e9 le secteur du design et de la personnalisation...                        <\/div>\n\t\t\t\t\t\t\t\t\t\t                <\/div>\n\t\t\t\n\t\t\t        <\/div>\n    <\/div>\n<\/div>\n<div class=\"rt-col-md-4 rt-col-sm-6 rt-col-xs-12 default rt-grid-item post-2347 post type-post status-publish format-standard has-post-thumbnail hentry category-technologie-fr\"        data-id=\"2347\">\n    <div class=\"rt-holder tpg-post-holder \">\n        <div class=\"rt-detail rt-el-content-wrapper\">\n\t\t\t                <div class=\"rt-img-holder tpg-el-image-wrap has-thumbnail\">\n\t\t\t\t\t<a data-id=\"2347\" href=\"https:\/\/strange-williamson.213-165-80-63.plesk.page\/fr\/maitriser-lart-du-marquage-laser-fibre-precision-et-polyvalence-dans-un-seul-outil\/\" class=\"tpg-post-link\" target=\"_self\">                        <img loading=\"lazy\" decoding=\"async\" src=\"https:\/\/strange-williamson.213-165-80-63.plesk.page\/wp-content\/uploads\/2023\/06\/mbo-fiber-laser-3-1-768x512.jpeg\"\n                             class=\"rt-img-responsive\"\n                             width=\"768\"\n                             height=\"512\"\n                             alt=\"Ma\u00eetriser l\u2019art du marquage laser fibre\u00a0: pr\u00e9cision et polyvalence dans un seul outil\">\n\t\t\t\t\t\t\n\t\t\t\t\t\t\t\n\t\t<\/a>\n\t\t        <div class=\"overlay grid-hover-content\"><\/div>\n\t\t                <\/div>\n\t\t\t\n\t\t\t<div class=\"entry-title-wrapper\"><h2 class=\"entry-title\"><a data-id=\"2347\" href=\"https:\/\/strange-williamson.213-165-80-63.plesk.page\/fr\/maitriser-lart-du-marquage-laser-fibre-precision-et-polyvalence-dans-un-seul-outil\/\" class=\"tpg-post-link\" target=\"_self\">Ma\u00eetriser l\u2019art du marquage laser fibre\u00a0: pr\u00e9cision et polyvalence dans un seul outil<\/a><\/h2><\/div>\n\t\t\t                <div class=\"post-meta-tags rt-el-post-meta\">\n\t\t\t\t\t            <span class='categories-links'>\n\t\t\t\t<i class='fas fa-folder-open '><\/i><a class=\"technologie-fr\" href=\"https:\/\/strange-williamson.213-165-80-63.plesk.page\/fr\/categorie-fr\/technologie-fr\/\">Technologie<\/a>\t\t\t<\/span>\n\t\t\t                <\/div>\n\t\t\t\n\n\t\t\t                <div class=\"tpg-excerpt tpg-el-excerpt\">\n\t\t\t\t\t                        <div class=\"tpg-excerpt-inner\">\n\t\t\t\t\t\t\tDans le monde passionnant de l\u2019industrie et de la fabrication, la technologie laser s\u2019est av\u00e9r\u00e9e \u00eatre l\u2019un des outils les plus polyvalents et les plus efficaces...                        <\/div>\n\t\t\t\t\t\t\t\t\t\t                <\/div>\n\t\t\t\n\t\t\t        <\/div>\n    <\/div>\n<\/div>\n\t\t\t<\/div>\n\t\t\t\n\t\t<\/div>\n\t\t\t\t\t\t<\/div>\n\t\t\t\t<\/div>\n\t\t\t\t\t<\/div>\n\t\t<\/div>\n\t\t\t\t\t<\/div>\n\t\t<\/section>\n\t\t\t\t<\/div>\n\t\t","protected":false},"excerpt":{"rendered":"<p>Blog R\u00e9v\u00e9ler les secrets du laser : avanc\u00e9es, techniques et applications en gravure et d\u00e9coupe dans notre blog technologique. Aplicaciones y casos de \u00e9xito de tecnolog\u00edas de fabricaci\u00f3n avanzadas: corte y grabado l\u00e1ser CO2, marcado con l\u00e1seres de fibra, fresado CNC y corte de metales con l\u00e1seres de fibra Aplicaciones y Casos de \u00e9xito En [&hellip;]<\/p>\n","protected":false},"author":1,"featured_media":0,"parent":0,"menu_order":0,"comment_status":"closed","ping_status":"closed","template":"page-templates\/pagebuilder.php","meta":{"inline_featured_image":false,"footnotes":""},"class_list":["post-2325","page","type-page","status-publish","hentry"],"rttpg_featured_image_url":null,"rttpg_author":{"display_name":"sl","author_link":"https:\/\/strange-williamson.213-165-80-63.plesk.page\/fr\/author\/crealogica\/"},"rttpg_comment":0,"rttpg_category":"","rttpg_excerpt":"Blog R\u00e9v\u00e9ler les secrets du laser : avanc\u00e9es, techniques et applications en gravure et d\u00e9coupe dans notre blog technologique. Aplicaciones y casos de \u00e9xito de tecnolog\u00edas de fabricaci\u00f3n avanzadas: corte y grabado l\u00e1ser CO2, marcado con l\u00e1seres de fibra, fresado CNC y corte de metales con l\u00e1seres de fibra Aplicaciones y Casos de \u00e9xito En\u2026","_links":{"self":[{"href":"https:\/\/strange-williamson.213-165-80-63.plesk.page\/fr\/wp-json\/wp\/v2\/pages\/2325","targetHints":{"allow":["GET"]}}],"collection":[{"href":"https:\/\/strange-williamson.213-165-80-63.plesk.page\/fr\/wp-json\/wp\/v2\/pages"}],"about":[{"href":"https:\/\/strange-williamson.213-165-80-63.plesk.page\/fr\/wp-json\/wp\/v2\/types\/page"}],"author":[{"embeddable":true,"href":"https:\/\/strange-williamson.213-165-80-63.plesk.page\/fr\/wp-json\/wp\/v2\/users\/1"}],"replies":[{"embeddable":true,"href":"https:\/\/strange-williamson.213-165-80-63.plesk.page\/fr\/wp-json\/wp\/v2\/comments?post=2325"}],"version-history":[{"count":0,"href":"https:\/\/strange-williamson.213-165-80-63.plesk.page\/fr\/wp-json\/wp\/v2\/pages\/2325\/revisions"}],"wp:attachment":[{"href":"https:\/\/strange-williamson.213-165-80-63.plesk.page\/fr\/wp-json\/wp\/v2\/media?parent=2325"}],"curies":[{"name":"wp","href":"https:\/\/api.w.org\/{rel}","templated":true}]}}