{"id":3093,"date":"2023-06-15T16:59:27","date_gmt":"2023-06-15T14:59:27","guid":{"rendered":"https:\/\/mbolasers.com\/politica-de-privacidad\/"},"modified":"2024-03-01T18:34:36","modified_gmt":"2024-03-01T17:34:36","slug":"privacy-policy","status":"publish","type":"page","link":"https:\/\/strange-williamson.213-165-80-63.plesk.page\/fr\/privacy-policy\/","title":{"rendered":"Politique de confidentialit\u00e9"},"content":{"rendered":"<p><strong>Politique de protection des donn\u00e9es Bomedia SL<\/strong><\/p><p>Aux fins du respect des dispositions de la loi organique 15\/1999 du 13 d\u00e9cembre sur la protection des donn\u00e9es personnelles, vous \u00eates inform\u00e9 que les donn\u00e9es fournies par vous, y compris l&rsquo;adresse IP de l&rsquo;ordinateur \u00e0 partir duquel vous acc\u00e9dez, seront inclus dans un fichier propri\u00e9t\u00e9 de Boprint.net (BOMEDIA SL), et sera utilis\u00e9 uniquement pour la gestion des commandes et le suivi des statistiques d&rsquo;acc\u00e8s \u00e0 notre site Web.<\/p><p>En envoyant les informations ci-dessus, vous consentez au traitement d\u00e9crit. Vos donn\u00e9es seront trait\u00e9es de mani\u00e8re confidentielle, en appliquant les mesures techniques ou organisationnelles \u00e9tablies par la l\u00e9gislation en vigueur pour emp\u00eacher tout acc\u00e8s abusif, manipulation ou \u00e9limination, sans, en aucun cas, \u00eatre transf\u00e9r\u00e9es \u00e0 d&rsquo;autres entit\u00e9s ou tiers.<\/p><p>Cependant, vous pouvez, \u00e0 tout moment, exercer vos droits d&rsquo;acc\u00e8s, d&rsquo;annulation ou de rectification par rapport \u00e0 ces donn\u00e9es, en en faisant la demande \u00e0 l&rsquo;adresse info@bomedia.net<\/p><p><strong>POLITIQUE DE COOKIES<\/strong><\/p><p>Un cookie est un fichier t\u00e9l\u00e9charg\u00e9 sur votre ordinateur lorsque vous acc\u00e9dez \u00e0 certaines pages Web. Les cookies permettent, entre autres, \u00e0 un site Web de stocker et de r\u00e9cup\u00e9rer des informations sur les habitudes de navigation d&rsquo;un utilisateur ou de son \u00e9quipement et, en fonction des informations qu&rsquo;ils contiennent et de la mani\u00e8re dont vous utilisez votre \u00e9quipement, ils peuvent \u00eatre utilis\u00e9s pour reconna\u00eetre l&rsquo;utilisateur. Le navigateur de l&rsquo;utilisateur m\u00e9morise les cookies sur le disque dur uniquement pendant la session en cours, occupant un minimum d&rsquo;espace m\u00e9moire et n&rsquo;endommageant pas l&rsquo;ordinateur. Les cookies ne contiennent aucune information personnelle sp\u00e9cifique et la plupart d&rsquo;entre eux sont supprim\u00e9s du disque dur \u00e0 la fin de la session du navigateur (appel\u00e9s cookies de session).<br>La plupart des navigateurs acceptent les cookies par d\u00e9faut et, ind\u00e9pendamment d&rsquo;eux, autorisent ou emp\u00eachent les cookies temporaires ou m\u00e9moris\u00e9s dans les param\u00e8tres de s\u00e9curit\u00e9. Sans votre consentement expr\u00e8s \u2013 en activant les cookies dans votre navigateur \u2013 Bomedia ne reliera pas les donn\u00e9es stock\u00e9es dans les cookies avec vos donn\u00e9es personnelles fournies au moment de l\u2019inscription ou de l\u2019achat.<\/p><p><strong>Quels types de cookies ce site Web utilise-t-il ?<\/strong><\/p><p>\u2013 Cookies techniques : ce sont ceux qui permettent \u00e0 l\u2019utilisateur de naviguer sur une page web, une plateforme ou une application et d\u2019utiliser les diff\u00e9rentes options ou services qui y existent, comme, par exemple, le contr\u00f4le du trafic et de la communication des donn\u00e9es, l\u2019identification de la session, l\u2019acc\u00e8s restreint. acc\u00e9der aux pi\u00e8ces, m\u00e9moriser les \u00e9l\u00e9ments qui composent une commande, effectuer le processus d&rsquo;achat d&rsquo;une commande, faire la demande d&rsquo;inscription ou de participation \u00e0 un \u00e9v\u00e9nement, utiliser des \u00e9l\u00e9ments de s\u00e9curit\u00e9 lors de la navigation, stocker du contenu pour la diffusion de vid\u00e9os ou de sons ou le partage de contenu \u00e0 travers les r\u00e9seaux sociaux.<br>\u2013 Cookies de personnalisation : ce sont ceux qui permettent \u00e0 l&rsquo;utilisateur d&rsquo;acc\u00e9der au service avec certaines caract\u00e9ristiques g\u00e9n\u00e9rales pr\u00e9d\u00e9finies en fonction d&rsquo;une s\u00e9rie de crit\u00e8res sur le terminal de l&rsquo;utilisateur, tels que la langue, le type de navigateur par lequel l&rsquo;utilisateur acc\u00e8de au service, la langue \u00e0 partir de laquelle vous acc\u00e9dez au service, etc.<br>\u2013 Cookies d\u2019analyse : Ce sont ceux qui, bien trait\u00e9s par nous ou par des tiers, nous permettent de quantifier le nombre d\u2019utilisateurs et ainsi r\u00e9aliser la mesure et l\u2019analyse statistique de l\u2019utilisation faite par les utilisateurs du service propos\u00e9. Pour ce faire, votre navigation sur notre site Internet est analys\u00e9e afin d&rsquo;am\u00e9liorer l&rsquo;offre de produits ou services que nous proposons. \u2013 Cookies publicitaires : Ce sont ceux qui, qu&rsquo;ils soient trait\u00e9s par nous ou par des tiers, nous permettent de les g\u00e9rer dans le de la mani\u00e8re la plus efficace possible, l&rsquo;offre d&rsquo;espaces publicitaires sur le site Internet, en adaptant le contenu de l&rsquo;annonce au contenu du service demand\u00e9 ou \u00e0 l&rsquo;utilisation que vous faites de notre site Internet. Pour ce faire, nous pouvons analyser vos habitudes de navigation sur Internet et vous montrer des publicit\u00e9s li\u00e9es \u00e0 votre profil de navigation. \u2013 Cookies de publicit\u00e9 comportementale : Ce sont ceux qui permettent de g\u00e9rer, de la mani\u00e8re la plus efficace possible, les espaces publicitaires qui , le cas \u00e9ch\u00e9ant, , l&rsquo;\u00e9diteur a inclus sur une page web, une application ou une plateforme \u00e0 partir de laquelle le service demand\u00e9 est fourni. Ces cookies stockent des informations sur le comportement des utilisateurs obtenues gr\u00e2ce \u00e0 l&rsquo;observation continue de leurs habitudes de navigation, ce qui permet le d\u00e9veloppement d&rsquo;un profil sp\u00e9cifique pour afficher des publicit\u00e9s bas\u00e9es sur celui-ci. Cookies tiers&nbsp;: Le site Web Bomedia peut utiliser des services tiers qui, pour le compte de Bomedia, collectera des informations \u00e0 des fins statistiques, pour l&rsquo;utilisation du Site par l&rsquo;utilisateur et pour la fourniture d&rsquo;autres services li\u00e9s \u00e0 l&rsquo;activit\u00e9 du Site Web et d&rsquo;autres services Internet. En particulier, ce Site Web utilise Google Analytics, un service d&rsquo;analyse Web. fourni par Google, Inc. domicili\u00e9 aux \u00c9tats-Unis dont le si\u00e8ge social est situ\u00e9 1600 Amphitheatre Parkway, Mountain View, Californie 94043. Pour fournir ces services, ils utilisent des cookies qui collectent des informations, y compris l&rsquo;adresse IP de l&rsquo;utilisateur, qui seront transmises, trait\u00e9s et stock\u00e9s par Google dans les conditions \u00e9tablies sur le site Web Google.com. Y compris la transmission \u00e9ventuelle de ces informations \u00e0 des tiers pour des raisons d&rsquo;exigence l\u00e9gale ou lorsque ces tiers traitent les informations pour le compte de Google.<\/p><p><strong>L&rsquo;Utilisateur accepte express\u00e9ment, en utilisant ce Site, le traitement des informations collect\u00e9es de la mani\u00e8re et pour les finalit\u00e9s mentionn\u00e9es ci-dessus. <\/strong>Et vous reconnaissez \u00e9galement conna\u00eetre la possibilit\u00e9 de refuser le traitement de ces donn\u00e9es ou informations en refusant l&rsquo;utilisation de Cookies en s\u00e9lectionnant les param\u00e8tres appropri\u00e9s \u00e0 cet effet dans votre navigateur. Toutefois, cette option de blocage des cookies dans votre navigateur peut ne pas vous permettre d&rsquo;utiliser pleinement toutes les fonctionnalit\u00e9s du site Web.<\/p><p>Vous pouvez autoriser, bloquer ou supprimer les cookies install\u00e9s sur votre ordinateur en configurant les options du navigateur install\u00e9 sur votre ordinateur :<br>\u2022 Chrome\u2022 Explorer\u2022 Firefox\u2022 Safari<\/p><p>Si vous avez des questions sur cette politique de cookies, vous pouvez contacter Bomedia \u00e0 info@bomedia.net<\/p><div style=\"height:100px\" aria-hidden=\"true\" class=\"wp-block-spacer\"><\/div>","protected":false},"excerpt":{"rendered":"<p>Politique de protection des donn\u00e9es Bomedia SL Aux fins du respect des dispositions de la loi organique 15\/1999 du 13 d\u00e9cembre sur la protection des donn\u00e9es personnelles, vous \u00eates inform\u00e9 que les donn\u00e9es fournies par vous, y compris l&rsquo;adresse IP de l&rsquo;ordinateur \u00e0 partir duquel vous acc\u00e9dez, seront inclus dans un fichier propri\u00e9t\u00e9 de Boprint.net [&hellip;]<\/p>\n","protected":false},"author":1,"featured_media":0,"parent":0,"menu_order":0,"comment_status":"closed","ping_status":"closed","template":"","meta":{"inline_featured_image":false,"footnotes":""},"class_list":["post-3093","page","type-page","status-publish","hentry"],"rttpg_featured_image_url":null,"rttpg_author":{"display_name":"sl","author_link":"https:\/\/strange-williamson.213-165-80-63.plesk.page\/fr\/author\/crealogica\/"},"rttpg_comment":0,"rttpg_category":" <a href=\"https:\/\/strange-williamson.213-165-80-63.plesk.page\/fr\/?taxonomy=translation_priority&#038;term=facultatif\" rel=\"tag\">Facultatif<\/a>","rttpg_excerpt":"Politique de protection des donn\u00e9es Bomedia SL Aux fins du respect des dispositions de la loi organique 15\/1999 du 13 d\u00e9cembre sur la protection des donn\u00e9es personnelles, vous \u00eates inform\u00e9 que les donn\u00e9es fournies par vous, y compris l&rsquo;adresse IP de l&rsquo;ordinateur \u00e0 partir duquel vous acc\u00e9dez, seront inclus dans un fichier propri\u00e9t\u00e9 de Boprint.net\u2026","_links":{"self":[{"href":"https:\/\/strange-williamson.213-165-80-63.plesk.page\/fr\/wp-json\/wp\/v2\/pages\/3093","targetHints":{"allow":["GET"]}}],"collection":[{"href":"https:\/\/strange-williamson.213-165-80-63.plesk.page\/fr\/wp-json\/wp\/v2\/pages"}],"about":[{"href":"https:\/\/strange-williamson.213-165-80-63.plesk.page\/fr\/wp-json\/wp\/v2\/types\/page"}],"author":[{"embeddable":true,"href":"https:\/\/strange-williamson.213-165-80-63.plesk.page\/fr\/wp-json\/wp\/v2\/users\/1"}],"replies":[{"embeddable":true,"href":"https:\/\/strange-williamson.213-165-80-63.plesk.page\/fr\/wp-json\/wp\/v2\/comments?post=3093"}],"version-history":[{"count":0,"href":"https:\/\/strange-williamson.213-165-80-63.plesk.page\/fr\/wp-json\/wp\/v2\/pages\/3093\/revisions"}],"wp:attachment":[{"href":"https:\/\/strange-williamson.213-165-80-63.plesk.page\/fr\/wp-json\/wp\/v2\/media?parent=3093"}],"curies":[{"name":"wp","href":"https:\/\/api.w.org\/{rel}","templated":true}]}}