{"id":2498,"date":"2023-06-08T09:30:31","date_gmt":"2023-06-08T07:30:31","guid":{"rendered":"https:\/\/mbolasers.com\/product\/fiber-laser-co2-fr\/"},"modified":"2023-06-08T09:30:31","modified_gmt":"2023-06-08T07:30:31","slug":"fiber-laser-co2-fr","status":"publish","type":"product","link":"https:\/\/strange-williamson.213-165-80-63.plesk.page\/fr\/produit\/fiber-laser-co2-fr\/","title":{"rendered":"Laser FIBRE CO2 \u2013 MBO FIBRE CO2 FT"},"content":{"rendered":"<p>Le laser CO2 est un syst\u00e8me de marquage puissant qui utilise une longueur d&rsquo;onde infrarouge de 10,6 \u03bcm pour r\u00e9aliser des gravures pr\u00e9cises sur une grande vari\u00e9t\u00e9 de mat\u00e9riaux. Avec des options de puissance de 30 W, 40 W et 60 W, ce laser offre des performances polyvalentes pour les applications dans des secteurs tels que la publicit\u00e9, la signal\u00e9tique, la d\u00e9coration et bien plus encore. Sa conception comprend des servomoteurs sur tous les axes et une transmission de broche pour obtenir une plus grande pr\u00e9cision de marquage. De plus, il dispose d\u2019un syst\u00e8me de refroidissement par air pour maintenir un fonctionnement efficace. Disponible en mod\u00e8les ouverts et ferm\u00e9s, le laser CO2 est le choix id\u00e9al pour un marquage professionnel de haute qualit\u00e9.<\/p>\n<p>&nbsp;<\/p>\n<p>Caract\u00e9ristiques:<\/p>\n<ul>\n<li>Objectif de champ\u00a0: F-theta 110<em>\u00a0110\u00a0mm (en option\u00a0: 70<\/em>\u00a070\u00a0mm, 110<em>\u00a0110\u00a0mm, 150<\/em>\u00a0150\u00a0mm, 175<em>\u00a0175\u00a0mm, 200<\/em>\u00a0200\u00a0mm, 300\u00a0x\u00a0300\u00a0mm)<\/li>\n<li>T\u00eate Galvo\u00a0: SINO TECH RC1001\/Focuslaser FL7210<\/li>\n<li>Logiciel\u00a0: EZCAD2.14.11 d&rsquo;origine<\/li>\n<li>Alimentation: Ta\u00efwan Meanwell\/HF<\/li>\n<li>Puissance brute : 600W<\/li>\n<li>Tension : CA 110 V\/220 V 50\/60 Hz.<\/li>\n<li>Longueur d&rsquo;onde du laser\u00a0: 10\u00a0600\u00a0nm<\/li>\n<li>Pr\u00e9cision de r\u00e9p\u00e9tition\u00a0: \u00b10,003\u00a0mm<\/li>\n<li>Vitesse de gravure : \u22649000 mm\/s<\/li>\n<li>Largeur de ligne minimale\u00a0: 0,01\u00a0mm<\/li>\n<li>Taille des caract\u00e8res\u00a0: 0,5-110\u00a0mm<\/li>\n<li>Syst\u00e8me de refroidissement\u00a0: Refroidissement par air<\/li>\n<li>Longueur du c\u00e2ble : 3 m (en option : 5 m)<\/li>\n<li>Formats de fichiers pris en charge\u00a0: PLT, AI, DXF, BMP, JPG, etc.<\/li>\n<li>Poids net de la machine : 65 kg<\/li>\n<\/ul>\n<p>Options du produit\u00a0:<\/p>\n<ol>\n<li>FLCO30BA : 30W (Mod\u00e8le : DAVI\/FOCUSLASER personnalis\u00e9).<\/li>\n<li>FLCO40BA : 40W (Mod\u00e8le : DAVI\/FOCUSLASER personnalis\u00e9).<\/li>\n<li>FLCO60BA : 60W (Mod\u00e8le : FOCUSLASER personnalis\u00e9).<\/li>\n<\/ol>\n<p>Applications:<\/p>\n<ul>\n<li>Industrie de la publicit\u00e9 et de la signal\u00e9tique, \u00e9clairage, exposants, stands de foires, d\u00e9coration, d\u00e9coration, artisanat, cadeaux, etc.<\/li>\n<li>Largement utilis\u00e9 dans les industries du cuir, de l&rsquo;alimentation, des boissons, du tissu, de l&rsquo;\u00e9lectronique, des compteurs, des instruments de communication, de l&#8217;emballage et autres. Il peut \u00eatre combin\u00e9 avec une ligne de production pour le marquage en ligne.<\/li>\n<\/ul>\n<p>Mat\u00e9riaux applicables :<\/p>\n<ul>\n<li>La plupart des plastiques, bois, papier, verre, carton, piles, cuir, v\u00eatements, caoutchouc, c\u00e9ramique et autres mat\u00e9riaux non m\u00e9talliques, etc.<\/li>\n<\/ul>\n","protected":false},"excerpt":{"rendered":"<p>Le laser FIBRE CO2 est parfait pour un marquage pr\u00e9cis sur une large gamme de mat\u00e9riaux. Avec des puissances de 30W, 40W et 60W, il est polyvalent et est utilis\u00e9 en publicit\u00e9, signal\u00e9tique, d\u00e9coration et bien plus encore. Convient pour le plastique, le bois, le papier, le verre et la c\u00e9ramique. Marquage efficace et de qualit\u00e9 garanti !<\/p>\n","protected":false},"featured_media":34,"template":"","meta":{"inline_featured_image":false},"product_brand":[],"product_cat":[777],"product_tag":[],"class_list":{"0":"post-2498","1":"product","2":"type-product","3":"status-publish","4":"has-post-thumbnail","6":"product_cat-fiber-lasers-fr","8":"first","9":"instock","10":"featured","11":"taxable","12":"shipping-taxable","13":"purchasable","14":"product-type-variable"},"_links":{"self":[{"href":"https:\/\/strange-williamson.213-165-80-63.plesk.page\/fr\/wp-json\/wp\/v2\/product\/2498","targetHints":{"allow":["GET"]}}],"collection":[{"href":"https:\/\/strange-williamson.213-165-80-63.plesk.page\/fr\/wp-json\/wp\/v2\/product"}],"about":[{"href":"https:\/\/strange-williamson.213-165-80-63.plesk.page\/fr\/wp-json\/wp\/v2\/types\/product"}],"version-history":[{"count":0,"href":"https:\/\/strange-williamson.213-165-80-63.plesk.page\/fr\/wp-json\/wp\/v2\/product\/2498\/revisions"}],"wp:featuredmedia":[{"embeddable":true,"href":"https:\/\/strange-williamson.213-165-80-63.plesk.page\/fr\/wp-json\/wp\/v2\/media\/34"}],"wp:attachment":[{"href":"https:\/\/strange-williamson.213-165-80-63.plesk.page\/fr\/wp-json\/wp\/v2\/media?parent=2498"}],"wp:term":[{"taxonomy":"product_brand","embeddable":true,"href":"https:\/\/strange-williamson.213-165-80-63.plesk.page\/fr\/wp-json\/wp\/v2\/product_brand?post=2498"},{"taxonomy":"product_cat","embeddable":true,"href":"https:\/\/strange-williamson.213-165-80-63.plesk.page\/fr\/wp-json\/wp\/v2\/product_cat?post=2498"},{"taxonomy":"product_tag","embeddable":true,"href":"https:\/\/strange-williamson.213-165-80-63.plesk.page\/fr\/wp-json\/wp\/v2\/product_tag?post=2498"}],"curies":[{"name":"wp","href":"https:\/\/api.w.org\/{rel}","templated":true}]}}