{"id":2540,"date":"2023-06-08T10:19:53","date_gmt":"2023-06-08T08:19:53","guid":{"rendered":"https:\/\/mbolasers.com\/product\/mbo-fiber-laser-rt-fr\/"},"modified":"2024-02-01T10:31:18","modified_gmt":"2024-02-01T09:31:18","slug":"mbo-fiber-laser-rt-fr","status":"publish","type":"product","link":"https:\/\/strange-williamson.213-165-80-63.plesk.page\/fr\/produit\/mbo-fiber-laser-rt-fr\/","title":{"rendered":"MBO FIBER LASER RT &#8211; Laser fibre pour marquage"},"content":{"rendered":"<p>D\u00e9couvrez notre machine de marquage laser fibre innovante, un scanner laser de pointe qui se distingue par sa vitesse exceptionnelle, sa pr\u00e9cision millim\u00e9trique et ses performances stables in\u00e9gal\u00e9es. Con\u00e7ue avec une technologie avanc\u00e9e, cette machine est respectueuse de l&rsquo;environnement, a une consommation \u00e9lectrique efficace et dispose d&rsquo;un logiciel intuitif et facile \u00e0 utiliser.<\/p>\n<p>Fonctionnalit\u00e9s en vedette\u00a0:<\/p>\n<ul>\n<li>Puissance en W : Choisissez entre nos options 20 W et 30 W pour obtenir le niveau de puissance parfait pour vos besoins.<\/li>\n<li>Type de police : Choisissez parmi nos polices de pointe, Raycus et JPT, connues pour leur qualit\u00e9 et leur fiabilit\u00e9.<\/li>\n<li>MOPA : Profitez de la polyvalence de notre fonction MOPA (Master Oscillator Power Amplifier), qui permet un contr\u00f4le plus pr\u00e9cis et des possibilit\u00e9s de marquage \u00e9tendues.<\/li>\n<li>Mod\u00e8le\u00a0: Choisissez entre notre conception ferm\u00e9e, id\u00e9ale pour des applications sp\u00e9cifiques, ou notre mod\u00e8le ouvert, parfait pour les projets plus vastes et plus polyvalents.<\/li>\n<\/ul>\n<p>&nbsp;<\/p>\n<p>APPLICATIONS<\/p>\n<p>Applications possibles : cette machine de marquage laser \u00e0 fibre est parfaite pour une large gamme d&rsquo;applications, telles que le marquage permanent sur les plastiques, les m\u00e9taux et autres mat\u00e9riaux. Que ce soit dans le domaine de la publicit\u00e9, des cadeaux promotionnels, de l&rsquo;identification et du codage de pi\u00e8ces, de la bijouterie, de la bijouterie fantaisie ou de la petite signal\u00e9tique, notre machine offre rapidit\u00e9, productivit\u00e9 et un retour sur investissement in\u00e9gal\u00e9.<\/p>\n<p>MAT\u00c9RIAUX COMPATIBLES<\/p>\n<p>Mat\u00e9riaux\u00a0: vous pouvez marquer une vari\u00e9t\u00e9 de mat\u00e9riaux, notamment les m\u00e9taux, les plastiques, les mat\u00e9riaux de rev\u00eatement, le caoutchouc, la r\u00e9sine \u00e9poxy, la c\u00e9ramique, l&rsquo;ABS, le PVC, le PES, l&rsquo;acier, le titane, le cuivre et plus encore.<\/p>\n<p>Donn\u00e9es techniques suppl\u00e9mentaires :<\/p>\n<ul>\n<li>Objectif de terrain : Tailles disponibles de haute qualit\u00e9 : 110&#215;110 mm (en option : 70&#215;70 mm, 110&#215;110 mm, 150&#215;150 mm, 175&#215;175 mm, 200&#215;200 mm).<\/li>\n<li>T\u00eate galvanom\u00e9trique : Focuslaser FL7210.<\/li>\n<li>Logiciel : EZCAD2.14.11, reconnu pour sa facilit\u00e9 d&rsquo;utilisation et ses fonctionnalit\u00e9s avanc\u00e9es.<\/li>\n<li>Alimentation : Ta\u00efwan Meanwell\/HF.<\/li>\n<li>Tension compatible : AC 110 V\/220 V 50\/60 Hz.<\/li>\n<li>Longueur du c\u00e2ble : 3 m (en option : 5 m).<\/li>\n<li>Poids net de la machine : 22 kg.<\/li>\n<\/ul>\n<p>Ces composants et fonctionnalit\u00e9s suppl\u00e9mentaires garantissent des performances optimales et fiables dans notre machine de marquage laser \u00e0 fibre.<\/p>\n","protected":false},"excerpt":{"rendered":"<p>MBO FIBER LASER RT \u2013 Machine de marquage laser fibre haute vitesse<\/p>\n<ul>\n<li>Syst\u00e8me galvanom\u00e9trique \u00e0 grande vitesse pour un marquage rapide et pr\u00e9cis.<\/li>\n<li>La mise au point rapide garantit des r\u00e9sultats nets et clairs.<\/li>\n<li>Taille minimale du point inf\u00e9rieure \u00e0 0,02 mm, permettant la cr\u00e9ation de d\u00e9tails fins et pr\u00e9cis dans vos marquages.<\/li>\n<li>Syst\u00e8me scell\u00e9 sans entretien pour un fonctionnement sans tracas et une durabilit\u00e9 accrue.<\/li>\n<li>Faible consommation \u00e9lectrique, vous permettant d\u2019importantes \u00e9conomies sur les co\u00fbts \u00e9nerg\u00e9tiques.<\/li>\n<\/ul>\n","protected":false},"featured_media":52,"template":"","meta":{"inline_featured_image":false},"product_brand":[],"product_cat":[777],"product_tag":[],"class_list":{"0":"post-2540","1":"product","2":"type-product","3":"status-publish","4":"has-post-thumbnail","6":"product_cat-fiber-lasers-fr","8":"first","9":"instock","10":"featured","11":"taxable","12":"shipping-taxable","13":"purchasable","14":"product-type-variable"},"_links":{"self":[{"href":"https:\/\/strange-williamson.213-165-80-63.plesk.page\/fr\/wp-json\/wp\/v2\/product\/2540","targetHints":{"allow":["GET"]}}],"collection":[{"href":"https:\/\/strange-williamson.213-165-80-63.plesk.page\/fr\/wp-json\/wp\/v2\/product"}],"about":[{"href":"https:\/\/strange-williamson.213-165-80-63.plesk.page\/fr\/wp-json\/wp\/v2\/types\/product"}],"version-history":[{"count":0,"href":"https:\/\/strange-williamson.213-165-80-63.plesk.page\/fr\/wp-json\/wp\/v2\/product\/2540\/revisions"}],"wp:featuredmedia":[{"embeddable":true,"href":"https:\/\/strange-williamson.213-165-80-63.plesk.page\/fr\/wp-json\/wp\/v2\/media\/52"}],"wp:attachment":[{"href":"https:\/\/strange-williamson.213-165-80-63.plesk.page\/fr\/wp-json\/wp\/v2\/media?parent=2540"}],"wp:term":[{"taxonomy":"product_brand","embeddable":true,"href":"https:\/\/strange-williamson.213-165-80-63.plesk.page\/fr\/wp-json\/wp\/v2\/product_brand?post=2540"},{"taxonomy":"product_cat","embeddable":true,"href":"https:\/\/strange-williamson.213-165-80-63.plesk.page\/fr\/wp-json\/wp\/v2\/product_cat?post=2540"},{"taxonomy":"product_tag","embeddable":true,"href":"https:\/\/strange-williamson.213-165-80-63.plesk.page\/fr\/wp-json\/wp\/v2\/product_tag?post=2540"}],"curies":[{"name":"wp","href":"https:\/\/api.w.org\/{rel}","templated":true}]}}