{"id":2569,"date":"2023-06-13T10:45:36","date_gmt":"2023-06-13T08:45:36","guid":{"rendered":"https:\/\/mbolasers.com\/product\/mbo-fiber-uv-rt-fr\/"},"modified":"2023-06-13T10:45:36","modified_gmt":"2023-06-13T08:45:36","slug":"mbo-fiber-uv-rt-fr","status":"publish","type":"product","link":"https:\/\/strange-williamson.213-165-80-63.plesk.page\/fr\/produit\/mbo-fiber-uv-rt-fr\/","title":{"rendered":"MBO FIBRE UV RT &#8211; Laser \u00e0 fibre UV"},"content":{"rendered":"<p>Le laser \u00e0 fibre UV est l\u2019option de marquage qui permet de traiter le plus large spectre de mat\u00e9riaux. Il est compatible avec une vari\u00e9t\u00e9 de m\u00e9taux, de plastiques, de verre et m\u00eame de mat\u00e9riaux moins courants comme les fruits, le silicone et les m\u00e9taux pr\u00e9cieux. Avec des caract\u00e9ristiques exceptionnelles telles que sa capacit\u00e9 \u00e0 travailler avec pr\u00e9cision, \u00e0 \u00eatre respectueux des mat\u00e9riaux, \u00e0 avoir une longue dur\u00e9e de vie et \u00e0 ne n\u00e9cessiter aucun entretien, ce laser offre des performances exceptionnelles dans les applications de marquage.<\/p>\n<p>Fonctionnalit\u00e9s en vedette\u00a0:<\/p>\n<ul>\n<li>Objectif de champ\u00a0: F-theta 110<em>\u00a0110\u00a0mm (en option\u00a0: 70<\/em>\u00a070\u00a0mm, 110<em>\u00a0110\u00a0mm, 150<\/em>\u00a0150\u00a0mm, 175<em>\u00a0175\u00a0mm, 200<\/em>\u00a0200\u00a0mm, 300\u00a0x\u00a0300\u00a0mm).<\/li>\n<li>T\u00eate galvo : Focuslaser FL7210.<\/li>\n<li>Logiciel\u00a0:\u00a0EZCAD2.14.11 d&rsquo;origine.<\/li>\n<li>Alimentation : Ta\u00efwan Meanwell\/HF.<\/li>\n<li>Puissance brute : 600W.<\/li>\n<li>Tension : CA 110 V\/220 V 50\/60 Hz.<\/li>\n<li>Longueur d&rsquo;onde du laser : 355 nm.<\/li>\n<li>Pr\u00e9cision de r\u00e9p\u00e9tition : \u00b10,003 mm.<\/li>\n<li>Vitesse de gravure : \u22649000 mm\/s.<\/li>\n<li>Largeur de ligne minimale : 0,01 mm.<\/li>\n<li>Taille des caract\u00e8res : 0,5-110 mm.<\/li>\n<li>Syst\u00e8me de refroidissement : Refroidissement par air.<\/li>\n<li>Longueur du c\u00e2ble : 3 m (en option : 5 m).<\/li>\n<li>Formats de fichiers pris en charge\u00a0: PLT, AI, DXF, BMP, JPG, etc.<\/li>\n<li>Poids net de la machine : 40 kg.<\/li>\n<\/ul>\n<p>Applications possibles :<\/p>\n<p>Largement utilis\u00e9 dans les industries de l&#8217;emballage alimentaire \u00e0 haute teneur en polym\u00e8re, des appareils optiques, de la transformation du verre, des lunettes et des montres, des machines de pr\u00e9cision, de la c\u00e9ramique, des cl\u00e9s en plastique, des composants \u00e9lectroniques, des composants mobiles, des pi\u00e8ces automobiles, etc.<\/p>\n<p>&nbsp;<\/p>\n<p>Mat\u00e9riaux:<\/p>\n<p>Le laser UV est l\u2019option de marquage qui permet de traiter le plus large spectre de mat\u00e9riaux. Il est compatible avec une vari\u00e9t\u00e9 de m\u00e9taux (Aluminium Acier Magn\u00e9sium Zinc Titane), de plastiques (Nylon ABS PVC PES (Poly\u00e9thyl\u00e8ne T\u00e9r\u00e9phtalate)), de verre et m\u00eame de mat\u00e9riaux moins courants comme les fruits, le silicone et les m\u00e9taux pr\u00e9cieux (Cuivre Or Argent).<\/p>\n","protected":false},"excerpt":{"rendered":"<ul>\n<li>C&rsquo;est le laser qui couvre une plus large gamme de mat\u00e9riaux.<\/li>\n<li>Travail de pr\u00e9cision.<\/li>\n<li>Respectueux des mat\u00e9riaux.<\/li>\n<li>Longue dur\u00e9e de vie.<\/li>\n<li>Sans entretien.<\/li>\n<\/ul>\n","protected":false},"featured_media":154,"template":"","meta":{"inline_featured_image":false},"product_brand":[],"product_cat":[777],"product_tag":[],"class_list":{"0":"post-2569","1":"product","2":"type-product","3":"status-publish","4":"has-post-thumbnail","6":"product_cat-fiber-lasers-fr","8":"first","9":"instock","10":"featured","11":"taxable","12":"shipping-taxable","13":"purchasable","14":"product-type-variable"},"_links":{"self":[{"href":"https:\/\/strange-williamson.213-165-80-63.plesk.page\/fr\/wp-json\/wp\/v2\/product\/2569","targetHints":{"allow":["GET"]}}],"collection":[{"href":"https:\/\/strange-williamson.213-165-80-63.plesk.page\/fr\/wp-json\/wp\/v2\/product"}],"about":[{"href":"https:\/\/strange-williamson.213-165-80-63.plesk.page\/fr\/wp-json\/wp\/v2\/types\/product"}],"version-history":[{"count":0,"href":"https:\/\/strange-williamson.213-165-80-63.plesk.page\/fr\/wp-json\/wp\/v2\/product\/2569\/revisions"}],"wp:featuredmedia":[{"embeddable":true,"href":"https:\/\/strange-williamson.213-165-80-63.plesk.page\/fr\/wp-json\/wp\/v2\/media\/154"}],"wp:attachment":[{"href":"https:\/\/strange-williamson.213-165-80-63.plesk.page\/fr\/wp-json\/wp\/v2\/media?parent=2569"}],"wp:term":[{"taxonomy":"product_brand","embeddable":true,"href":"https:\/\/strange-williamson.213-165-80-63.plesk.page\/fr\/wp-json\/wp\/v2\/product_brand?post=2569"},{"taxonomy":"product_cat","embeddable":true,"href":"https:\/\/strange-williamson.213-165-80-63.plesk.page\/fr\/wp-json\/wp\/v2\/product_cat?post=2569"},{"taxonomy":"product_tag","embeddable":true,"href":"https:\/\/strange-williamson.213-165-80-63.plesk.page\/fr\/wp-json\/wp\/v2\/product_tag?post=2569"}],"curies":[{"name":"wp","href":"https:\/\/api.w.org\/{rel}","templated":true}]}}