{"id":2603,"date":"2023-06-13T16:24:09","date_gmt":"2023-06-13T14:24:09","guid":{"rendered":"https:\/\/mbolasers.com\/product\/mbo-fiber-uv-ft-fr\/"},"modified":"2023-06-13T16:24:09","modified_gmt":"2023-06-13T14:24:09","slug":"mbo-fiber-uv-ft-fr","status":"publish","type":"product","link":"https:\/\/strange-williamson.213-165-80-63.plesk.page\/fr\/produit\/mbo-fiber-uv-ft-fr\/","title":{"rendered":"MBO FIBER UV FT- Laser \u00e0 fibre UV avec autofocus"},"content":{"rendered":"<p>Laser \u00e0 fibre UV Le laser UV est une excellente option pour marquer une large gamme de mat\u00e9riaux. Il est compatible avec les m\u00e9taux, les plastiques, le verre et m\u00eame les mat\u00e9riaux moins courants comme les fruits, le silicone et les m\u00e9taux pr\u00e9cieux.<\/p>\n<p>Applications possibles :<\/p>\n<p>Largement utilis\u00e9 dans les industries de l&#8217;emballage alimentaire \u00e0 haute teneur en polym\u00e8re, des appareils optiques, de la transformation du verre, des lunettes et des montres, des machines de pr\u00e9cision, de la c\u00e9ramique, des cl\u00e9s en plastique, des composants \u00e9lectroniques, des composants mobiles, des pi\u00e8ces automobiles, etc.<\/p>\n<p>&nbsp;<\/p>\n<p>Mat\u00e9riaux:<\/p>\n<p>Le laser UV est l\u2019option de marquage qui permet de traiter le plus large spectre de mat\u00e9riaux. Il est compatible avec une vari\u00e9t\u00e9 de m\u00e9taux (Aluminium Acier Magn\u00e9sium Zinc Titane), de plastiques (Nylon ABS PVC PES (Poly\u00e9thyl\u00e8ne T\u00e9r\u00e9phtalate)), de verre et m\u00eame de mat\u00e9riaux moins courants comme les fruits, le silicone et les m\u00e9taux pr\u00e9cieux (Cuivre Or Argent).<\/p>\n<p>Caract\u00e9ristiques:<\/p>\n<ul>\n<li>Le port obligatoire de lunettes de s\u00e9curit\u00e9 homologu\u00e9es est requis.<\/li>\n<li>Objectif de champ : F-theta 110&#215;110 mm (En option : 70&#215;70 mm, 110&#215;110 mm, 150&#215;150 mm, 175&#215;175 mm, 200&#215;200 mm, 300&#215;300 mm).<\/li>\n<li>T\u00eate Galvo\u00a0: SINO TECH RC1001\/Focuslaser FL7210.<\/li>\n<li>Logiciel\u00a0:\u00a0EZCAD2.14.11 d&rsquo;origine.<\/li>\n<li>Alimentation : Ta\u00efwan Meanwell\/HF.<\/li>\n<li>Taux de r\u00e9p\u00e9tition des impulsions : 20-100 KHZ.<\/li>\n<li>Puissance brute : 600W.<\/li>\n<li>Tension : CA 110 V\/220 V 50\/60 Hz.<\/li>\n<li>Longueur d&rsquo;onde du laser : 355 nm.<\/li>\n<li>Pr\u00e9cision de r\u00e9p\u00e9tition : \u00b10,003 mm.<\/li>\n<li>Vitesse de gravure : \u22649000 mm\/s.<\/li>\n<li>Largeur de ligne minimale : 0,01 mm.<\/li>\n<li>Taille des caract\u00e8res : 0,5-110 mm.<\/li>\n<li>Syst\u00e8me de refroidissement : Refroidissement liquide.<\/li>\n<li>Longueur du c\u00e2ble : 3 m (en option : 5 m).<\/li>\n<li>Formats de fichiers pris en charge\u00a0: PLT, AI, DXF, BMP, JPG, etc.<\/li>\n<li>Poids net de la machine : 120 kg.<\/li>\n<\/ul>\n<p>Inclus avec la machine :<\/p>\n<ul>\n<li>Garantie 12 mois.<\/li>\n<li>Rel\u00e2chement de la p\u00e9dale.<\/li>\n<li>Lunettes de protection.<\/li>\n<li>Jeu de cl\u00e9s Allen.<\/li>\n<li>PC.<\/li>\n<li>Cable USB.<\/li>\n<li>R\u00e8gle de 50 mm.<\/li>\n<li>Cartes de test en aluminium.<\/li>\n<li>2 barres de positionnement.<\/li>\n<\/ul>\n<p>Mod\u00e8le : Ouvert ou ferm\u00e9.<\/p>\n<p>Options du produit\u00a0:<\/p>\n<ol>\n<li>MBOUV3WA : 3W (Mod\u00e8le : MBO LASER personnalis\u00e9, Ouvert).<\/li>\n<li>MBOUV3WC : 3W (Mod\u00e8le : MBO LASER personnalis\u00e9, Ferm\u00e9).<\/li>\n<li>MBOUV5WA : 5W (Mod\u00e8le : MBO LASER personnalis\u00e9, Ouvert).<\/li>\n<li>MBOUV5WC : 5W (Mod\u00e8le : MBO LASER personnalis\u00e9, Ferm\u00e9).<\/li>\n<li>MBOUV10WA : 10W (Mod\u00e8le : MBO LASER personnalis\u00e9, Ouvert).<\/li>\n<li>MBOUV10WC : 10W (Mod\u00e8le : MBO LASER personnalis\u00e9, Ferm\u00e9).<\/li>\n<\/ol>\n","protected":false},"excerpt":{"rendered":"<ul>\n<li>Large gamme de mat\u00e9riaux compatibles.<\/li>\n<li>Travail de pr\u00e9cision.<\/li>\n<li>Respectueux des mat\u00e9riaux.<\/li>\n<li>Longue dur\u00e9e de vie.<\/li>\n<li>Sans entretien<\/li>\n<\/ul>\n","protected":false},"featured_media":170,"template":"","meta":{"inline_featured_image":false},"product_brand":[],"product_cat":[777],"product_tag":[],"class_list":{"0":"post-2603","1":"product","2":"type-product","3":"status-publish","4":"has-post-thumbnail","6":"product_cat-fiber-lasers-fr","8":"first","9":"instock","10":"featured","11":"taxable","12":"shipping-taxable","13":"purchasable","14":"product-type-variable"},"_links":{"self":[{"href":"https:\/\/strange-williamson.213-165-80-63.plesk.page\/fr\/wp-json\/wp\/v2\/product\/2603","targetHints":{"allow":["GET"]}}],"collection":[{"href":"https:\/\/strange-williamson.213-165-80-63.plesk.page\/fr\/wp-json\/wp\/v2\/product"}],"about":[{"href":"https:\/\/strange-williamson.213-165-80-63.plesk.page\/fr\/wp-json\/wp\/v2\/types\/product"}],"version-history":[{"count":0,"href":"https:\/\/strange-williamson.213-165-80-63.plesk.page\/fr\/wp-json\/wp\/v2\/product\/2603\/revisions"}],"wp:featuredmedia":[{"embeddable":true,"href":"https:\/\/strange-williamson.213-165-80-63.plesk.page\/fr\/wp-json\/wp\/v2\/media\/170"}],"wp:attachment":[{"href":"https:\/\/strange-williamson.213-165-80-63.plesk.page\/fr\/wp-json\/wp\/v2\/media?parent=2603"}],"wp:term":[{"taxonomy":"product_brand","embeddable":true,"href":"https:\/\/strange-williamson.213-165-80-63.plesk.page\/fr\/wp-json\/wp\/v2\/product_brand?post=2603"},{"taxonomy":"product_cat","embeddable":true,"href":"https:\/\/strange-williamson.213-165-80-63.plesk.page\/fr\/wp-json\/wp\/v2\/product_cat?post=2603"},{"taxonomy":"product_tag","embeddable":true,"href":"https:\/\/strange-williamson.213-165-80-63.plesk.page\/fr\/wp-json\/wp\/v2\/product_tag?post=2603"}],"curies":[{"name":"wp","href":"https:\/\/api.w.org\/{rel}","templated":true}]}}