{"id":2678,"date":"2023-06-14T12:38:53","date_gmt":"2023-06-14T10:38:53","guid":{"rendered":"https:\/\/mbolasers.com\/product\/mbo-fiber-laser-ft-fr\/"},"modified":"2023-06-14T12:38:53","modified_gmt":"2023-06-14T10:38:53","slug":"mbo-fiber-laser-ft-fr","status":"publish","type":"product","link":"https:\/\/strange-williamson.213-165-80-63.plesk.page\/fr\/produit\/mbo-fiber-laser-ft-fr\/","title":{"rendered":"MBO FIBER LASER FT &#8211; Machine de gravure laser \u00e0 fibre de haute pr\u00e9cision"},"content":{"rendered":"<p>D\u00e9couvrez notre machine de gravure laser \u00e0 fibre avanc\u00e9e, con\u00e7ue pour offrir une pr\u00e9cision extr\u00eame et des performances stables exceptionnelles. Dot\u00e9e de caract\u00e9ristiques techniques de pointe, cette machine garantit des r\u00e9sultats de gravure de haute qualit\u00e9 sur une grande vari\u00e9t\u00e9 de mat\u00e9riaux.<\/p>\n<p>Fonctionnalit\u00e9s en vedette\u00a0:<\/p>\n<ul>\n<li>Objectif F-th\u00eata : choisissez parmi une vari\u00e9t\u00e9 de tailles d&rsquo;objectif, y compris 110 x 110 mm (en option : 70 x 70 mm, 110 x 110 mm, 150 x 150 mm, 175 x 175 mm, 200 x 200 mm, 300 x 300 mm) pour r\u00e9pondre \u00e0 vos besoins de gravure sp\u00e9cifiques.<\/li>\n<li>T\u00eate galvanom\u00e9trique : Obtenez des performances de gravure optimales gr\u00e2ce \u00e0 la t\u00eate galvanom\u00e9trique de haute qualit\u00e9.<\/li>\n<li>Logiciel EZCAD2.14.11\u00a0: contr\u00f4lez et personnalisez vos conceptions de gravure de mani\u00e8re intuitive avec un logiciel facile \u00e0 utiliser.<\/li>\n<li>Alimentation : comptez sur l&rsquo;alimentation Taiwan Meanwell\/HF pour un fonctionnement fiable et stable.<\/li>\n<li>Puissance brute : 600W.<\/li>\n<li>Tension : CA 110 V\/220 V 50\/60 Hz.<\/li>\n<li>Longueur d&rsquo;onde du laser : 1064 nm.<\/li>\n<li>Pr\u00e9cision de r\u00e9p\u00e9tition : \u00b10,003 mm.<\/li>\n<li>Vitesse de gravure : \u22649000 mm\/s.<\/li>\n<li>Largeur de ligne minimale : 0,01 mm.<\/li>\n<li>Taille des caract\u00e8res : 0,5-110 mm.<\/li>\n<li>Syst\u00e8me de refroidissement : Refroidissement par air.<\/li>\n<li>Longueur du c\u00e2ble : 3 m (en option : 5 m).<\/li>\n<li>Poids net de la machine : 45 kg (20 W-60 W), 65 kg (70-120 W).<\/li>\n<\/ul>\n<p>&nbsp;<\/p>\n<p>APPLICATIONS<\/p>\n<p>Applications possibles : cette machine de marquage laser \u00e0 fibre est parfaite pour une large gamme d&rsquo;applications, telles que le marquage permanent sur les plastiques, les m\u00e9taux et autres mat\u00e9riaux. Que ce soit dans le domaine de la publicit\u00e9, des cadeaux promotionnels, de l&rsquo;identification et du codage de pi\u00e8ces, de la bijouterie, de la bijouterie fantaisie ou de la petite signal\u00e9tique, notre machine offre rapidit\u00e9, productivit\u00e9 et un retour sur investissement in\u00e9gal\u00e9.<\/p>\n<p>MAT\u00c9RIAUX COMPATIBLES<\/p>\n<p>Mat\u00e9riaux\u00a0: vous pouvez marquer une vari\u00e9t\u00e9 de mat\u00e9riaux, notamment les m\u00e9taux, les plastiques, les mat\u00e9riaux de rev\u00eatement, le caoutchouc, la r\u00e9sine \u00e9poxy, la c\u00e9ramique, l&rsquo;ABS, le PVC, le PES, l&rsquo;acier, le titane, le cuivre et plus encore.<\/p>\n<p>Options du produit\u00a0:<\/p>\n<ul>\n<li>Raycus 20W (Mod\u00e8le : RFL-P20QS)<\/li>\n<li>Raycus 30W (Mod\u00e8le : RFL-P30QS)<\/li>\n<li>Raycus 50W (Mod\u00e8le\u00a0: RFL-P50QB)<\/li>\n<li>Raycus 60W (Mod\u00e8le : RFL-P60QB)<\/li>\n<li>Raycus 70W (Mod\u00e8le : RFL-P70QA)<\/li>\n<li>Raycus 100W (Mod\u00e8le\u00a0: RFL-P100QA)<\/li>\n<li>JPT MOPA 20W (Mod\u00e8le\u00a0: YDFLPC-20-M7-S)<\/li>\n<li>JPT MOPA 30W (Mod\u00e8le\u00a0: YDFLPC-30-M7-S)<\/li>\n<li>JPT MOPA 60W (Mod\u00e8le\u00a0: YDFLP-60-M7-L1-R<\/li>\n<li>JPT MOPA 80W (Mod\u00e8le\u00a0: YDFLP-80-M7-L1-R)<\/li>\n<li>JPT MOPA 100W (Mod\u00e8le\u00a0: YDFLP-100-M8-L1-R)<\/li>\n<li>JPT MOPA 120W (Mod\u00e8le\u00a0: YDFLP-120-M7-L1-R)<\/li>\n<\/ul>\n<p>Ces options de produits vous permettent de choisir la puissance et le mod\u00e8le laser adapt\u00e9s \u00e0 vos besoins sp\u00e9cifiques.<\/p>\n<p>Nous esp\u00e9rons que notre machine de gravure laser fibre de haute pr\u00e9cision sera la solution parfaite pour vos projets de gravure sur une large gamme de mat\u00e9riaux. Gr\u00e2ce \u00e0 ses performances exceptionnelles, sa pr\u00e9cision extr\u00eame et sa facilit\u00e9 d&rsquo;utilisation, vous pouvez obtenir des r\u00e9sultats professionnels et durables. Obtenez la plus haute qualit\u00e9 de gravure avec notre machine de gravure laser fibre !<\/p>\n","protected":false},"excerpt":{"rendered":"<ul>\n<li>Lentille F-theta de haute qualit\u00e9 pour une gravure pr\u00e9cise.<\/li>\n<li>T\u00eate galvanom\u00e9trique pour des performances optimales.<\/li>\n<li>Logiciel EZCAD2.14.11 pour un contr\u00f4le intuitif.<\/li>\n<li>Alimentation Taiwan Meanwell\/HF pour un fonctionnement fiable.<\/li>\n<li>Syst\u00e8me de refroidissement par air pour un fonctionnement efficace.<\/li>\n<\/ul>\n","protected":false},"featured_media":690,"template":"","meta":{"inline_featured_image":false},"product_brand":[],"product_cat":[777],"product_tag":[],"class_list":{"0":"post-2678","1":"product","2":"type-product","3":"status-publish","4":"has-post-thumbnail","6":"product_cat-fiber-lasers-fr","8":"first","9":"instock","10":"featured","11":"taxable","12":"shipping-taxable","13":"purchasable","14":"product-type-variable"},"_links":{"self":[{"href":"https:\/\/strange-williamson.213-165-80-63.plesk.page\/fr\/wp-json\/wp\/v2\/product\/2678","targetHints":{"allow":["GET"]}}],"collection":[{"href":"https:\/\/strange-williamson.213-165-80-63.plesk.page\/fr\/wp-json\/wp\/v2\/product"}],"about":[{"href":"https:\/\/strange-williamson.213-165-80-63.plesk.page\/fr\/wp-json\/wp\/v2\/types\/product"}],"version-history":[{"count":0,"href":"https:\/\/strange-williamson.213-165-80-63.plesk.page\/fr\/wp-json\/wp\/v2\/product\/2678\/revisions"}],"wp:featuredmedia":[{"embeddable":true,"href":"https:\/\/strange-williamson.213-165-80-63.plesk.page\/fr\/wp-json\/wp\/v2\/media\/690"}],"wp:attachment":[{"href":"https:\/\/strange-williamson.213-165-80-63.plesk.page\/fr\/wp-json\/wp\/v2\/media?parent=2678"}],"wp:term":[{"taxonomy":"product_brand","embeddable":true,"href":"https:\/\/strange-williamson.213-165-80-63.plesk.page\/fr\/wp-json\/wp\/v2\/product_brand?post=2678"},{"taxonomy":"product_cat","embeddable":true,"href":"https:\/\/strange-williamson.213-165-80-63.plesk.page\/fr\/wp-json\/wp\/v2\/product_cat?post=2678"},{"taxonomy":"product_tag","embeddable":true,"href":"https:\/\/strange-williamson.213-165-80-63.plesk.page\/fr\/wp-json\/wp\/v2\/product_tag?post=2678"}],"curies":[{"name":"wp","href":"https:\/\/api.w.org\/{rel}","templated":true}]}}