{"id":2755,"date":"2023-07-25T09:56:48","date_gmt":"2023-07-25T07:56:48","guid":{"rendered":"https:\/\/mbolasers.com\/product\/mbo-metal-cut-1015-3015-fr\/"},"modified":"2023-07-25T09:56:48","modified_gmt":"2023-07-25T07:56:48","slug":"mbo-metal-cut-1015-3015-fr","status":"publish","type":"product","link":"https:\/\/strange-williamson.213-165-80-63.plesk.page\/fr\/produit\/mbo-metal-cut-1015-3015-fr\/","title":{"rendered":"MBO Metal Cut 1015 et 3015"},"content":{"rendered":"<p><strong>Fonctionnalit\u00e9s en vedette\u00a0:<\/strong><\/p>\n<ol>\n<li><strong>Coupes de haute pr\u00e9cision : <\/strong>La s\u00e9rie MBO Metal Cut vous offre une pr\u00e9cision de coupe exceptionnelle, gr\u00e2ce \u00e0 son syst\u00e8me de positionnement et de repositionnement avec une tol\u00e9rance de seulement 0,03 mm et 0,02 mm respectivement. Vos pi\u00e8ces seront parfaites \u00e0 chaque coupe\u00a0!<\/li>\n<li><strong>Vitesse surprenante : <\/strong>Avec des vitesses de liaison allant jusqu&rsquo;\u00e0 100 m\/min (mod\u00e8le MBO MC 3015), vous gagnerez du temps et augmenterez la productivit\u00e9 de votre atelier. R\u00e9alisez vos projets plus rapidement que jamais\u00a0!<\/li>\n<li><strong>Structure robuste : <\/strong>la structure solide en fonte \u00e0 haute teneur en carbone offre une plus grande r\u00e9sistance \u00e0 la traction et \u00e0 la compression, garantissant une longue dur\u00e9e de vie et une durabilit\u00e9 \u00e0 la machine.<\/li>\n<li><strong>Porte verticale automatis\u00e9e : <\/strong>La porte verticale \u00e0 ouverture automatis\u00e9e optimise non seulement l&rsquo;espace de travail, mais am\u00e9liore \u00e9galement la s\u00e9curit\u00e9 de l&rsquo;op\u00e9rateur, offrant une exp\u00e9rience utilisateur plus confortable et plus s\u00fbre.<\/li>\n<li><strong>\u00c9cran tactile HD de 21,5 pouces : <\/strong>Avec un \u00e9cran tactile haute d\u00e9finition de 21,5 pouces, contr\u00f4ler votre MBO Metal Cut sera plus facile et plus clair que jamais. Vous aurez tout le pouvoir de contr\u00f4le entre vos mains.<\/li>\n<li><strong>Assistance \u00e0 distance WIFI\u00a0: <\/strong>gardez votre machine en pleine performance gr\u00e2ce \u00e0 l&rsquo;assistance \u00e0 distance via WIFI. Recevez une analyse en temps r\u00e9el des dysfonctionnements et un d\u00e9pannage pour \u00e9viter les interruptions de votre production.<\/li>\n<\/ol>\n<p><strong>Lib\u00e9rez votre potentiel avec MBO Metal Cut\u00a0!<\/strong><\/p>\n<p>Que vous travailliez avec des mat\u00e9riaux en acier au carbone, en acier inoxydable, en aluminium, en laiton ou en alliage m\u00e9tallique, la s\u00e9rie MBO Metal Cut vous offrira les coupes pr\u00e9cises et rapides dont vous avez besoin pour vous d\u00e9marquer dans votre industrie. Ne perdez plus de temps avec du mat\u00e9riel de mauvaise qualit\u00e9, il est temps d&rsquo;augmenter votre production et de d\u00e9passer vos objectifs avec MBO Metal Cut ! Puissante, fiable et simple \u00e0 utiliser, cette machine de d\u00e9coupe laser vous \u00e9tonnera \u00e0 chaque \u00e9tape.<\/p>\n<p><strong>Obtenez votre MBO Metal Cut 1015 ou 3015 aujourd&rsquo;hui et d\u00e9couvrez la puissance de la d\u00e9coupe laser du m\u00e9tal\u00a0!<\/strong><\/p>\n","protected":false},"excerpt":{"rendered":"<p>D\u00e9couvrez les MBO Metal Cut 1015 et 3015 : des d\u00e9coupes laser m\u00e9tal port\u00e9es \u00e0 la puissance maximale !<\/p>\n<p>Si vous recherchez l&rsquo;excellence dans la d\u00e9coupe laser des m\u00e9taux, la s\u00e9rie MBO Metal Cut est l&rsquo;option parfaite pour obtenir des r\u00e9sultats extraordinaires dans vos projets de fabrication et de conception ! Avec une technologie de pointe et des fonctionnalit\u00e9s innovantes, les MBO MC 1015 et MC 3015 porteront vos capacit\u00e9s de coupe \u00e0 un nouveau niveau.<\/p>\n","protected":false},"featured_media":2019,"template":"","meta":{"inline_featured_image":false},"product_brand":[],"product_cat":[772],"product_tag":[],"class_list":{"0":"post-2755","1":"product","2":"type-product","3":"status-publish","4":"has-post-thumbnail","6":"product_cat-fiber-cut-fr","8":"first","9":"instock","10":"featured","11":"taxable","12":"shipping-taxable","13":"purchasable","14":"product-type-variable"},"_links":{"self":[{"href":"https:\/\/strange-williamson.213-165-80-63.plesk.page\/fr\/wp-json\/wp\/v2\/product\/2755","targetHints":{"allow":["GET"]}}],"collection":[{"href":"https:\/\/strange-williamson.213-165-80-63.plesk.page\/fr\/wp-json\/wp\/v2\/product"}],"about":[{"href":"https:\/\/strange-williamson.213-165-80-63.plesk.page\/fr\/wp-json\/wp\/v2\/types\/product"}],"version-history":[{"count":0,"href":"https:\/\/strange-williamson.213-165-80-63.plesk.page\/fr\/wp-json\/wp\/v2\/product\/2755\/revisions"}],"wp:featuredmedia":[{"embeddable":true,"href":"https:\/\/strange-williamson.213-165-80-63.plesk.page\/fr\/wp-json\/wp\/v2\/media\/2019"}],"wp:attachment":[{"href":"https:\/\/strange-williamson.213-165-80-63.plesk.page\/fr\/wp-json\/wp\/v2\/media?parent=2755"}],"wp:term":[{"taxonomy":"product_brand","embeddable":true,"href":"https:\/\/strange-williamson.213-165-80-63.plesk.page\/fr\/wp-json\/wp\/v2\/product_brand?post=2755"},{"taxonomy":"product_cat","embeddable":true,"href":"https:\/\/strange-williamson.213-165-80-63.plesk.page\/fr\/wp-json\/wp\/v2\/product_cat?post=2755"},{"taxonomy":"product_tag","embeddable":true,"href":"https:\/\/strange-williamson.213-165-80-63.plesk.page\/fr\/wp-json\/wp\/v2\/product_tag?post=2755"}],"curies":[{"name":"wp","href":"https:\/\/api.w.org\/{rel}","templated":true}]}}