{"id":2781,"date":"2023-07-25T10:42:14","date_gmt":"2023-07-25T08:42:14","guid":{"rendered":"https:\/\/mbolasers.com\/product\/laser-1390-mbo-plotter-co2-fr\/"},"modified":"2024-02-01T11:08:05","modified_gmt":"2024-02-01T10:08:05","slug":"laser-1390-mbo-plotter-co2-fr","status":"publish","type":"product","link":"https:\/\/strange-williamson.213-165-80-63.plesk.page\/fr\/produit\/laser-1390-mbo-plotter-co2-fr\/","title":{"rendered":"Traceur 1390 MBO laser CO2 \u2013 D\u00e9coupez, gravez et matricez avec pr\u00e9cision"},"content":{"rendered":"\t\t<div data-elementor-type=\"wp-post\" data-elementor-id=\"2781\" class=\"elementor elementor-2781 elementor-1977\">\n\t\t\t\t\t\t<section class=\"elementor-section elementor-top-section elementor-element elementor-element-247956d4 elementor-section-boxed elementor-section-height-default elementor-section-height-default\" data-id=\"247956d4\" data-element_type=\"section\" data-e-type=\"section\">\n\t\t\t\t\t\t<div class=\"elementor-container elementor-column-gap-default\">\n\t\t\t\t\t<div class=\"elementor-column elementor-col-100 elementor-top-column elementor-element elementor-element-21dc6c4e\" data-id=\"21dc6c4e\" data-element_type=\"column\" data-e-type=\"column\">\n\t\t\t<div class=\"elementor-widget-wrap elementor-element-populated\">\n\t\t\t\t\t\t<div class=\"elementor-element elementor-element-490d567b elementor-widget elementor-widget-text-editor\" data-id=\"490d567b\" data-element_type=\"widget\" data-e-type=\"widget\" data-widget_type=\"text-editor.default\">\n\t\t\t\t<div class=\"elementor-widget-container\">\n\t\t\t\t\t\t\t\t\t<p><strong>Avantages pr\u00e9sent\u00e9s\u00a0:<\/strong><\/p>\n<ol>\n<li><strong>Performance sup\u00e9rieure : <\/strong>avec une zone de travail \u00e9largie et une puissance am\u00e9lior\u00e9e par rapport \u00e0 notre mod\u00e8le MBO1390, cette machine laser CO2 vous offre des performances exceptionnelles. Coupe, meurt et grave facilement les mat\u00e9riaux organiques.<\/li>\n<li><strong>Compatibilit\u00e9 avec vos programmes pr\u00e9f\u00e9r\u00e9s : <\/strong>Concevez sans limites gr\u00e2ce \u00e0 la compatibilit\u00e9 avec les principaux programmes de conception, tels que CorelDraw, Photoshop et AutoCAD. Boostez votre cr\u00e9ativit\u00e9 et mat\u00e9rialisez vos id\u00e9es avec pr\u00e9cision.<\/li>\n<li><strong>Contr\u00f4le DSP avanc\u00e9 : <\/strong>le contr\u00f4le continu des courbes et la fonction de trajectoire optimis\u00e9e vous permettent d&rsquo;augmenter la productivit\u00e9 et d&rsquo;obtenir des r\u00e9sultats professionnels sur chaque projet.<\/li>\n<li><strong>Pr\u00e9-visualisation facile\u00a0: <\/strong>v\u00e9rifiez que votre conception s&rsquo;adapte au mat\u00e9riau gr\u00e2ce \u00e0 la fonction de pr\u00e9visualisation avant d&rsquo;ex\u00e9cuter le travail, garantissant ainsi une utilisation efficace de vos mat\u00e9riaux.<\/li>\n<li><strong>Grande vari\u00e9t\u00e9 de mat\u00e9riaux : <\/strong>grave et d\u00e9coupe facilement divers mat\u00e9riaux, notamment le bois, l&rsquo;acrylique, les tissus, les m\u00e9taux laqu\u00e9s et les plastiques \u00e0 deux couches.<\/li>\n<\/ol>\n<p><strong>Applications illimit\u00e9es\u00a0:<\/strong><\/p>\n<p>Avec le Plotter 1390, vos possibilit\u00e9s sont infinies. De l\u2019industrie de la publicit\u00e9 et de la signal\u00e9tique \u00e0 la d\u00e9coration et \u00e0 l\u2019am\u00e9nagement int\u00e9rieur, tout est possible ! Exp\u00e9rimentez avec divers mat\u00e9riaux, tels que l&rsquo;acrylique, le bois, le m\u00e9thacrylate, les textiles, le cuir, le caoutchouc, le plastique et bien plus encore. Cr\u00e9ez des luminaires, des pr\u00e9sentoirs, des stands de foire, et donnez une touche artisanale et personnalis\u00e9e \u00e0 vos cadeaux.<\/p>\n<p>Si vous recherchez une machine laser qui \u00e9l\u00e8ve votre cr\u00e9ativit\u00e9 \u00e0 un autre niveau et vous donne des r\u00e9sultats professionnels, le Laser MBO Plotter 1390 est votre choix parfait. Tirez le meilleur parti de vos projets avec ce puissant outil de gravure et de d\u00e9coupe\u00a0!<\/p>\n\t\t\t\t\t\t\t\t<\/div>\n\t\t\t\t<\/div>\n\t\t\t\t\t<\/div>\n\t\t<\/div>\n\t\t\t\t\t<\/div>\n\t\t<\/section>\n\t\t\t\t<\/div>\n\t\t","protected":false},"excerpt":{"rendered":"<p>D\u00e9couvrez la polyvalence du syst\u00e8me laser CO2 de notre Plotter 1390 ! Cette puissante machine laser est la solution parfaite pour vos besoins de gravure et de d\u00e9coupe. Sa technologie avanc\u00e9e DSP (Digital Signal Processing) contr\u00f4le les courbes continues et optimise le parcours, garantissant une productivit\u00e9 in\u00e9gal\u00e9e. De plus, il \u00e9galise automatiquement la puissance du laser tout au long de l&rsquo;op\u00e9ration pour obtenir des coupes parfaites dans n&rsquo;importe quelle g\u00e9om\u00e9trie. En un seul clic, votre design prend vie sur la machine.<\/p>\n","protected":false},"featured_media":1953,"template":"","meta":{"inline_featured_image":false},"product_brand":[],"product_cat":[767],"product_tag":[],"class_list":{"0":"post-2781","1":"product","2":"type-product","3":"status-publish","4":"has-post-thumbnail","6":"product_cat-co2-fr","8":"first","9":"instock","10":"featured","11":"taxable","12":"shipping-taxable","13":"purchasable","14":"product-type-simple"},"_links":{"self":[{"href":"https:\/\/strange-williamson.213-165-80-63.plesk.page\/fr\/wp-json\/wp\/v2\/product\/2781","targetHints":{"allow":["GET"]}}],"collection":[{"href":"https:\/\/strange-williamson.213-165-80-63.plesk.page\/fr\/wp-json\/wp\/v2\/product"}],"about":[{"href":"https:\/\/strange-williamson.213-165-80-63.plesk.page\/fr\/wp-json\/wp\/v2\/types\/product"}],"version-history":[{"count":0,"href":"https:\/\/strange-williamson.213-165-80-63.plesk.page\/fr\/wp-json\/wp\/v2\/product\/2781\/revisions"}],"wp:featuredmedia":[{"embeddable":true,"href":"https:\/\/strange-williamson.213-165-80-63.plesk.page\/fr\/wp-json\/wp\/v2\/media\/1953"}],"wp:attachment":[{"href":"https:\/\/strange-williamson.213-165-80-63.plesk.page\/fr\/wp-json\/wp\/v2\/media?parent=2781"}],"wp:term":[{"taxonomy":"product_brand","embeddable":true,"href":"https:\/\/strange-williamson.213-165-80-63.plesk.page\/fr\/wp-json\/wp\/v2\/product_brand?post=2781"},{"taxonomy":"product_cat","embeddable":true,"href":"https:\/\/strange-williamson.213-165-80-63.plesk.page\/fr\/wp-json\/wp\/v2\/product_cat?post=2781"},{"taxonomy":"product_tag","embeddable":true,"href":"https:\/\/strange-williamson.213-165-80-63.plesk.page\/fr\/wp-json\/wp\/v2\/product_tag?post=2781"}],"curies":[{"name":"wp","href":"https:\/\/api.w.org\/{rel}","templated":true}]}}