{"id":2443,"date":"2023-06-14T08:23:06","date_gmt":"2023-06-14T06:23:06","guid":{"rendered":"https:\/\/mbolasers.com\/blog\/"},"modified":"2024-01-30T09:29:37","modified_gmt":"2024-01-30T08:29:37","slug":"blog","status":"publish","type":"page","link":"https:\/\/strange-williamson.213-165-80-63.plesk.page\/nl\/blog\/","title":{"rendered":"Blog"},"content":{"rendered":"\t\t<div data-elementor-type=\"wp-page\" data-elementor-id=\"2443\" class=\"elementor elementor-2443 elementor-323\">\n\t\t\t\t\t\t<section class=\"elementor-section elementor-top-section elementor-element elementor-element-06cefea elementor-section-stretched elementor-section-boxed elementor-section-height-default elementor-section-height-default\" data-id=\"06cefea\" data-element_type=\"section\" data-e-type=\"section\" id=\"aquisi\" data-settings=\"{&quot;stretch_section&quot;:&quot;section-stretched&quot;,&quot;shape_divider_top&quot;:&quot;mountains&quot;,&quot;shape_divider_bottom&quot;:&quot;mountains&quot;}\">\n\t\t\t\t\t\t\t<div class=\"elementor-background-overlay\"><\/div>\n\t\t\t\t\t\t<div class=\"elementor-shape elementor-shape-top\" aria-hidden=\"true\" data-negative=\"false\">\n\t\t\t<svg xmlns=\"http:\/\/www.w3.org\/2000\/svg\" viewBox=\"0 0 1000 100\" preserveAspectRatio=\"none\">\n\t<path class=\"elementor-shape-fill\" opacity=\"0.33\" d=\"M473,67.3c-203.9,88.3-263.1-34-320.3,0C66,119.1,0,59.7,0,59.7V0h1000v59.7 c0,0-62.1,26.1-94.9,29.3c-32.8,3.3-62.8-12.3-75.8-22.1C806,49.6,745.3,8.7,694.9,4.7S492.4,59,473,67.3z\"\/>\n\t<path class=\"elementor-shape-fill\" opacity=\"0.66\" d=\"M734,67.3c-45.5,0-77.2-23.2-129.1-39.1c-28.6-8.7-150.3-10.1-254,39.1 s-91.7-34.4-149.2,0C115.7,118.3,0,39.8,0,39.8V0h1000v36.5c0,0-28.2-18.5-92.1-18.5C810.2,18.1,775.7,67.3,734,67.3z\"\/>\n\t<path class=\"elementor-shape-fill\" d=\"M766.1,28.9c-200-57.5-266,65.5-395.1,19.5C242,1.8,242,5.4,184.8,20.6C128,35.8,132.3,44.9,89.9,52.5C28.6,63.7,0,0,0,0 h1000c0,0-9.9,40.9-83.6,48.1S829.6,47,766.1,28.9z\"\/>\n<\/svg>\t\t<\/div>\n\t\t\t\t<div class=\"elementor-shape elementor-shape-bottom\" aria-hidden=\"true\" data-negative=\"false\">\n\t\t\t<svg xmlns=\"http:\/\/www.w3.org\/2000\/svg\" viewBox=\"0 0 1000 100\" preserveAspectRatio=\"none\">\n\t<path class=\"elementor-shape-fill\" opacity=\"0.33\" d=\"M473,67.3c-203.9,88.3-263.1-34-320.3,0C66,119.1,0,59.7,0,59.7V0h1000v59.7 c0,0-62.1,26.1-94.9,29.3c-32.8,3.3-62.8-12.3-75.8-22.1C806,49.6,745.3,8.7,694.9,4.7S492.4,59,473,67.3z\"\/>\n\t<path class=\"elementor-shape-fill\" opacity=\"0.66\" d=\"M734,67.3c-45.5,0-77.2-23.2-129.1-39.1c-28.6-8.7-150.3-10.1-254,39.1 s-91.7-34.4-149.2,0C115.7,118.3,0,39.8,0,39.8V0h1000v36.5c0,0-28.2-18.5-92.1-18.5C810.2,18.1,775.7,67.3,734,67.3z\"\/>\n\t<path class=\"elementor-shape-fill\" d=\"M766.1,28.9c-200-57.5-266,65.5-395.1,19.5C242,1.8,242,5.4,184.8,20.6C128,35.8,132.3,44.9,89.9,52.5C28.6,63.7,0,0,0,0 h1000c0,0-9.9,40.9-83.6,48.1S829.6,47,766.1,28.9z\"\/>\n<\/svg>\t\t<\/div>\n\t\t\t\t\t<div class=\"elementor-container elementor-column-gap-default\">\n\t\t\t\t\t<div class=\"elementor-column elementor-col-100 elementor-top-column elementor-element elementor-element-3298ffe\" data-id=\"3298ffe\" data-element_type=\"column\" data-e-type=\"column\">\n\t\t\t<div class=\"elementor-widget-wrap elementor-element-populated\">\n\t\t\t\t\t\t<div class=\"elementor-element elementor-element-f6616ed elementor-widget elementor-widget-heading\" data-id=\"f6616ed\" data-element_type=\"widget\" data-e-type=\"widget\" data-widget_type=\"heading.default\">\n\t\t\t\t<div class=\"elementor-widget-container\">\n\t\t\t\t\t<h1 class=\"elementor-heading-title elementor-size-default\">Blog<\/h1>\t\t\t\t<\/div>\n\t\t\t\t<\/div>\n\t\t\t\t<div class=\"elementor-element elementor-element-b4de5d5 elementor-widget elementor-widget-heading\" data-id=\"b4de5d5\" data-element_type=\"widget\" data-e-type=\"widget\" data-widget_type=\"heading.default\">\n\t\t\t\t<div class=\"elementor-widget-container\">\n\t\t\t\t\t<h2 class=\"elementor-heading-title elementor-size-default\">De geheimen van lasertechnologie onthuld: innovaties, technieken en toepassingen in graveren en snijden.<\/h2>\t\t\t\t<\/div>\n\t\t\t\t<\/div>\n\t\t\t\t\t<\/div>\n\t\t<\/div>\n\t\t\t\t\t<\/div>\n\t\t<\/section>\n\t\t\t\t<section class=\"elementor-section elementor-top-section elementor-element elementor-element-87c4701 elementor-section-boxed elementor-section-height-default elementor-section-height-default\" data-id=\"87c4701\" data-element_type=\"section\" data-e-type=\"section\">\n\t\t\t\t\t\t<div class=\"elementor-container elementor-column-gap-default\">\n\t\t\t\t\t<div class=\"elementor-column elementor-col-100 elementor-top-column elementor-element elementor-element-891b3d2\" data-id=\"891b3d2\" data-element_type=\"column\" data-e-type=\"column\">\n\t\t\t<div class=\"elementor-widget-wrap elementor-element-populated\">\n\t\t\t\t\t\t<div class=\"elementor-element elementor-element-f93fa1e meta-visibility-show title_position_default title_hover_border_default title-default img_hover_animation_default meta_position_default tpg-category-position-default grid-hover-overlay-type-always tpg-el-box-border-enable tpg-border-bottom-disable elementor-widget elementor-widget-tpg-grid-layout\" data-id=\"f93fa1e\" data-element_type=\"widget\" data-e-type=\"widget\" data-widget_type=\"tpg-grid-layout.default\">\n\t\t\t\t<div class=\"elementor-widget-container\">\n\t\t\t\t\t\t\t<div class=\"rt-container-fluid rt-tpg-container tpg-el-main-wrapper clearfix grid-layout1-main \"\n\t\t\t id=\"rt-tpg-container-318390180\"\n\t\t\t data-layout=\"grid-layout1\"\n\t\t\t data-grid-style=\"tpg-full-height\"\n\t\t\t data-sc-id=\"elementor\"\n\t\t\t data-el-settings=''\n\t\t\t data-el-query=''\n\t\t\t data-el-path=''\n\t\t>\n\t\t\t\t\t\t\t<div id=\"bottom-script-loader\" class=\"bottom-script-loader\">\n\t\t\t\t\t<div class=\"rt-ball-clip-rotate\">\n\t\t\t\t\t\t<div><\/div>\n\t\t\t\t\t<\/div>\n\t\t\t\t<\/div>\n\t\t\t\t\t\t\t<div class='tpg-header-wrapper '>\n\t\t\t\t\t\t\t<\/div>\n\n\t\t\t<div data-title=\"Loading ...\" class=\"rt-row rt-content-loader grid-layout1 grid-behaviour tpg-full-height grid_layout_wrapper\">\n\t\t\t\t<div class=\"rt-col-md-4 rt-col-sm-6 rt-col-xs-12 default rt-grid-item post-2445 post type-post status-publish format-standard has-post-thumbnail hentry category-toepassingen-en-succesverhalen\"        data-id=\"2445\">\n    <div class=\"rt-holder tpg-post-holder \">\n        <div class=\"rt-detail rt-el-content-wrapper\">\n\t\t\t                <div class=\"rt-img-holder tpg-el-image-wrap has-thumbnail\">\n\t\t\t\t\t<a data-id=\"2445\" href=\"https:\/\/strange-williamson.213-165-80-63.plesk.page\/nl\/toepassingen-en-succesverhalen-van-geavanceerde-productietechnologieen-co2-lasersnijden-en-graveren-markeren-met-fiberlasers-cnc-frezen-en-metaalsnijden-met-fiberlasers\/\" class=\"tpg-post-link\" target=\"_self\">                        <img fetchpriority=\"high\" decoding=\"async\" src=\"https:\/\/strange-williamson.213-165-80-63.plesk.page\/wp-content\/uploads\/2023\/06\/laser-cut-co2-768x511.jpeg\"\n                             class=\"rt-img-responsive\"\n                             width=\"768\"\n                             height=\"511\"\n                             alt=\"Toepassingen en succesverhalen van geavanceerde productietechnologie\u00ebn: CO2-lasersnijden en -graveren, markeren met fiberlasers, CNC-frezen en metaalsnijden met fiberlasers\">\n\t\t\t\t\t\t\n\t\t\t\t\t\t\t\n\t\t<\/a>\n\t\t        <div class=\"overlay grid-hover-content\"><\/div>\n\t\t                <\/div>\n\t\t\t\n\t\t\t<div class=\"entry-title-wrapper\"><h2 class=\"entry-title\"><a data-id=\"2445\" href=\"https:\/\/strange-williamson.213-165-80-63.plesk.page\/nl\/toepassingen-en-succesverhalen-van-geavanceerde-productietechnologieen-co2-lasersnijden-en-graveren-markeren-met-fiberlasers-cnc-frezen-en-metaalsnijden-met-fiberlasers\/\" class=\"tpg-post-link\" target=\"_self\">Toepassingen en succesverhalen van geavanceerde productietechnologie\u00ebn: CO2-lasersnijden en -graveren, markeren met fiberlasers, CNC-frezen en metaalsnijden met fiberlasers<\/a><\/h2><\/div>\n\t\t\t                <div class=\"post-meta-tags rt-el-post-meta\">\n\t\t\t\t\t            <span class='categories-links'>\n\t\t\t\t<i class='fas fa-folder-open '><\/i><a class=\"toepassingen-en-succesverhalen\" href=\"https:\/\/strange-williamson.213-165-80-63.plesk.page\/nl\/categorie\/toepassingen-en-succesverhalen\/\">Toepassingen en Succesverhalen<\/a>\t\t\t<\/span>\n\t\t\t                <\/div>\n\t\t\t\n\n\t\t\t                <div class=\"tpg-excerpt tpg-el-excerpt\">\n\t\t\t\t\t                        <div class=\"tpg-excerpt-inner\">\n\t\t\t\t\t\t\tIn de productiewereld transformeren geavanceerde technologie\u00ebn zoals CO2-lasersnijden en -graveren, fiberlasermarkering, CNC-frezen en fiberlasermetaalsnijden de manier waarop producten in...                        <\/div>\n\t\t\t\t\t\t\t\t\t\t                <\/div>\n\t\t\t\n\t\t\t        <\/div>\n    <\/div>\n<\/div>\n<div class=\"rt-col-md-4 rt-col-sm-6 rt-col-xs-12 default rt-grid-item post-2447 post type-post status-publish format-standard has-post-thumbnail hentry category-technologie\"        data-id=\"2447\">\n    <div class=\"rt-holder tpg-post-holder \">\n        <div class=\"rt-detail rt-el-content-wrapper\">\n\t\t\t                <div class=\"rt-img-holder tpg-el-image-wrap has-thumbnail\">\n\t\t\t\t\t<a data-id=\"2447\" href=\"https:\/\/strange-williamson.213-165-80-63.plesk.page\/nl\/precisie-onder-de-knie-cnc-freesmachines-voor-geavanceerde-productie\/\" class=\"tpg-post-link\" target=\"_self\">                        <img decoding=\"async\" src=\"https:\/\/strange-williamson.213-165-80-63.plesk.page\/wp-content\/uploads\/2023\/12\/mbo-cnc-768x512.jpeg\"\n                             class=\"rt-img-responsive\"\n                             width=\"768\"\n                             height=\"512\"\n                             alt=\"Precisie onder de knie: CNC-freesmachines voor geavanceerde productie\">\n\t\t\t\t\t\t\n\t\t\t\t\t\t\t\n\t\t<\/a>\n\t\t        <div class=\"overlay grid-hover-content\"><\/div>\n\t\t                <\/div>\n\t\t\t\n\t\t\t<div class=\"entry-title-wrapper\"><h2 class=\"entry-title\"><a data-id=\"2447\" href=\"https:\/\/strange-williamson.213-165-80-63.plesk.page\/nl\/precisie-onder-de-knie-cnc-freesmachines-voor-geavanceerde-productie\/\" class=\"tpg-post-link\" target=\"_self\">Precisie onder de knie: CNC-freesmachines voor geavanceerde productie<\/a><\/h2><\/div>\n\t\t\t                <div class=\"post-meta-tags rt-el-post-meta\">\n\t\t\t\t\t            <span class='categories-links'>\n\t\t\t\t<i class='fas fa-folder-open '><\/i><a class=\"technologie\" href=\"https:\/\/strange-williamson.213-165-80-63.plesk.page\/nl\/categorie\/technologie\/\">Technologie<\/a>\t\t\t<\/span>\n\t\t\t                <\/div>\n\t\t\t\n\n\t\t\t                <div class=\"tpg-excerpt tpg-el-excerpt\">\n\t\t\t\t\t                        <div class=\"tpg-excerpt-inner\">\n\t\t\t\t\t\t\tIn de wereld van productie en bewerking hebben CNC-freesmachines een revolutie teweeggebracht in de manier waarop onderdelen en componenten met ongekende precisie en effici\u00ebntie worden geproduceerd...                        <\/div>\n\t\t\t\t\t\t\t\t\t\t                <\/div>\n\t\t\t\n\t\t\t        <\/div>\n    <\/div>\n<\/div>\n<div class=\"rt-col-md-4 rt-col-sm-6 rt-col-xs-12 default rt-grid-item post-2449 post type-post status-publish format-standard has-post-thumbnail hentry category-technologie\"        data-id=\"2449\">\n    <div class=\"rt-holder tpg-post-holder \">\n        <div class=\"rt-detail rt-el-content-wrapper\">\n\t\t\t                <div class=\"rt-img-holder tpg-el-image-wrap has-thumbnail\">\n\t\t\t\t\t<a data-id=\"2449\" href=\"https:\/\/strange-williamson.213-165-80-63.plesk.page\/nl\/metaalsnijden-met-fiberlaser-een-revolutie-in-de-verspanende-industrie\/\" class=\"tpg-post-link\" target=\"_self\">                        <img decoding=\"async\" src=\"https:\/\/strange-williamson.213-165-80-63.plesk.page\/wp-content\/uploads\/2023\/06\/metal-laser-cut-1d-768x505.jpg\"\n                             class=\"rt-img-responsive\"\n                             width=\"768\"\n                             height=\"505\"\n                             alt=\"Metaalsnijden met fiberlaser: een revolutie in de verspanende industrie\">\n\t\t\t\t\t\t\n\t\t\t\t\t\t\t\n\t\t<\/a>\n\t\t        <div class=\"overlay grid-hover-content\"><\/div>\n\t\t                <\/div>\n\t\t\t\n\t\t\t<div class=\"entry-title-wrapper\"><h2 class=\"entry-title\"><a data-id=\"2449\" href=\"https:\/\/strange-williamson.213-165-80-63.plesk.page\/nl\/metaalsnijden-met-fiberlaser-een-revolutie-in-de-verspanende-industrie\/\" class=\"tpg-post-link\" target=\"_self\">Metaalsnijden met fiberlaser: een revolutie in de verspanende industrie<\/a><\/h2><\/div>\n\t\t\t                <div class=\"post-meta-tags rt-el-post-meta\">\n\t\t\t\t\t            <span class='categories-links'>\n\t\t\t\t<i class='fas fa-folder-open '><\/i><a class=\"technologie\" href=\"https:\/\/strange-williamson.213-165-80-63.plesk.page\/nl\/categorie\/technologie\/\">Technologie<\/a>\t\t\t<\/span>\n\t\t\t                <\/div>\n\t\t\t\n\n\t\t\t                <div class=\"tpg-excerpt tpg-el-excerpt\">\n\t\t\t\t\t                        <div class=\"tpg-excerpt-inner\">\n\t\t\t\t\t\t\tMetaalsnijden is een essentieel proces in de verspanende industrie en wordt gebruikt in een breed scala aan toepassingen, van de automobielindustrie tot de vliegtuigbouw...                        <\/div>\n\t\t\t\t\t\t\t\t\t\t                <\/div>\n\t\t\t\n\t\t\t        <\/div>\n    <\/div>\n<\/div>\n<div class=\"rt-col-md-4 rt-col-sm-6 rt-col-xs-12 default rt-grid-item post-2451 post type-post status-publish format-standard has-post-thumbnail hentry category-technologie\"        data-id=\"2451\">\n    <div class=\"rt-holder tpg-post-holder \">\n        <div class=\"rt-detail rt-el-content-wrapper\">\n\t\t\t                <div class=\"rt-img-holder tpg-el-image-wrap has-thumbnail\">\n\t\t\t\t\t<a data-id=\"2451\" href=\"https:\/\/strange-williamson.213-165-80-63.plesk.page\/nl\/ontdek-de-fascinerende-wereld-van-co2-lasersnijden-en-graveren\/\" class=\"tpg-post-link\" target=\"_self\">                        <img loading=\"lazy\" decoding=\"async\" src=\"https:\/\/strange-williamson.213-165-80-63.plesk.page\/wp-content\/uploads\/2023\/12\/co2-laser-cut-768x512.jpeg\"\n                             class=\"rt-img-responsive\"\n                             width=\"768\"\n                             height=\"512\"\n                             alt=\"Ontdek de fascinerende wereld van CO2-lasersnijden en graveren\">\n\t\t\t\t\t\t\n\t\t\t\t\t\t\t\n\t\t<\/a>\n\t\t        <div class=\"overlay grid-hover-content\"><\/div>\n\t\t                <\/div>\n\t\t\t\n\t\t\t<div class=\"entry-title-wrapper\"><h2 class=\"entry-title\"><a data-id=\"2451\" href=\"https:\/\/strange-williamson.213-165-80-63.plesk.page\/nl\/ontdek-de-fascinerende-wereld-van-co2-lasersnijden-en-graveren\/\" class=\"tpg-post-link\" target=\"_self\">Ontdek de fascinerende wereld van CO2-lasersnijden en graveren<\/a><\/h2><\/div>\n\t\t\t                <div class=\"post-meta-tags rt-el-post-meta\">\n\t\t\t\t\t            <span class='categories-links'>\n\t\t\t\t<i class='fas fa-folder-open '><\/i><a class=\"technologie\" href=\"https:\/\/strange-williamson.213-165-80-63.plesk.page\/nl\/categorie\/technologie\/\">Technologie<\/a>\t\t\t<\/span>\n\t\t\t                <\/div>\n\t\t\t\n\n\t\t\t                <div class=\"tpg-excerpt tpg-el-excerpt\">\n\t\t\t\t\t                        <div class=\"tpg-excerpt-inner\">\n\t\t\t\t\t\t\tCO2-lasersnijden en -graveren heeft een revolutie teweeggebracht in de ontwerp- en personalisatie-industrie...                        <\/div>\n\t\t\t\t\t\t\t\t\t\t                <\/div>\n\t\t\t\n\t\t\t        <\/div>\n    <\/div>\n<\/div>\n<div class=\"rt-col-md-4 rt-col-sm-6 rt-col-xs-12 default rt-grid-item post-2453 post type-post status-publish format-standard has-post-thumbnail hentry category-technologie\"        data-id=\"2453\">\n    <div class=\"rt-holder tpg-post-holder \">\n        <div class=\"rt-detail rt-el-content-wrapper\">\n\t\t\t                <div class=\"rt-img-holder tpg-el-image-wrap has-thumbnail\">\n\t\t\t\t\t<a data-id=\"2453\" href=\"https:\/\/strange-williamson.213-165-80-63.plesk.page\/nl\/beheers-de-kunst-van-fiberlasermarkeren-precisie-en-veelzijdigheid-in-een-enkel-gereedschap\/\" class=\"tpg-post-link\" target=\"_self\">                        <img loading=\"lazy\" decoding=\"async\" src=\"https:\/\/strange-williamson.213-165-80-63.plesk.page\/wp-content\/uploads\/2023\/06\/mbo-fiber-laser-3-1-768x512.jpeg\"\n                             class=\"rt-img-responsive\"\n                             width=\"768\"\n                             height=\"512\"\n                             alt=\"Beheers de kunst van fiberlasermarkeren: precisie en veelzijdigheid in \u00e9\u00e9n enkel gereedschap\">\n\t\t\t\t\t\t\n\t\t\t\t\t\t\t\n\t\t<\/a>\n\t\t        <div class=\"overlay grid-hover-content\"><\/div>\n\t\t                <\/div>\n\t\t\t\n\t\t\t<div class=\"entry-title-wrapper\"><h2 class=\"entry-title\"><a data-id=\"2453\" href=\"https:\/\/strange-williamson.213-165-80-63.plesk.page\/nl\/beheers-de-kunst-van-fiberlasermarkeren-precisie-en-veelzijdigheid-in-een-enkel-gereedschap\/\" class=\"tpg-post-link\" target=\"_self\">Beheers de kunst van fiberlasermarkeren: precisie en veelzijdigheid in \u00e9\u00e9n enkel gereedschap<\/a><\/h2><\/div>\n\t\t\t                <div class=\"post-meta-tags rt-el-post-meta\">\n\t\t\t\t\t            <span class='categories-links'>\n\t\t\t\t<i class='fas fa-folder-open '><\/i><a class=\"technologie\" href=\"https:\/\/strange-williamson.213-165-80-63.plesk.page\/nl\/categorie\/technologie\/\">Technologie<\/a>\t\t\t<\/span>\n\t\t\t                <\/div>\n\t\t\t\n\n\t\t\t                <div class=\"tpg-excerpt tpg-el-excerpt\">\n\t\t\t\t\t                        <div class=\"tpg-excerpt-inner\">\n\t\t\t\t\t\t\tIn de opwindende wereld van de industrie en productie heeft lasertechnologie bewezen een van de meest veelzijdige en effici\u00ebnte hulpmiddelen te zijn...                        <\/div>\n\t\t\t\t\t\t\t\t\t\t                <\/div>\n\t\t\t\n\t\t\t        <\/div>\n    <\/div>\n<\/div>\n\t\t\t<\/div>\n\t\t\t\n\t\t<\/div>\n\t\t\t\t\t\t<\/div>\n\t\t\t\t<\/div>\n\t\t\t\t\t<\/div>\n\t\t<\/div>\n\t\t\t\t\t<\/div>\n\t\t<\/section>\n\t\t\t\t<\/div>\n\t\t","protected":false},"excerpt":{"rendered":"<p>Blog De geheimen van lasertechnologie onthuld: innovaties, technieken en toepassingen in graveren en snijden. Aplicaciones y casos de \u00e9xito de tecnolog\u00edas de fabricaci\u00f3n avanzadas: corte y grabado l\u00e1ser CO2, marcado con l\u00e1seres de fibra, fresado CNC y corte de metales con l\u00e1seres de fibra Aplicaciones y Casos de \u00e9xito En el mundo de la fabricaci\u00f3n, [&hellip;]<\/p>\n","protected":false},"author":1,"featured_media":0,"parent":0,"menu_order":0,"comment_status":"closed","ping_status":"closed","template":"page-templates\/pagebuilder.php","meta":{"inline_featured_image":false,"footnotes":""},"class_list":["post-2443","page","type-page","status-publish","hentry"],"rttpg_featured_image_url":null,"rttpg_author":{"display_name":"sl","author_link":"https:\/\/strange-williamson.213-165-80-63.plesk.page\/nl\/author\/crealogica\/"},"rttpg_comment":0,"rttpg_category":"","rttpg_excerpt":"Blog De geheimen van lasertechnologie onthuld: innovaties, technieken en toepassingen in graveren en snijden. Aplicaciones y casos de \u00e9xito de tecnolog\u00edas de fabricaci\u00f3n avanzadas: corte y grabado l\u00e1ser CO2, marcado con l\u00e1seres de fibra, fresado CNC y corte de metales con l\u00e1seres de fibra Aplicaciones y Casos de \u00e9xito En el mundo de la fabricaci\u00f3n,&hellip;","_links":{"self":[{"href":"https:\/\/strange-williamson.213-165-80-63.plesk.page\/nl\/wp-json\/wp\/v2\/pages\/2443","targetHints":{"allow":["GET"]}}],"collection":[{"href":"https:\/\/strange-williamson.213-165-80-63.plesk.page\/nl\/wp-json\/wp\/v2\/pages"}],"about":[{"href":"https:\/\/strange-williamson.213-165-80-63.plesk.page\/nl\/wp-json\/wp\/v2\/types\/page"}],"author":[{"embeddable":true,"href":"https:\/\/strange-williamson.213-165-80-63.plesk.page\/nl\/wp-json\/wp\/v2\/users\/1"}],"replies":[{"embeddable":true,"href":"https:\/\/strange-williamson.213-165-80-63.plesk.page\/nl\/wp-json\/wp\/v2\/comments?post=2443"}],"version-history":[{"count":0,"href":"https:\/\/strange-williamson.213-165-80-63.plesk.page\/nl\/wp-json\/wp\/v2\/pages\/2443\/revisions"}],"wp:attachment":[{"href":"https:\/\/strange-williamson.213-165-80-63.plesk.page\/nl\/wp-json\/wp\/v2\/media?parent=2443"}],"curies":[{"name":"wp","href":"https:\/\/api.w.org\/{rel}","templated":true}]}}